{"id":6100,"date":"2023-05-22T17:29:44","date_gmt":"2023-05-22T15:29:44","guid":{"rendered":"https:\/\/cglem.org\/geschichte\/"},"modified":"2023-11-23T15:15:39","modified_gmt":"2023-11-23T14:15:39","slug":"geschichte","status":"publish","type":"page","link":"https:\/\/cglem.org\/de\/geschichte\/","title":{"rendered":"Geschichte"},"content":{"rendered":"\t\t<div data-elementor-type=\"wp-page\" data-elementor-id=\"6100\" class=\"elementor elementor-6100 elementor-1324\" data-elementor-post-type=\"page\">\n\t\t\t\t<div class=\"elementor-element elementor-element-05b334a animated-slow e-flex e-con-boxed elementor-invisible e-con e-parent\" data-id=\"05b334a\" data-element_type=\"container\" data-e-type=\"container\" data-settings=\"{&quot;background_background&quot;:&quot;classic&quot;,&quot;shape_divider_bottom&quot;:&quot;triangle&quot;,&quot;shape_divider_bottom_negative&quot;:&quot;yes&quot;,&quot;animation&quot;:&quot;fadeIn&quot;,&quot;animation_delay&quot;:0}\">\n\t\t\t\t\t<div class=\"e-con-inner\">\n\t\t\t\t<div class=\"elementor-shape elementor-shape-bottom\" aria-hidden=\"true\" data-negative=\"true\">\n\t\t\t<svg xmlns=\"http:\/\/www.w3.org\/2000\/svg\" viewBox=\"0 0 1000 100\" preserveAspectRatio=\"none\">\n\t<path class=\"elementor-shape-fill\" d=\"M500.2,94.7L0,0v100h1000V0L500.2,94.7z\"\/>\n<\/svg>\t\t<\/div>\n\t\t\t\t<div class=\"elementor-element elementor-element-ce4e6fe elementor-widget elementor-widget-image\" data-id=\"ce4e6fe\" data-element_type=\"widget\" data-e-type=\"widget\" data-widget_type=\"image.default\">\n\t\t\t\t<div class=\"elementor-widget-container\">\n\t\t\t\t\t\t\t\t\t\t\t\t\t\t\t<img decoding=\"async\" width=\"100\" height=\"95\" src=\"https:\/\/cglem.org\/wp-content\/uploads\/2023\/05\/Winkelmass_Zirkel_weiss-klein.png\" class=\"attachment-large size-large wp-image-1252\" alt=\"\" \/>\t\t\t\t\t\t\t\t\t\t\t\t\t\t\t<\/div>\n\t\t\t\t<\/div>\n\t\t\t\t<div class=\"elementor-element elementor-element-47b1d8a elementor-widget elementor-widget-text-editor\" data-id=\"47b1d8a\" data-element_type=\"widget\" data-e-type=\"widget\" data-widget_type=\"text-editor.default\">\n\t\t\t\t<div class=\"elementor-widget-container\">\n\t\t\t\t\t\t\t\t\t<p>C\u2234G\u2234L\u2234E\u2234M\u2234<\/p>\n<h1>Unsere Geschichte<\/h1>\n\t\t\t\t\t\t\t\t<\/div>\n\t\t\t\t<\/div>\n\t\t\t\t\t<\/div>\n\t\t\t\t<\/div>\n\t\t<div class=\"elementor-element elementor-element-9514f98 animated-slow e-flex e-con-boxed elementor-invisible e-con e-parent\" data-id=\"9514f98\" data-element_type=\"container\" data-e-type=\"container\" data-settings=\"{&quot;animation&quot;:&quot;fadeIn&quot;}\">\n\t\t\t\t\t<div class=\"e-con-inner\">\n\t\t\t\t<div class=\"elementor-element elementor-element-1804cc6 elementor-widget elementor-widget-text-editor\" data-id=\"1804cc6\" data-element_type=\"widget\" data-e-type=\"widget\" data-widget_type=\"text-editor.default\">\n\t\t\t\t<div class=\"elementor-widget-container\">\n\t\t\t\t\t\t\t\t\t<h2 style=\"text-align: center;\">Die Freimaurerei in ihrem Ursprung bewahren<\/h2>\n<p>Die Geschichte der Konf\u00f6deration der &#8222;Vereinigten Gro\u00dflogen von Europa und dem Mittelmeerraum&#8220; beginnt zu Beginn des neuen Jahrtausends. Begr\u00fcndet wurde die Entstehung mit dem Bed\u00fcrfnis, den freimaurerischen Grundgedanken zu verbessern und einer R\u00fcckbesinnung auf die Orientierungspunkte, die damals in vielen Ob\u00f6dienzen einem starken Einfluss von kommerzieller Seite ausgesetzt waren. Viele Freimaurer wollten dieser Art der Logenarbeit, die von Politik und Machteinfluss bestimmt war, nicht mehr folgen. An vielen Stellen gab es einen Ausgang oder eine Neuausrichtung, es schien notwendig, ein neues Dach zu bauen.<\/p>\n<p>Die Bewahrung der urspr\u00fcnglichen Form der Freimaurerei und ihre behutsame Anpassung an die aktuellen Erfordernisse unserer Zeit f\u00fchrte schlie\u00dflich zur Gr\u00fcndung der &#8222;Konf\u00f6deration der Gro\u00dflogen des Mittelmeerraums und S\u00fcdeuropas&#8220; im Jahr 2003. Die Satzung des neuen Dachverbands CGLMES wurde schlie\u00dflich 2006 in Lissabon ratifiziert. Bald wurden neue L\u00e4nder integriert und es wurde schnell klar, dass auch in anderen Teilen Europas und des Mittelmeerraums das Bed\u00fcrfnis bestand, der Freimaurerei ihr urspr\u00fcngliches Gesicht zur\u00fcckzugeben, mit kleinen Anpassungen, die eine Verbindung mit unserem modernen Leben erm\u00f6glichen.<\/p>\n<p>Rund f\u00fcnf Jahre nach der Gr\u00fcndung der Konf\u00f6deration wurde es notwendig, das \u00e4u\u00dfere Erscheinungsbild den aktuellen Erfordernissen anzupassen, was zu der Bezeichnung &#8222;Konf\u00f6deration Europa und Mittelmeerraum&#8220;, kurz CGLEM, f\u00fchrte. <\/p>\n\t\t\t\t\t\t\t\t<\/div>\n\t\t\t\t<\/div>\n\t\t\t\t\t<\/div>\n\t\t\t\t<\/div>\n\t\t<div class=\"elementor-element elementor-element-c2499a3 animated-slow e-flex e-con-boxed elementor-invisible e-con e-parent\" data-id=\"c2499a3\" data-element_type=\"container\" data-e-type=\"container\" data-settings=\"{&quot;motion_fx_motion_fx_mouse&quot;:&quot;yes&quot;,&quot;animation_mobile&quot;:&quot;fadeIn&quot;,&quot;animation&quot;:&quot;fadeIn&quot;}\">\n\t\t\t\t\t<div class=\"e-con-inner\">\n\t\t\t\t<div class=\"elementor-element elementor-element-5458903 elementor-widget elementor-widget-text-editor\" data-id=\"5458903\" data-element_type=\"widget\" data-e-type=\"widget\" data-widget_type=\"text-editor.default\">\n\t\t\t\t<div class=\"elementor-widget-container\">\n\t\t\t\t\t\t\t\t\t<p>Erfahren Sie mehr \u00fcber unsere Vision:<\/p>\n\t\t\t\t\t\t\t\t<\/div>\n\t\t\t\t<\/div>\n\t\t\t\t<div class=\"elementor-element elementor-element-3364839 elementor-align-center elementor-widget elementor-widget-button\" data-id=\"3364839\" data-element_type=\"widget\" data-e-type=\"widget\" data-widget_type=\"button.default\">\n\t\t\t\t<div class=\"elementor-widget-container\">\n\t\t\t\t\t\t\t\t\t<div class=\"elementor-button-wrapper\">\n\t\t\t\t\t<a class=\"elementor-button elementor-button-link elementor-size-sm\" href=\"https:\/\/cglem.org\/vision\/\">\n\t\t\t\t\t\t<span class=\"elementor-button-content-wrapper\">\n\t\t\t\t\t\t\t\t\t<span class=\"elementor-button-text\">Klicken Sie hier<\/span>\n\t\t\t\t\t<\/span>\n\t\t\t\t\t<\/a>\n\t\t\t\t<\/div>\n\t\t\t\t\t\t\t\t<\/div>\n\t\t\t\t<\/div>\n\t\t\t\t\t<\/div>\n\t\t\t\t<\/div>\n\t\t\t\t<\/div>\n\t\t","protected":false},"excerpt":{"rendered":"<p>C\u2234G\u2234L\u2234E\u2234M\u2234 Unsere Geschichte Die Freimaurerei in ihrem Ursprung bewahren Die Geschichte der Konf\u00f6deration der &#8222;Vereinigten Gro\u00dflogen von Europa und dem Mittelmeerraum&#8220; beginnt zu Beginn des neuen Jahrtausends. Begr\u00fcndet wurde die Entstehung mit dem Bed\u00fcrfnis, den freimaurerischen Grundgedanken zu verbessern und einer R\u00fcckbesinnung auf die Orientierungspunkte, die damals in vielen Ob\u00f6dienzen einem starken Einfluss von kommerzieller [&hellip;]<\/p>\n","protected":false},"author":1,"featured_media":6101,"parent":0,"menu_order":2,"comment_status":"closed","ping_status":"closed","template":"","meta":{"ngg_post_thumbnail":0,"footnotes":""},"class_list":["post-6100","page","type-page","status-publish","has-post-thumbnail","hentry"],"_links":{"self":[{"href":"https:\/\/cglem.org\/de\/wp-json\/wp\/v2\/pages\/6100","targetHints":{"allow":["GET"]}}],"collection":[{"href":"https:\/\/cglem.org\/de\/wp-json\/wp\/v2\/pages"}],"about":[{"href":"https:\/\/cglem.org\/de\/wp-json\/wp\/v2\/types\/page"}],"author":[{"embeddable":true,"href":"https:\/\/cglem.org\/de\/wp-json\/wp\/v2\/users\/1"}],"replies":[{"embeddable":true,"href":"https:\/\/cglem.org\/de\/wp-json\/wp\/v2\/comments?post=6100"}],"version-history":[{"count":0,"href":"https:\/\/cglem.org\/de\/wp-json\/wp\/v2\/pages\/6100\/revisions"}],"wp:featuredmedia":[{"embeddable":true,"href":"https:\/\/cglem.org\/de\/wp-json\/wp\/v2\/media\/6101"}],"wp:attachment":[{"href":"https:\/\/cglem.org\/de\/wp-json\/wp\/v2\/media?parent=6100"}],"curies":[{"name":"wp","href":"https:\/\/api.w.org\/{rel}","templated":true}]}}