{"id":6105,"date":"2023-05-23T08:49:12","date_gmt":"2023-05-23T06:49:12","guid":{"rendered":"https:\/\/cglem.org\/vision\/"},"modified":"2026-01-19T07:39:09","modified_gmt":"2026-01-19T06:39:09","slug":"vision","status":"publish","type":"page","link":"https:\/\/cglem.org\/de\/vision\/","title":{"rendered":"Vision"},"content":{"rendered":"\t\t<div data-elementor-type=\"wp-page\" data-elementor-id=\"6105\" class=\"elementor elementor-6105 elementor-1455\" data-elementor-post-type=\"page\">\n\t\t\t\t<div class=\"elementor-element elementor-element-a2a56e9 animated-slow e-flex e-con-boxed elementor-invisible e-con e-parent\" data-id=\"a2a56e9\" data-element_type=\"container\" data-e-type=\"container\" data-settings=\"{&quot;background_background&quot;:&quot;classic&quot;,&quot;shape_divider_bottom&quot;:&quot;triangle&quot;,&quot;shape_divider_bottom_negative&quot;:&quot;yes&quot;,&quot;animation&quot;:&quot;fadeIn&quot;,&quot;animation_delay&quot;:0}\">\n\t\t\t\t\t<div class=\"e-con-inner\">\n\t\t\t\t<div class=\"elementor-shape elementor-shape-bottom\" aria-hidden=\"true\" data-negative=\"true\">\n\t\t\t<svg xmlns=\"http:\/\/www.w3.org\/2000\/svg\" viewBox=\"0 0 1000 100\" preserveAspectRatio=\"none\">\n\t<path class=\"elementor-shape-fill\" d=\"M500.2,94.7L0,0v100h1000V0L500.2,94.7z\"\/>\n<\/svg>\t\t<\/div>\n\t\t\t\t<div class=\"elementor-element elementor-element-28f9f52 elementor-widget elementor-widget-image\" data-id=\"28f9f52\" data-element_type=\"widget\" data-e-type=\"widget\" data-widget_type=\"image.default\">\n\t\t\t\t<div class=\"elementor-widget-container\">\n\t\t\t\t\t\t\t\t\t\t\t\t\t\t\t<img decoding=\"async\" width=\"100\" height=\"95\" src=\"https:\/\/cglem.org\/wp-content\/uploads\/2023\/05\/Winkelmass_Zirkel_weiss-klein.png\" class=\"attachment-large size-large wp-image-1252\" alt=\"\" \/>\t\t\t\t\t\t\t\t\t\t\t\t\t\t\t<\/div>\n\t\t\t\t<\/div>\n\t\t\t\t<div class=\"elementor-element elementor-element-a4a8321 elementor-widget elementor-widget-text-editor\" data-id=\"a4a8321\" data-element_type=\"widget\" data-e-type=\"widget\" data-widget_type=\"text-editor.default\">\n\t\t\t\t<div class=\"elementor-widget-container\">\n\t\t\t\t\t\t\t\t\t<p>C\u2234G\u2234L\u2234E\u2234M\u2234<\/p><h1>Unsere Vision<\/h1>\t\t\t\t\t\t\t\t<\/div>\n\t\t\t\t<\/div>\n\t\t\t\t\t<\/div>\n\t\t\t\t<\/div>\n\t\t<div class=\"elementor-element elementor-element-9be45df animated-slow e-flex e-con-boxed elementor-invisible e-con e-parent\" data-id=\"9be45df\" data-element_type=\"container\" data-e-type=\"container\" data-settings=\"{&quot;animation&quot;:&quot;fadeIn&quot;}\">\n\t\t\t\t\t<div class=\"e-con-inner\">\n\t\t\t\t<div class=\"elementor-element elementor-element-776dc7e elementor-widget elementor-widget-heading\" data-id=\"776dc7e\" data-element_type=\"widget\" data-e-type=\"widget\" data-widget_type=\"heading.default\">\n\t\t\t\t<div class=\"elementor-widget-container\">\n\t\t\t\t\t<h2 class=\"elementor-heading-title elementor-size-default\">Freiheit, Gleichheit, Br\u00fcderlichkeit<\/h2>\t\t\t\t<\/div>\n\t\t\t\t<\/div>\n\t\t\t\t<div class=\"elementor-element elementor-element-e09610b elementor-widget elementor-widget-text-editor\" data-id=\"e09610b\" data-element_type=\"widget\" data-e-type=\"widget\" data-widget_type=\"text-editor.default\">\n\t\t\t\t<div class=\"elementor-widget-container\">\n\t\t\t\t\t\t\t\t\t<p>Die universelle Freimaurerei und ihr spirituelles Erbe stehen in einer Zeit des tiefgreifenden globalen Wandels vor neuen Herausforderungen. Beschleunigter Wandel, zunehmende Individualisierung und die Erosion gemeinsamer Werte pr\u00e4gen eine Welt, in der die Orientierung immer schwieriger wird. Diese Entwicklungen f\u00fchren auch zu unterschiedlichen Interpretationen und Wegen innerhalb der weltweiten Freimaurerei.  <\/p><p>Gleichzeitig nehmen politische, kulturelle und religi\u00f6se Spannungen auf der ganzen Welt zu. Konflikte, Migrationsbewegungen und humanit\u00e4re Krisen sind Ausdruck einer globalen Instabilit\u00e4t, die sich nicht mehr nur auf einzelne Regionen beschr\u00e4nkt. Zudem ist die Annahme, dass die Grenzen dauerhaft \u00fcberwunden seien, einer ern\u00fcchternden Realit\u00e4t gewichen: Territoriale Fragen und Machtanspr\u00fcche sind wieder Teil der globalen politischen Landschaft &#8211; auch in Europa.  <\/p>\t\t\t\t\t\t\t\t<\/div>\n\t\t\t\t<\/div>\n\t\t\t\t<div class=\"elementor-element elementor-element-9b154f1 elementor-widget elementor-widget-heading\" data-id=\"9b154f1\" data-element_type=\"widget\" data-e-type=\"widget\" data-widget_type=\"heading.default\">\n\t\t\t\t<div class=\"elementor-widget-container\">\n\t\t\t\t\t<h3 class=\"elementor-heading-title elementor-size-default\">Eine Welt im Wandel<\/h3>\t\t\t\t<\/div>\n\t\t\t\t<\/div>\n\t\t\t\t<div class=\"elementor-element elementor-element-ab7ecf1 elementor-widget elementor-widget-text-editor\" data-id=\"ab7ecf1\" data-element_type=\"widget\" data-e-type=\"widget\" data-widget_type=\"text-editor.default\">\n\t\t\t\t<div class=\"elementor-widget-container\">\n\t\t\t\t\t\t\t\t\t<p>In diesem komplexen Zeitalter mit sich st\u00e4ndig ver\u00e4ndernden Bedingungen muss die Freimaurerei lernen, sich diesen Herausforderungen zu stellen, sich mit ihnen auseinanderzusetzen und fundierte Antworten zu finden.<\/p><p>Unser Ziel muss es daher sein, die urspr\u00fcnglichen und wertvollen Schriften, Regeln und Werte der Freimaurerei sowie ihren geistigen Kontext zu bewahren &#8211; vor Jahrhunderten von Intellektuellen geschaffen und inhaltlich aktueller denn je &#8211; und sie im 21. Dies kann nur gelingen, wenn jeder von uns seinen eigenen Horizont erweitert und sich auf einen Diskurs einl\u00e4sst, der den Dimensionen der heutigen Weltordnung entspricht. <\/p>\t\t\t\t\t\t\t\t<\/div>\n\t\t\t\t<\/div>\n\t\t\t\t<div class=\"elementor-element elementor-element-3d1b07a elementor-widget elementor-widget-heading\" data-id=\"3d1b07a\" data-element_type=\"widget\" data-e-type=\"widget\" data-widget_type=\"heading.default\">\n\t\t\t\t<div class=\"elementor-widget-container\">\n\t\t\t\t\t<h3 class=\"elementor-heading-title elementor-size-default\">Die Verantwortung der Freimaurerei<\/h3>\t\t\t\t<\/div>\n\t\t\t\t<\/div>\n\t\t\t\t<div class=\"elementor-element elementor-element-457b558 elementor-widget elementor-widget-text-editor\" data-id=\"457b558\" data-element_type=\"widget\" data-e-type=\"widget\" data-widget_type=\"text-editor.default\">\n\t\t\t\t<div class=\"elementor-widget-container\">\n\t\t\t\t\t\t\t\t\t<p>Die Konf\u00f6deration der Gro\u00dflogen Europas und des Mittelmeerraums ist vor einem Vierteljahrhundert aus diesem Umfeld heraus entstanden, um sich den Herausforderungen der kommenden Jahrzehnte zu stellen. Unser Credo ist es, diesen Anforderungen gerecht zu werden und mit angemessenen und zukunftsweisenden Konzepten zu reagieren. Wir wollen verbinden, nicht trennen. Deshalb haben wir die Grundlagen daf\u00fcr in einer Charta der gegenseitigen Anerkennung gelegt.  <\/p><p>Als Organisation befinden wir uns in einem kontinuierlichen Wachstumsprozess. Neben der regionalen Entwicklung innerhalb unserer Country Grand Lodges laufen auch Erweiterungsverhandlungen mit verschiedenen L\u00e4ndern &#8211; immer mit dem Ziel, Qualit\u00e4t statt Quantit\u00e4t zu erreichen. F\u00fcr uns ist nicht die Anzahl der Mitglieder wichtig, sondern ihre freimaurerische Qualit\u00e4t und der Geist br\u00fcderlicher Harmonie zwischen allen.  <\/p><p>Der Geist, der unseren Bund beseelt, ist der eines Zusammenschlusses unter Gleichen, die gleiche Rechte und Pflichten haben und gemeinsam auf den einzigen Weg ausgerichtet sind, den man wirklich freimaurerisch nennen kann: den Weg der individuellen Verbesserung und des kollektiven Fortschritts. Sein Ziel ist es, bessere Menschen zu formen, die Sch\u00f6nheit, Solidit\u00e4t und Weisheit in die Welt bringen k\u00f6nnen. <\/p><p>Wir teilen die Entscheidung, Freimaurer zu sein, um uns gemeinsam durch unsere rituelle Arbeit und individuell durch st\u00e4ndige innere Anstrengung zu verbessern und dadurch Diener einer besseren und h\u00f6heren Menschheit zu werden.<\/p>\t\t\t\t\t\t\t\t<\/div>\n\t\t\t\t<\/div>\n\t\t\t\t<div class=\"elementor-element elementor-element-b5c964e elementor-widget elementor-widget-heading\" data-id=\"b5c964e\" data-element_type=\"widget\" data-e-type=\"widget\" data-widget_type=\"heading.default\">\n\t\t\t\t<div class=\"elementor-widget-container\">\n\t\t\t\t\t<h3 class=\"elementor-heading-title elementor-size-default\">Freiheit, Gleichheit und Br\u00fcderlichkeit heute<\/h3>\t\t\t\t<\/div>\n\t\t\t\t<\/div>\n\t\t\t\t<div class=\"elementor-element elementor-element-48dbd1d elementor-widget elementor-widget-text-editor\" data-id=\"48dbd1d\" data-element_type=\"widget\" data-e-type=\"widget\" data-widget_type=\"text-editor.default\">\n\t\t\t\t<div class=\"elementor-widget-container\">\n\t\t\t\t\t\t\t\t\t<p>Die Pr\u00e4sidentschaft der Konf\u00f6deration liegt derzeit bei Italien, das auch die laufenden Erweiterungsverhandlungen f\u00fchrt.<\/p><p>Die gro\u00dfen S\u00e4ulen der Freimaurerei &#8211; Freiheit, Gleichheit und Br\u00fcderlichkeit &#8211; sowie Toleranz und Humanit\u00e4t sind f\u00fcr uns keine Relikte vergangener Zeiten. Sie stehen f\u00fcr den lebendigen Anspruch, dass neben dem technischen Fortschritt auch der moralische und ethische Fortschritt gepflegt und gelebt werden muss. <\/p><p>Unsere Arbeit ist nat\u00fcrlich meditativ, aber auch operativ: Verstand und Herz, rechtes Denken und rechtes Handeln. Denn wenn man nur die Vernunft sprechen l\u00e4sst, k\u00f6nnen Gleichg\u00fcltigkeit, Egoismus, T\u00e4uschung und Fanatismus wirken. Deshalb krempeln wir die \u00c4rmel hoch und setzen unsere Arbeit fort, damit wir mit unserer \u00dcberzeugung &#8211; als M\u00e4nner, die in der Methode der Freimaurerei geschult sind &#8211; zusammen mit denen, die andere Wege der Vervollkommnung beschreiten, auf ein gemeinsames Ziel hinarbeiten k\u00f6nnen: dass, wenn das neunzehnte Jahrhundert das Jahrhundert der Freiheit und das zwanzigste Jahrhundert das Jahrhundert der Gleichheit war, dieses Jahrhundert das Jahrhundert der Br\u00fcderlichkeit werden kann.  <\/p><p>Wir werden nicht l\u00e4nger isolierte Individuen sein, wenn wir zusammenarbeiten, damit niemand zur\u00fcckbleibt, und wenn wir lernen, gemeinsam und unter allen Menschen frei, gleichberechtigt und br\u00fcderlich frei zu sein.<\/p><p>Und die Welt wird ein wenig besser sein, wenn wir lernen, in jedem anderen einen Menschen zu erkennen &#8211; br\u00fcderlich gleich, gleicherma\u00dfen frei und auch, wenn er es w\u00fcnscht und es so geschrieben steht, frei ein Bruder.<\/p><p>Nicht durch Reden, sondern indem wir durch unser t\u00e4gliches Beispiel zeigen, dass eine bessere Welt m\u00f6glich ist.<\/p><p>Das ist unsere Art, Freimaurerei zu leben &#8211; gemeinsam und vereint: besser zu sein f\u00fcr eine bessere Welt.<\/p>\t\t\t\t\t\t\t\t<\/div>\n\t\t\t\t<\/div>\n\t\t\t\t\t<\/div>\n\t\t\t\t<\/div>\n\t\t<div class=\"elementor-element elementor-element-e84a398 e-flex e-con-boxed e-con e-parent\" data-id=\"e84a398\" data-element_type=\"container\" data-e-type=\"container\" id=\"landmarks\" data-settings=\"{&quot;background_background&quot;:&quot;classic&quot;}\">\n\t\t\t\t\t<div class=\"e-con-inner\">\n\t\t\t\t<div class=\"elementor-element elementor-element-c86e560 elementor-widget elementor-widget-text-editor\" data-id=\"c86e560\" data-element_type=\"widget\" data-e-type=\"widget\" data-widget_type=\"text-editor.default\">\n\t\t\t\t<div class=\"elementor-widget-container\">\n\t\t\t\t\t\t\t\t\t<h2 style=\"text-align: center;\">Unsere Wahrzeichen<\/h2><p>Unsere Wahrzeichen sind unverr\u00fcckbar und ein R\u00fcckgrat in dieser unruhigen und inflation\u00e4ren Zeit, in der dubiose Freimaurerbruderschaften in gro\u00dfer Vielfalt entstehen, Profitgier und Oberfl\u00e4chlichkeit im Vordergrund stehen und die Seriosit\u00e4t der Linie nicht in Frage gestellt wird.<\/p><p><strong>was uns vereint:<\/strong><\/p>\t\t\t\t\t\t\t\t<\/div>\n\t\t\t\t<\/div>\n\t\t\t\t<div class=\"elementor-element elementor-element-7142dab elementor-icon-list--layout-traditional elementor-list-item-link-full_width elementor-widget elementor-widget-icon-list\" data-id=\"7142dab\" data-element_type=\"widget\" data-e-type=\"widget\" data-widget_type=\"icon-list.default\">\n\t\t\t\t<div class=\"elementor-widget-container\">\n\t\t\t\t\t\t\t<ul class=\"elementor-icon-list-items\">\n\t\t\t\t\t\t\t<li class=\"elementor-icon-list-item\">\n\t\t\t\t\t\t\t\t\t\t\t<span class=\"elementor-icon-list-icon\">\n\t\t\t\t\t\t\t<i aria-hidden=\"true\" class=\"fas fa-bookmark\"><\/i>\t\t\t\t\t\t<\/span>\n\t\t\t\t\t\t\t\t\t\t<span class=\"elementor-icon-list-text\">Der Hinweis auf den gro\u00dfen Architekten des Universums<\/span>\n\t\t\t\t\t\t\t\t\t<\/li>\n\t\t\t\t\t\t\t\t<li class=\"elementor-icon-list-item\">\n\t\t\t\t\t\t\t\t\t\t\t<span class=\"elementor-icon-list-icon\">\n\t\t\t\t\t\t\t<i aria-hidden=\"true\" class=\"fas fa-bookmark\"><\/i>\t\t\t\t\t\t<\/span>\n\t\t\t\t\t\t\t\t\t\t<span class=\"elementor-icon-list-text\">Die Gegenwart der drei Lichter: Das Heilige Buch, das Quadrat und der Kompass<\/span>\n\t\t\t\t\t\t\t\t\t<\/li>\n\t\t\t\t\t\t\t\t<li class=\"elementor-icon-list-item\">\n\t\t\t\t\t\t\t\t\t\t\t<span class=\"elementor-icon-list-icon\">\n\t\t\t\t\t\t\t<i aria-hidden=\"true\" class=\"fas fa-bookmark\"><\/i>\t\t\t\t\t\t<\/span>\n\t\t\t\t\t\t\t\t\t\t<span class=\"elementor-icon-list-text\">Die Souver\u00e4nit\u00e4t der drei symbolischen Grade<\/span>\n\t\t\t\t\t\t\t\t\t<\/li>\n\t\t\t\t\t\t\t\t<li class=\"elementor-icon-list-item\">\n\t\t\t\t\t\t\t\t\t\t\t<span class=\"elementor-icon-list-icon\">\n\t\t\t\t\t\t\t<i aria-hidden=\"true\" class=\"fas fa-bookmark\"><\/i>\t\t\t\t\t\t<\/span>\n\t\t\t\t\t\t\t\t\t\t<span class=\"elementor-icon-list-text\">Die Souver\u00e4nit\u00e4t des Hochgradsystems des A.A.S.R.<\/span>\n\t\t\t\t\t\t\t\t\t<\/li>\n\t\t\t\t\t\t\t\t<li class=\"elementor-icon-list-item\">\n\t\t\t\t\t\t\t\t\t\t\t<span class=\"elementor-icon-list-icon\">\n\t\t\t\t\t\t\t<i aria-hidden=\"true\" class=\"fas fa-bookmark\"><\/i>\t\t\t\t\t\t<\/span>\n\t\t\t\t\t\t\t\t\t\t<span class=\"elementor-icon-list-text\">Respekt vor den Wahrzeichen und Br\u00e4uchen des Ordens<\/span>\n\t\t\t\t\t\t\t\t\t<\/li>\n\t\t\t\t\t\t\t\t<li class=\"elementor-icon-list-item\">\n\t\t\t\t\t\t\t\t\t\t\t<span class=\"elementor-icon-list-icon\">\n\t\t\t\t\t\t\t<i aria-hidden=\"true\" class=\"fas fa-bookmark\"><\/i>\t\t\t\t\t\t<\/span>\n\t\t\t\t\t\t\t\t\t\t<span class=\"elementor-icon-list-text\">Achtung der Gesetze der jeweiligen L\u00e4nder<\/span>\n\t\t\t\t\t\t\t\t\t<\/li>\n\t\t\t\t\t\t\t\t<li class=\"elementor-icon-list-item\">\n\t\t\t\t\t\t\t\t\t\t\t<span class=\"elementor-icon-list-icon\">\n\t\t\t\t\t\t\t<i aria-hidden=\"true\" class=\"fas fa-bookmark\"><\/i>\t\t\t\t\t\t<\/span>\n\t\t\t\t\t\t\t\t\t\t<span class=\"elementor-icon-list-text\">Verbot jeglicher politischer oder religi\u00f6ser Diskussionen w\u00e4hrend der Arbeit in der Loge<\/span>\n\t\t\t\t\t\t\t\t\t<\/li>\n\t\t\t\t\t\t\t\t<li class=\"elementor-icon-list-item\">\n\t\t\t\t\t\t\t\t\t\t\t<span class=\"elementor-icon-list-icon\">\n\t\t\t\t\t\t\t<i aria-hidden=\"true\" class=\"fas fa-bookmark\"><\/i>\t\t\t\t\t\t<\/span>\n\t\t\t\t\t\t\t\t\t\t<span class=\"elementor-icon-list-text\">Achtung der Ethik und freimaurerische Toleranz<\/span>\n\t\t\t\t\t\t\t\t\t<\/li>\n\t\t\t\t\t\t\t\t<li class=\"elementor-icon-list-item\">\n\t\t\t\t\t\t\t\t\t\t\t<span class=\"elementor-icon-list-icon\">\n\t\t\t\t\t\t\t<i aria-hidden=\"true\" class=\"fas fa-bookmark\"><\/i>\t\t\t\t\t\t<\/span>\n\t\t\t\t\t\t\t\t\t\t<span class=\"elementor-icon-list-text\">Achtung der freimaurerischen Rituale<\/span>\n\t\t\t\t\t\t\t\t\t<\/li>\n\t\t\t\t\t\t<\/ul>\n\t\t\t\t\t\t<\/div>\n\t\t\t\t<\/div>\n\t\t\t\t<div class=\"elementor-element elementor-element-670e153 elementor-widget elementor-widget-text-editor\" data-id=\"670e153\" data-element_type=\"widget\" data-e-type=\"widget\" data-widget_type=\"text-editor.default\">\n\t\t\t\t<div class=\"elementor-widget-container\">\n\t\t\t\t\t\t\t\t\t<p>Erfahren Sie mehr \u00fcber unsere Geschichte:<\/p>\t\t\t\t\t\t\t\t<\/div>\n\t\t\t\t<\/div>\n\t\t\t\t<div class=\"elementor-element elementor-element-655706b elementor-align-center elementor-widget elementor-widget-button\" data-id=\"655706b\" data-element_type=\"widget\" data-e-type=\"widget\" data-widget_type=\"button.default\">\n\t\t\t\t<div class=\"elementor-widget-container\">\n\t\t\t\t\t\t\t\t\t<div class=\"elementor-button-wrapper\">\n\t\t\t\t\t<a class=\"elementor-button elementor-button-link elementor-size-sm\" href=\"https:\/\/cglem.org\/de\/geschichte\/\">\n\t\t\t\t\t\t<span class=\"elementor-button-content-wrapper\">\n\t\t\t\t\t\t\t\t\t<span class=\"elementor-button-text\">Klicken Sie hier<\/span>\n\t\t\t\t\t<\/span>\n\t\t\t\t\t<\/a>\n\t\t\t\t<\/div>\n\t\t\t\t\t\t\t\t<\/div>\n\t\t\t\t<\/div>\n\t\t\t\t\t<\/div>\n\t\t\t\t<\/div>\n\t\t\t\t<\/div>\n\t\t","protected":false},"excerpt":{"rendered":"<p>C\u2234G\u2234L\u2234E\u2234M\u2234 Unsere Vision Freiheit, Gleichheit, Br\u00fcderlichkeit Die universelle Freimaurerei und ihr spirituelles Erbe stehen in einer Zeit des tiefgreifenden globalen Wandels vor neuen Herausforderungen. Beschleunigter Wandel, zunehmende Individualisierung und die Erosion gemeinsamer Werte pr\u00e4gen eine Welt, in der die Orientierung immer schwieriger wird. Diese Entwicklungen f\u00fchren auch zu unterschiedlichen Interpretationen und Wegen innerhalb der weltweiten [&hellip;]<\/p>\n","protected":false},"author":1,"featured_media":6106,"parent":0,"menu_order":3,"comment_status":"closed","ping_status":"closed","template":"","meta":{"ngg_post_thumbnail":0,"footnotes":""},"class_list":["post-6105","page","type-page","status-publish","has-post-thumbnail","hentry"],"_links":{"self":[{"href":"https:\/\/cglem.org\/de\/wp-json\/wp\/v2\/pages\/6105","targetHints":{"allow":["GET"]}}],"collection":[{"href":"https:\/\/cglem.org\/de\/wp-json\/wp\/v2\/pages"}],"about":[{"href":"https:\/\/cglem.org\/de\/wp-json\/wp\/v2\/types\/page"}],"author":[{"embeddable":true,"href":"https:\/\/cglem.org\/de\/wp-json\/wp\/v2\/users\/1"}],"replies":[{"embeddable":true,"href":"https:\/\/cglem.org\/de\/wp-json\/wp\/v2\/comments?post=6105"}],"version-history":[{"count":0,"href":"https:\/\/cglem.org\/de\/wp-json\/wp\/v2\/pages\/6105\/revisions"}],"wp:featuredmedia":[{"embeddable":true,"href":"https:\/\/cglem.org\/de\/wp-json\/wp\/v2\/media\/6106"}],"wp:attachment":[{"href":"https:\/\/cglem.org\/de\/wp-json\/wp\/v2\/media?parent=6105"}],"curies":[{"name":"wp","href":"https:\/\/api.w.org\/{rel}","templated":true}]}}