{"id":6208,"date":"2023-05-29T16:35:05","date_gmt":"2023-05-29T14:35:05","guid":{"rendered":"https:\/\/cglem.org\/impressum\/"},"modified":"2026-03-22T07:42:12","modified_gmt":"2026-03-22T06:42:12","slug":"impressum","status":"publish","type":"page","link":"https:\/\/cglem.org\/de\/impressum\/","title":{"rendered":"Impressum"},"content":{"rendered":"\t\t<div data-elementor-type=\"wp-page\" data-elementor-id=\"6208\" class=\"elementor elementor-6208 elementor-2915\" data-elementor-post-type=\"page\">\n\t\t\t\t<div class=\"elementor-element elementor-element-ecbaf80 e-flex e-con-boxed e-con e-parent\" data-id=\"ecbaf80\" data-element_type=\"container\" data-e-type=\"container\">\n\t\t\t\t\t<div class=\"e-con-inner\">\n\t\t\t\t<div class=\"elementor-element elementor-element-e9e98a4 elementor-widget elementor-widget-text-editor\" data-id=\"e9e98a4\" data-element_type=\"widget\" data-e-type=\"widget\" data-widget_type=\"text-editor.default\">\n\t\t\t\t<div class=\"elementor-widget-container\">\n\t\t\t\t\t\t\t\t\t<h1>Impressum<\/h1>\t\t\t\t\t\t\t\t<\/div>\n\t\t\t\t<\/div>\n\t\t\t\t<div class=\"elementor-element elementor-element-da06962 elementor-widget elementor-widget-text-editor\" data-id=\"da06962\" data-element_type=\"widget\" data-e-type=\"widget\" data-widget_type=\"text-editor.default\">\n\t\t\t\t<div class=\"elementor-widget-container\">\n\t\t\t\t\t\t\t\t\t<p><strong>Konf\u00f6deration der Gro\u00dflogen von Europa und dem Mittelmeerraum (CGLEM)<\/strong><\/p><p>c\/o Gran Loggia Nazionale dei Liberi Muratori d&#8217;Italia<br>Steuernummer: 97165070588<\/p><p>Via Paolo Tosti n. 16\/E<br>00199 Roma<br>Italien <br><br><\/p><p>E-Mail: info@cglem.org<br><br><\/p><p><strong>Rechtsform:<\/strong><br>Gemeinn\u00fctziger Verein (Italien)<br><br><\/p><p><strong>Vertreten durch (gesetzlicher Vertreter):<\/strong><br>Antonio Cuomo (Pr\u00e4sident)<br><br><\/p><p><strong>Verantwortlich f\u00fcr den Inhalt:<\/strong><br>Antonio Cuomo<br>(gleiche Adresse wie oben)<br><br><\/p><p><strong>Offizielle Vertretung<\/strong><\/p><p>Die Konf\u00f6deration der Gro\u00dflogen Europas und des Mittelmeerraums (CGLEM) ist eine internationale Vereinigung, die sich der F\u00f6rderung der Zusammenarbeit, der gegenseitigen Anerkennung und des Dialogs zwischen den Gro\u00dflogen in Europa und dem Mittelmeerraum verschrieben hat.<\/p><p>Die CGLEM hat ihren Sitz in Rom, Italien, und dient als Plattform f\u00fcr den Austausch, die Koordination und die St\u00e4rkung der br\u00fcderlichen Beziehungen zwischen den anerkannten Freimaurer-Obedienzen.<br><br><\/p><p><strong>Umfang dieser Website<\/strong><\/p><p>Diese Website dient als offizielle Informationsplattform der Konf\u00f6deration der Gro\u00dflogen von Europa und dem Mittelmeerraum.<\/p>\t\t\t\t\t\t\t\t<\/div>\n\t\t\t\t<\/div>\n\t\t\t\t\t<\/div>\n\t\t\t\t<\/div>\n\t\t\t\t<\/div>\n\t\t","protected":false},"excerpt":{"rendered":"<p>Impressum Konf\u00f6deration der Gro\u00dflogen von Europa und dem Mittelmeerraum (CGLEM) c\/o Gran Loggia Nazionale dei Liberi Muratori d&#8217;ItaliaSteuernummer: 97165070588 Via Paolo Tosti n. 16\/E00199 RomaItalien E-Mail: info@cglem.org Rechtsform:Gemeinn\u00fctziger Verein (Italien) Vertreten durch (gesetzlicher Vertreter):Antonio Cuomo (Pr\u00e4sident) Verantwortlich f\u00fcr den Inhalt:Antonio Cuomo(gleiche Adresse wie oben) Offizielle Vertretung Die Konf\u00f6deration der Gro\u00dflogen Europas und des Mittelmeerraums (CGLEM) [&hellip;]<\/p>\n","protected":false},"author":1,"featured_media":0,"parent":0,"menu_order":100,"comment_status":"closed","ping_status":"closed","template":"","meta":{"ngg_post_thumbnail":0,"footnotes":""},"class_list":["post-6208","page","type-page","status-publish","hentry"],"_links":{"self":[{"href":"https:\/\/cglem.org\/de\/wp-json\/wp\/v2\/pages\/6208","targetHints":{"allow":["GET"]}}],"collection":[{"href":"https:\/\/cglem.org\/de\/wp-json\/wp\/v2\/pages"}],"about":[{"href":"https:\/\/cglem.org\/de\/wp-json\/wp\/v2\/types\/page"}],"author":[{"embeddable":true,"href":"https:\/\/cglem.org\/de\/wp-json\/wp\/v2\/users\/1"}],"replies":[{"embeddable":true,"href":"https:\/\/cglem.org\/de\/wp-json\/wp\/v2\/comments?post=6208"}],"version-history":[{"count":2,"href":"https:\/\/cglem.org\/de\/wp-json\/wp\/v2\/pages\/6208\/revisions"}],"predecessor-version":[{"id":8617,"href":"https:\/\/cglem.org\/de\/wp-json\/wp\/v2\/pages\/6208\/revisions\/8617"}],"wp:attachment":[{"href":"https:\/\/cglem.org\/de\/wp-json\/wp\/v2\/media?parent=6208"}],"curies":[{"name":"wp","href":"https:\/\/api.w.org\/{rel}","templated":true}]}}