{"id":6232,"date":"2023-05-29T16:42:53","date_gmt":"2023-05-29T14:42:53","guid":{"rendered":"https:\/\/cglem.org\/privacy-policy\/"},"modified":"2026-03-22T07:58:51","modified_gmt":"2026-03-22T06:58:51","slug":"privacy-policy","status":"publish","type":"page","link":"https:\/\/cglem.org\/de\/privacy-policy\/","title":{"rendered":"Datenschutzerkl\u00e4rung"},"content":{"rendered":"\t\t<div data-elementor-type=\"wp-page\" data-elementor-id=\"6232\" class=\"elementor elementor-6232 elementor-2923\" data-elementor-post-type=\"page\">\n\t\t\t\t<div class=\"elementor-element elementor-element-99e5b87 e-flex e-con-boxed e-con e-parent\" data-id=\"99e5b87\" data-element_type=\"container\" data-e-type=\"container\">\n\t\t\t\t\t<div class=\"e-con-inner\">\n\t\t\t\t<div class=\"elementor-element elementor-element-7a96460 elementor-widget elementor-widget-text-editor\" data-id=\"7a96460\" data-element_type=\"widget\" data-e-type=\"widget\" data-widget_type=\"text-editor.default\">\n\t\t\t\t<div class=\"elementor-widget-container\">\n\t\t\t\t\t\t\t\t\t<h1>Datenschutzerkl\u00e4rung<\/h1>\t\t\t\t\t\t\t\t<\/div>\n\t\t\t\t<\/div>\n\t\t\t\t<div class=\"elementor-element elementor-element-3d5c46b elementor-widget elementor-widget-text-editor\" data-id=\"3d5c46b\" data-element_type=\"widget\" data-e-type=\"widget\" data-widget_type=\"text-editor.default\">\n\t\t\t\t<div class=\"elementor-widget-container\">\n\t\t\t\t\t\t\t\t\t<p><strong>1. Allgemeine Informationen<\/strong><\/p><p>Der Schutz personenbezogener Daten ist ein wichtiges Anliegen der Konf\u00f6deration der Gro\u00dflogen von Europa und dem Mittelmeerraum (CGLEM).<\/p><p>In dieser Datenschutzerkl\u00e4rung wird erl\u00e4utert, wie personenbezogene Daten in \u00dcbereinstimmung mit der General Data Protection Regulation (GDPR) erfasst und verarbeitet werden.<br><br><\/p><p><strong>2. Controller<\/strong><\/p><p>Der Verantwortliche f\u00fcr die Datenverarbeitung auf dieser Website ist:<\/p><p>Konf\u00f6deration der Gro\u00dflogen von Europa und dem Mittelmeerraum (CGLEM)<br>c\/o Gran Loggia Nazionale dei Liberi Muratori d&#8217;Italia<br>Steuernummer: 97165070588<\/p><p>Via Paolo Tosti n. 16\/E<br>00199 Rom<br>Italien <\/p><p>E-Mail: info@cglem.org<br><br><\/p><p><strong>3. Hosting<\/strong><\/p><p>Diese Website wird gehostet von:<\/p><p>Hostinger International Ltd.<\/p><p>Der Hosting-Anbieter verarbeitet personenbezogene Daten (wie IP-Adressen), um den sicheren und zuverl\u00e4ssigen Betrieb der Website zu gew\u00e4hrleisten.<\/p><p>Eine Datenverarbeitungsvereinbarung (DPA) wurde in \u00dcbereinstimmung mit Art. 28 GDPR.<br><br><\/p><p><strong>4. Server-Protokolldateien<\/strong><\/p><p>Der Hosting-Provider erhebt und speichert automatisch Informationen in Server-Protokolldateien, einschlie\u00dflich:<\/p><p>IP-Adresse<br>Browsertyp und -version<br>Betriebssystem<br>Referrer URL<br>Zeitpunkt der Anfrage<\/p><p>Diese Daten werden ausschlie\u00dflich zu technischen \u00dcberwachungs- und Sicherheitszwecken verarbeitet.<br><br><\/p><p><strong>5. Cookies und Zustimmung<\/strong> <strong>Verwaltung<\/strong><\/p><p>Diese Website verwendet Cookies.<\/p><p>Die Zustimmung des Benutzers wird \u00fcber Borlabs Cookie verwaltet, wodurch sichergestellt wird, dass nicht ben\u00f6tigte Cookies nur nach ausdr\u00fccklicher Zustimmung des Benutzers gesetzt werden.<\/p><p>Benutzer k\u00f6nnen ihre Zustimmung jederzeit \u00fcber die Cookie-Einstellungen \u00e4ndern oder widerrufen.<br><br><\/p><p><strong>6. Google Analytics<\/strong><\/p><p>Diese Website benutzt Google Analytics, einen Webanalysedienst, der von Google Ireland Limited bereitgestellt wird.<\/p><p>Google Analytics verwendet Cookies, um zu analysieren, wie Nutzer mit der Website interagieren.<\/p><p>Die Verarbeitung basiert ausschlie\u00dflich auf der Zustimmung des Nutzers (Art. 6(1)(a) GDPR). <\/p><p>Die IP-Anonymisierung ist aktiviert und stellt sicher, dass die IP-Adressen vor der \u00dcbertragung innerhalb der Europ\u00e4ischen Union gek\u00fcrzt werden.<\/p><p>Benutzer k\u00f6nnen ihre Zustimmung jederzeit \u00fcber die Cookie-Einstellungen widerrufen.<br><br><\/p><p><strong>7. Kontakt- und Registrierungsformulare<\/strong><br>Kontakt-Formular (Elementor)<\/p><p>Wenn Sie uns \u00fcber das Kontaktformular kontaktieren, k\u00f6nnen die folgenden Daten verarbeitet werden:<\/p><p>Name<br>E-Mail Adresse<br>Nachricht<\/p><p>Diese Daten werden ausschlie\u00dflich zur Bearbeitung der Anfrage verwendet.<\/p><p>Registrierungsformulare (Formidable Forms)<\/p><p>Registrierungs- und Kommunikationsprozesse werden mit Formidable Forms abgewickelt.<\/p><p>Je nach Formular k\u00f6nnen die folgenden Daten erhoben werden:<\/p><p>Name<br>E-Mail-Adresse<br>Freiwillig zur Verf\u00fcgung gestellte Zusatzinformationen<\/p><p>Die Datenverarbeitung ist auf den Zweck der Bearbeitung der jeweiligen Anfrage beschr\u00e4nkt.<\/p><p>Rechtsgrundlage:<\/p><p>Art. 6(1)(b) GDPR (vorvertragliche Ma\u00dfnahmen)<br>Art. 6(1)(a) GDPR (Einwilligung)<br><br> 8<strong>. E-Mail-Kommunikation<\/strong><\/p><p>Wenn Nutzer per E-Mail Kontakt mit uns aufnehmen, werden die \u00fcbermittelten Daten zum Zwecke der Bearbeitung der Anfrage gespeichert und verarbeitet.<br><br><\/p><p><strong>9. Lokale Schriftarten<\/strong><\/p><p>Alle auf dieser Website verwendeten Schriftarten werden lokal gehostet.<br>Es wird keine Verbindung zu externen Schriftartenanbietern hergestellt.<br><br><\/p><p><strong>10. Website-Leistung und -Optimierung<\/strong><\/p><p>Diese Website verwendet WP Rocket, um die Ladegeschwindigkeit und Leistung zu optimieren.<\/p><p>Diese Prozesse beinhalten nicht die Verarbeitung personenbezogener Daten \u00fcber das technisch notwendige Ma\u00df hinaus.<br><br><\/p><p><strong>11. SEO-Tools<\/strong><\/p><p>Wir verwenden The SEO Framework, um die Sichtbarkeit unserer Website in Suchmaschinen zu verbessern.<\/p><p>\u00dcber die Standardfunktionalit\u00e4t der Website hinaus werden keine personenbezogenen Daten verarbeitet.<br><br><\/p><p><strong>12. Blog-Nutzung<\/strong><\/p><p>Diese Website enth\u00e4lt einen Blog-Bereich.<\/p><p>Es sind keine Benutzerkonten erforderlich<br>Es wird keine Kommentarfunktion angeboten<br>Beim Zugriff auf Blog-Inhalte werden keine pers\u00f6nlichen Daten erhoben<br><br><strong>13. Aufbewahrung von Daten<\/strong><\/p><p>Personenbezogene Daten werden nur so lange wie n\u00f6tig gespeichert:<\/p><p>Kontaktanfragen: bis zur vollst\u00e4ndigen Bearbeitung der Anfrage<br>Gesetzliche Verpflichtungen: gem\u00e4\u00df den geltenden gesetzlichen Aufbewahrungsfristen<br><br><strong>14. Rechte der betroffenen Person<\/strong><\/p><p>Gem\u00e4\u00df GDPR haben Nutzer die folgenden Rechte:<\/p><p>Recht auf Auskunft (Art. 15 GDPR)<br>Recht auf Berichtigung (Art. 16 GDPR)<br>Recht auf L\u00f6schung (Art. 17 GDPR)<br>Recht auf Einschr\u00e4nkung der Verarbeitung (Art. 18 GDPR)<br>Recht auf Daten\u00fcbertragbarkeit (Art. 20 GDPR)<br>Widerspruchsrecht (Art. 21 GDPR)<\/p><p>Die Nutzer haben auch das Recht, eine Beschwerde bei einer Aufsichtsbeh\u00f6rde einzureichen.<br><br><\/p><p><strong>15. Entzug der Zustimmung<\/strong><\/p><p>Wenn die Datenverarbeitung auf einer Einwilligung beruht, k\u00f6nnen die Nutzer ihre Einwilligung jederzeit mit Wirkung f\u00fcr die Zukunft widerrufen.<br><br><\/p><p><strong>16. Sicherheitsma\u00dfnahmen<\/strong><\/p><p>Wir setzen angemessene technische und organisatorische Ma\u00dfnahmen ein, um personenbezogene Daten vor unberechtigtem Zugriff, Verlust oder Missbrauch zu sch\u00fctzen.<\/p>\t\t\t\t\t\t\t\t<\/div>\n\t\t\t\t<\/div>\n\t\t\t\t\t<\/div>\n\t\t\t\t<\/div>\n\t\t\t\t<\/div>\n\t\t","protected":false},"excerpt":{"rendered":"<p>Datenschutzerkl\u00e4rung 1. Allgemeine Informationen Der Schutz personenbezogener Daten ist ein wichtiges Anliegen der Konf\u00f6deration der Gro\u00dflogen von Europa und dem Mittelmeerraum (CGLEM). In dieser Datenschutzerkl\u00e4rung wird erl\u00e4utert, wie personenbezogene Daten in \u00dcbereinstimmung mit der General Data Protection Regulation (GDPR) erfasst und verarbeitet werden. 2. Controller Der Verantwortliche f\u00fcr die Datenverarbeitung auf dieser Website ist: Konf\u00f6deration [&hellip;]<\/p>\n","protected":false},"author":1,"featured_media":0,"parent":0,"menu_order":101,"comment_status":"closed","ping_status":"closed","template":"","meta":{"ngg_post_thumbnail":0,"footnotes":""},"class_list":["post-6232","page","type-page","status-publish","hentry"],"_links":{"self":[{"href":"https:\/\/cglem.org\/de\/wp-json\/wp\/v2\/pages\/6232","targetHints":{"allow":["GET"]}}],"collection":[{"href":"https:\/\/cglem.org\/de\/wp-json\/wp\/v2\/pages"}],"about":[{"href":"https:\/\/cglem.org\/de\/wp-json\/wp\/v2\/types\/page"}],"author":[{"embeddable":true,"href":"https:\/\/cglem.org\/de\/wp-json\/wp\/v2\/users\/1"}],"replies":[{"embeddable":true,"href":"https:\/\/cglem.org\/de\/wp-json\/wp\/v2\/comments?post=6232"}],"version-history":[{"count":2,"href":"https:\/\/cglem.org\/de\/wp-json\/wp\/v2\/pages\/6232\/revisions"}],"predecessor-version":[{"id":8632,"href":"https:\/\/cglem.org\/de\/wp-json\/wp\/v2\/pages\/6232\/revisions\/8632"}],"wp:attachment":[{"href":"https:\/\/cglem.org\/de\/wp-json\/wp\/v2\/media?parent=6232"}],"curies":[{"name":"wp","href":"https:\/\/api.w.org\/{rel}","templated":true}]}}