{"id":5916,"date":"2023-05-22T17:29:44","date_gmt":"2023-05-22T15:29:44","guid":{"rendered":"https:\/\/cglem.org\/historia\/"},"modified":"2023-11-16T17:30:25","modified_gmt":"2023-11-16T16:30:25","slug":"historia","status":"publish","type":"page","link":"https:\/\/cglem.org\/es\/historia\/","title":{"rendered":"Historia"},"content":{"rendered":"\t\t<div data-elementor-type=\"wp-page\" data-elementor-id=\"5916\" class=\"elementor elementor-5916 elementor-1324\" data-elementor-post-type=\"page\">\n\t\t\t\t<div class=\"elementor-element elementor-element-05b334a animated-slow e-flex e-con-boxed elementor-invisible e-con e-parent\" data-id=\"05b334a\" data-element_type=\"container\" data-e-type=\"container\" data-settings=\"{&quot;background_background&quot;:&quot;classic&quot;,&quot;shape_divider_bottom&quot;:&quot;triangle&quot;,&quot;shape_divider_bottom_negative&quot;:&quot;yes&quot;,&quot;animation&quot;:&quot;fadeIn&quot;,&quot;animation_delay&quot;:0}\">\n\t\t\t\t\t<div class=\"e-con-inner\">\n\t\t\t\t<div class=\"elementor-shape elementor-shape-bottom\" aria-hidden=\"true\" data-negative=\"true\">\n\t\t\t<svg xmlns=\"http:\/\/www.w3.org\/2000\/svg\" viewBox=\"0 0 1000 100\" preserveAspectRatio=\"none\">\n\t<path class=\"elementor-shape-fill\" d=\"M500.2,94.7L0,0v100h1000V0L500.2,94.7z\"\/>\n<\/svg>\t\t<\/div>\n\t\t\t\t<div class=\"elementor-element elementor-element-ce4e6fe elementor-widget elementor-widget-image\" data-id=\"ce4e6fe\" data-element_type=\"widget\" data-e-type=\"widget\" data-widget_type=\"image.default\">\n\t\t\t\t<div class=\"elementor-widget-container\">\n\t\t\t\t\t\t\t\t\t\t\t\t\t\t\t<img decoding=\"async\" width=\"100\" height=\"95\" src=\"https:\/\/cglem.org\/wp-content\/uploads\/2023\/05\/Winkelmass_Zirkel_weiss-klein.png\" class=\"attachment-large size-large wp-image-1252\" alt=\"\" \/>\t\t\t\t\t\t\t\t\t\t\t\t\t\t\t<\/div>\n\t\t\t\t<\/div>\n\t\t\t\t<div class=\"elementor-element elementor-element-47b1d8a elementor-widget elementor-widget-text-editor\" data-id=\"47b1d8a\" data-element_type=\"widget\" data-e-type=\"widget\" data-widget_type=\"text-editor.default\">\n\t\t\t\t<div class=\"elementor-widget-container\">\n\t\t\t\t\t\t\t\t\t<p>C\u2234G\u2234L\u2234E\u2234M\u2234<\/p>\n<h1>Nuestra historia<\/h1>\n\t\t\t\t\t\t\t\t<\/div>\n\t\t\t\t<\/div>\n\t\t\t\t\t<\/div>\n\t\t\t\t<\/div>\n\t\t<div class=\"elementor-element elementor-element-9514f98 animated-slow e-flex e-con-boxed elementor-invisible e-con e-parent\" data-id=\"9514f98\" data-element_type=\"container\" data-e-type=\"container\" data-settings=\"{&quot;animation&quot;:&quot;fadeIn&quot;}\">\n\t\t\t\t\t<div class=\"e-con-inner\">\n\t\t\t\t<div class=\"elementor-element elementor-element-1804cc6 elementor-widget elementor-widget-text-editor\" data-id=\"1804cc6\" data-element_type=\"widget\" data-e-type=\"widget\" data-widget_type=\"text-editor.default\">\n\t\t\t\t<div class=\"elementor-widget-container\">\n\t\t\t\t\t\t\t\t\t<h2 style=\"text-align: center;\">Preservar la masoner\u00eda en su origen<\/h2>\n<p>La historia de la confederaci\u00f3n de las \u00abGrandes Logias Unidas de Europa y el Mediterr\u00e1neo\u00bb comienza a principios del nuevo milenio. El origen se justific\u00f3 con la necesidad de mejorar la idea b\u00e1sica mas\u00f3nica y una vuelta a los hitos, que en aquella \u00e9poca estaban expuestos a una fuerte influencia del lado comercial en muchas obediencias. Muchos masones ya no quer\u00edan seguir este tipo de trabajo de logia, determinado por la pol\u00edtica y la influencia del poder. En muchos lugares, hubo una salida o reorientaci\u00f3n, parec\u00eda necesario construir un nuevo techo.<\/p>\n<p>Preservar la forma original de la Francmasoner\u00eda y adaptarla cuidadosamente a las exigencias actuales de nuestro tiempo tuvo como resultado final la fundaci\u00f3n de la \u00abConfederaci\u00f3n de Grandes Logias del Mediterr\u00e1neo y el Sur de Europa\u00bb en 2003. Los estatutos de la nueva confederaci\u00f3n CGLMES se ratificaron finalmente en Lisboa en 2006. Pronto se integraron nuevos pa\u00edses y r\u00e1pidamente qued\u00f3 claro que en otras partes de Europa y del Mediterr\u00e1neo tambi\u00e9n exist\u00eda la necesidad de devolver a la masoner\u00eda su rostro original con peque\u00f1os ajustes que permitieran una conexi\u00f3n con nuestra vida moderna.<\/p>\n<p>Unos cinco a\u00f1os despu\u00e9s de la fundaci\u00f3n de la Confederaci\u00f3n, se hizo necesario adaptar la apariencia externa a las exigencias actuales, lo que dio lugar al t\u00e9rmino \u00abConfederaci\u00f3n de Europa y del Mediterr\u00e1neo\u00bb, CGLEM para abreviar. <\/p>\n\t\t\t\t\t\t\t\t<\/div>\n\t\t\t\t<\/div>\n\t\t\t\t\t<\/div>\n\t\t\t\t<\/div>\n\t\t<div class=\"elementor-element elementor-element-c2499a3 animated-slow e-flex e-con-boxed elementor-invisible e-con e-parent\" data-id=\"c2499a3\" data-element_type=\"container\" data-e-type=\"container\" data-settings=\"{&quot;motion_fx_motion_fx_mouse&quot;:&quot;yes&quot;,&quot;animation_mobile&quot;:&quot;fadeIn&quot;,&quot;animation&quot;:&quot;fadeIn&quot;}\">\n\t\t\t\t\t<div class=\"e-con-inner\">\n\t\t\t\t<div class=\"elementor-element elementor-element-5458903 elementor-widget elementor-widget-text-editor\" data-id=\"5458903\" data-element_type=\"widget\" data-e-type=\"widget\" data-widget_type=\"text-editor.default\">\n\t\t\t\t<div class=\"elementor-widget-container\">\n\t\t\t\t\t\t\t\t\t<p>M\u00e1s informaci\u00f3n sobre nuestra visi\u00f3n:<\/p>\n\t\t\t\t\t\t\t\t<\/div>\n\t\t\t\t<\/div>\n\t\t\t\t<div class=\"elementor-element elementor-element-3364839 elementor-align-center elementor-widget elementor-widget-button\" data-id=\"3364839\" data-element_type=\"widget\" data-e-type=\"widget\" data-widget_type=\"button.default\">\n\t\t\t\t<div class=\"elementor-widget-container\">\n\t\t\t\t\t\t\t\t\t<div class=\"elementor-button-wrapper\">\n\t\t\t\t\t<a class=\"elementor-button elementor-button-link elementor-size-sm\" href=\"https:\/\/cglem.org\/vision\/\">\n\t\t\t\t\t\t<span class=\"elementor-button-content-wrapper\">\n\t\t\t\t\t\t\t\t\t<span class=\"elementor-button-text\">Pulse aqu\u00ed<\/span>\n\t\t\t\t\t<\/span>\n\t\t\t\t\t<\/a>\n\t\t\t\t<\/div>\n\t\t\t\t\t\t\t\t<\/div>\n\t\t\t\t<\/div>\n\t\t\t\t\t<\/div>\n\t\t\t\t<\/div>\n\t\t\t\t<\/div>\n\t\t","protected":false},"excerpt":{"rendered":"<p>C\u2234G\u2234L\u2234E\u2234M\u2234 Nuestra historia Preservar la masoner\u00eda en su origen La historia de la confederaci\u00f3n de las \u00abGrandes Logias Unidas de Europa y el Mediterr\u00e1neo\u00bb comienza a principios del nuevo milenio. El origen se justific\u00f3 con la necesidad de mejorar la idea b\u00e1sica mas\u00f3nica y una vuelta a los hitos, que en aquella \u00e9poca estaban expuestos [&hellip;]<\/p>\n","protected":false},"author":1,"featured_media":5917,"parent":0,"menu_order":2,"comment_status":"closed","ping_status":"closed","template":"","meta":{"ngg_post_thumbnail":0,"footnotes":""},"class_list":["post-5916","page","type-page","status-publish","has-post-thumbnail","hentry"],"_links":{"self":[{"href":"https:\/\/cglem.org\/es\/wp-json\/wp\/v2\/pages\/5916","targetHints":{"allow":["GET"]}}],"collection":[{"href":"https:\/\/cglem.org\/es\/wp-json\/wp\/v2\/pages"}],"about":[{"href":"https:\/\/cglem.org\/es\/wp-json\/wp\/v2\/types\/page"}],"author":[{"embeddable":true,"href":"https:\/\/cglem.org\/es\/wp-json\/wp\/v2\/users\/1"}],"replies":[{"embeddable":true,"href":"https:\/\/cglem.org\/es\/wp-json\/wp\/v2\/comments?post=5916"}],"version-history":[{"count":0,"href":"https:\/\/cglem.org\/es\/wp-json\/wp\/v2\/pages\/5916\/revisions"}],"wp:featuredmedia":[{"embeddable":true,"href":"https:\/\/cglem.org\/es\/wp-json\/wp\/v2\/media\/5917"}],"wp:attachment":[{"href":"https:\/\/cglem.org\/es\/wp-json\/wp\/v2\/media?parent=5916"}],"curies":[{"name":"wp","href":"https:\/\/api.w.org\/{rel}","templated":true}]}}