{"id":5921,"date":"2023-05-23T08:49:12","date_gmt":"2023-05-23T06:49:12","guid":{"rendered":"https:\/\/cglem.org\/vision\/"},"modified":"2026-01-19T07:39:09","modified_gmt":"2026-01-19T06:39:09","slug":"vision","status":"publish","type":"page","link":"https:\/\/cglem.org\/es\/vision\/","title":{"rendered":"Visi\u00f3n"},"content":{"rendered":"\t\t<div data-elementor-type=\"wp-page\" data-elementor-id=\"5921\" class=\"elementor elementor-5921 elementor-1455\" data-elementor-post-type=\"page\">\n\t\t\t\t<div class=\"elementor-element elementor-element-a2a56e9 animated-slow e-flex e-con-boxed elementor-invisible e-con e-parent\" data-id=\"a2a56e9\" data-element_type=\"container\" data-e-type=\"container\" data-settings=\"{&quot;background_background&quot;:&quot;classic&quot;,&quot;shape_divider_bottom&quot;:&quot;triangle&quot;,&quot;shape_divider_bottom_negative&quot;:&quot;yes&quot;,&quot;animation&quot;:&quot;fadeIn&quot;,&quot;animation_delay&quot;:0}\">\n\t\t\t\t\t<div class=\"e-con-inner\">\n\t\t\t\t<div class=\"elementor-shape elementor-shape-bottom\" aria-hidden=\"true\" data-negative=\"true\">\n\t\t\t<svg xmlns=\"http:\/\/www.w3.org\/2000\/svg\" viewBox=\"0 0 1000 100\" preserveAspectRatio=\"none\">\n\t<path class=\"elementor-shape-fill\" d=\"M500.2,94.7L0,0v100h1000V0L500.2,94.7z\"\/>\n<\/svg>\t\t<\/div>\n\t\t\t\t<div class=\"elementor-element elementor-element-28f9f52 elementor-widget elementor-widget-image\" data-id=\"28f9f52\" data-element_type=\"widget\" data-e-type=\"widget\" data-widget_type=\"image.default\">\n\t\t\t\t<div class=\"elementor-widget-container\">\n\t\t\t\t\t\t\t\t\t\t\t\t\t\t\t<img decoding=\"async\" width=\"100\" height=\"95\" src=\"https:\/\/cglem.org\/wp-content\/uploads\/2023\/05\/Winkelmass_Zirkel_weiss-klein.png\" class=\"attachment-large size-large wp-image-1252\" alt=\"\" \/>\t\t\t\t\t\t\t\t\t\t\t\t\t\t\t<\/div>\n\t\t\t\t<\/div>\n\t\t\t\t<div class=\"elementor-element elementor-element-a4a8321 elementor-widget elementor-widget-text-editor\" data-id=\"a4a8321\" data-element_type=\"widget\" data-e-type=\"widget\" data-widget_type=\"text-editor.default\">\n\t\t\t\t<div class=\"elementor-widget-container\">\n\t\t\t\t\t\t\t\t\t<p>C\u2234G\u2234L\u2234E\u2234M\u2234<\/p><h1>Nuestra visi\u00f3n<\/h1>\t\t\t\t\t\t\t\t<\/div>\n\t\t\t\t<\/div>\n\t\t\t\t\t<\/div>\n\t\t\t\t<\/div>\n\t\t<div class=\"elementor-element elementor-element-9be45df animated-slow e-flex e-con-boxed elementor-invisible e-con e-parent\" data-id=\"9be45df\" data-element_type=\"container\" data-e-type=\"container\" data-settings=\"{&quot;animation&quot;:&quot;fadeIn&quot;}\">\n\t\t\t\t\t<div class=\"e-con-inner\">\n\t\t\t\t<div class=\"elementor-element elementor-element-776dc7e elementor-widget elementor-widget-heading\" data-id=\"776dc7e\" data-element_type=\"widget\" data-e-type=\"widget\" data-widget_type=\"heading.default\">\n\t\t\t\t<div class=\"elementor-widget-container\">\n\t\t\t\t\t<h2 class=\"elementor-heading-title elementor-size-default\">Libertad, Igualdad, Fraternidad<\/h2>\t\t\t\t<\/div>\n\t\t\t\t<\/div>\n\t\t\t\t<div class=\"elementor-element elementor-element-e09610b elementor-widget elementor-widget-text-editor\" data-id=\"e09610b\" data-element_type=\"widget\" data-e-type=\"widget\" data-widget_type=\"text-editor.default\">\n\t\t\t\t<div class=\"elementor-widget-container\">\n\t\t\t\t\t\t\t\t\t<p>La Masoner\u00eda Universal y su herencia espiritual se enfrentan a nuevos retos en una \u00e9poca de profunda transformaci\u00f3n global. El cambio acelerado, la creciente individualizaci\u00f3n y la erosi\u00f3n de los valores compartidos conforman un mundo en el que la orientaci\u00f3n es cada vez m\u00e1s dif\u00edcil. Estos acontecimientos tambi\u00e9n est\u00e1n dando lugar a diferentes interpretaciones y caminos dentro de la masoner\u00eda mundial.  <\/p><p>Al mismo tiempo, las tensiones pol\u00edticas, culturales y religiosas est\u00e1n aumentando en todo el planeta. Los conflictos, los movimientos migratorios y las crisis humanitarias son expresiones de una inestabilidad global que ya no se limita a regiones concretas. Adem\u00e1s, la suposici\u00f3n de que las fronteras se hab\u00edan superado definitivamente ha dado paso a una realidad aleccionadora: las cuestiones territoriales y las reivindicaciones de poder han vuelto a formar parte del paisaje pol\u00edtico mundial, tambi\u00e9n en Europa.  <\/p>\t\t\t\t\t\t\t\t<\/div>\n\t\t\t\t<\/div>\n\t\t\t\t<div class=\"elementor-element elementor-element-9b154f1 elementor-widget elementor-widget-heading\" data-id=\"9b154f1\" data-element_type=\"widget\" data-e-type=\"widget\" data-widget_type=\"heading.default\">\n\t\t\t\t<div class=\"elementor-widget-container\">\n\t\t\t\t\t<h3 class=\"elementor-heading-title elementor-size-default\">Un mundo en transformaci\u00f3n<\/h3>\t\t\t\t<\/div>\n\t\t\t\t<\/div>\n\t\t\t\t<div class=\"elementor-element elementor-element-ab7ecf1 elementor-widget elementor-widget-text-editor\" data-id=\"ab7ecf1\" data-element_type=\"widget\" data-e-type=\"widget\" data-widget_type=\"text-editor.default\">\n\t\t\t\t<div class=\"elementor-widget-container\">\n\t\t\t\t\t\t\t\t\t<p>En esta \u00e9poca compleja de condiciones en constante cambio, la Masoner\u00eda debe aprender a afrontar estos retos, a tratar con ellos y a encontrar respuestas bien fundadas.<\/p><p>Por tanto, nuestro objetivo debe ser preservar los originales y valiosos escritos, reglas y valores de la masoner\u00eda, as\u00ed como su contexto espiritual -creados hace siglos por intelectuales y m\u00e1s relevantes en contenido que nunca- y establecerlos firmemente en el siglo XXI. Esto s\u00f3lo puede tener \u00e9xito si cada uno de nosotros ampl\u00eda sus propios horizontes y participa en un discurso que se corresponda con las dimensiones del orden mundial actual. <\/p>\t\t\t\t\t\t\t\t<\/div>\n\t\t\t\t<\/div>\n\t\t\t\t<div class=\"elementor-element elementor-element-3d1b07a elementor-widget elementor-widget-heading\" data-id=\"3d1b07a\" data-element_type=\"widget\" data-e-type=\"widget\" data-widget_type=\"heading.default\">\n\t\t\t\t<div class=\"elementor-widget-container\">\n\t\t\t\t\t<h3 class=\"elementor-heading-title elementor-size-default\">La responsabilidad de la masoner\u00eda<\/h3>\t\t\t\t<\/div>\n\t\t\t\t<\/div>\n\t\t\t\t<div class=\"elementor-element elementor-element-457b558 elementor-widget elementor-widget-text-editor\" data-id=\"457b558\" data-element_type=\"widget\" data-e-type=\"widget\" data-widget_type=\"text-editor.default\">\n\t\t\t\t<div class=\"elementor-widget-container\">\n\t\t\t\t\t\t\t\t\t<p>La Confederaci\u00f3n de las Grandes Logias de Europa y el Mediterr\u00e1neo surgi\u00f3 hace un cuarto de siglo de este mismo entorno para hacer frente a los retos de las pr\u00f3ximas d\u00e9cadas. Nuestro credo es estar a la altura de estas exigencias y responder con conceptos adecuados y con visi\u00f3n de futuro. Buscamos conectar, no separar; por ello, hemos sentado las bases de este prop\u00f3sito en una carta de reconocimiento mutuo.  <\/p><p>Como organizaci\u00f3n, estamos en un proceso continuo de crecimiento. Adem\u00e1s del desarrollo regional dentro de nuestras Grandes Logias nacionales, se est\u00e1n llevando a cabo negociaciones de ampliaci\u00f3n con varios pa\u00edses, siempre guiadas por la b\u00fasqueda de la calidad m\u00e1s que de la cantidad. No es el n\u00famero de miembros lo que nos importa, sino su calidad mas\u00f3nica y el esp\u00edritu de armon\u00eda fraternal entre todos.  <\/p><p>El esp\u00edritu que anima a nuestra Confederaci\u00f3n es el de la uni\u00f3n entre iguales, iguales en derechos y deberes, y orientados conjuntamente hacia el \u00fanico camino que puede llamarse verdaderamente mas\u00f3nico: el camino de la mejora individual y del progreso colectivo. Su objetivo es forjar hombres mejores que puedan aportar Belleza, Solidez y Sabidur\u00eda al mundo. <\/p><p>Compartimos la elecci\u00f3n de ser masones para mejorarnos juntos mediante nuestro trabajo ritual e individualmente mediante un esfuerzo interior continuo, convirti\u00e9ndonos as\u00ed en servidores de una Humanidad mejor y m\u00e1s elevada.<\/p>\t\t\t\t\t\t\t\t<\/div>\n\t\t\t\t<\/div>\n\t\t\t\t<div class=\"elementor-element elementor-element-b5c964e elementor-widget elementor-widget-heading\" data-id=\"b5c964e\" data-element_type=\"widget\" data-e-type=\"widget\" data-widget_type=\"heading.default\">\n\t\t\t\t<div class=\"elementor-widget-container\">\n\t\t\t\t\t<h3 class=\"elementor-heading-title elementor-size-default\">Libertad, Igualdad y Fraternidad Hoy<\/h3>\t\t\t\t<\/div>\n\t\t\t\t<\/div>\n\t\t\t\t<div class=\"elementor-element elementor-element-48dbd1d elementor-widget elementor-widget-text-editor\" data-id=\"48dbd1d\" data-element_type=\"widget\" data-e-type=\"widget\" data-widget_type=\"text-editor.default\">\n\t\t\t\t<div class=\"elementor-widget-container\">\n\t\t\t\t\t\t\t\t\t<p>Actualmente, la Presidencia de la Confederaci\u00f3n la ostenta Italia, que tambi\u00e9n dirige las actuales negociaciones de ampliaci\u00f3n.<\/p><p>Los grandes pilares de la masoner\u00eda -Libertad, Igualdad y Fraternidad-, junto con la tolerancia y la humanidad, no son para nosotros reliquias de tiempos pasados. Representan una reivindicaci\u00f3n viva de que, junto al progreso t\u00e9cnico, tambi\u00e9n hay que cultivar y vivir el progreso moral y \u00e9tico. <\/p><p>Nuestro trabajo es meditativo, por supuesto, pero tambi\u00e9n operativo: mente y coraz\u00f3n, pensamiento correcto y acci\u00f3n correcta. Porque si s\u00f3lo se deja hablar a la raz\u00f3n, pueden actuar la indiferencia, el ego\u00edsmo, el enga\u00f1o y el fanatismo. Por esta raz\u00f3n, nos arremangamos y continuamos nuestro trabajo, para que con nuestras convicciones -como hombres formados en el m\u00e9todo de la Francmasoner\u00eda-, junto con los que siguen otros caminos de perfecci\u00f3n, trabajemos por un objetivo com\u00fan: que si el siglo XIX fue el Siglo de la Libertad y el siglo XX el Siglo de la Igualdad, este siglo se convierta en el Siglo de la Fraternidad.  <\/p><p>Dejaremos de ser individuos aislados si trabajamos juntos para que nadie se quede atr\u00e1s, y si aprendemos a ser, todos juntos y entre todos, hombres libremente iguales, igualmente hermanos, fraternalmente libres.<\/p><p>Y el mundo ser\u00e1 un poco mejor si aprendemos a reconocer en el otro a un ser humano fraternalmente igual, igualmente libre, y tambi\u00e9n, si as\u00ed lo desea y est\u00e1 escrito, libremente a un Hermano.<\/p><p>No hablando, sino mostrando con nuestro ejemplo diario que un mundo mejor es posible.<\/p><p>\u00c9sta es nuestra forma de vivir la Masoner\u00eda, juntos y unidos: ser mejores para un mundo mejor.<\/p>\t\t\t\t\t\t\t\t<\/div>\n\t\t\t\t<\/div>\n\t\t\t\t\t<\/div>\n\t\t\t\t<\/div>\n\t\t<div class=\"elementor-element elementor-element-e84a398 e-flex e-con-boxed e-con e-parent\" data-id=\"e84a398\" data-element_type=\"container\" data-e-type=\"container\" id=\"landmarks\" data-settings=\"{&quot;background_background&quot;:&quot;classic&quot;}\">\n\t\t\t\t\t<div class=\"e-con-inner\">\n\t\t\t\t<div class=\"elementor-element elementor-element-c86e560 elementor-widget elementor-widget-text-editor\" data-id=\"c86e560\" data-element_type=\"widget\" data-e-type=\"widget\" data-widget_type=\"text-editor.default\">\n\t\t\t\t<div class=\"elementor-widget-container\">\n\t\t\t\t\t\t\t\t\t<h2 style=\"text-align: center;\">Nuestros hitos<\/h2><p>Nuestros hitos son inamovibles y vertebradores en estos tiempos revoltosos e inflacionistas, donde surgen dudosas hermandades mas\u00f3nicas en gran variedad, el lucro y la superficialidad est\u00e1n en primer plano y no se cuestiona la seriedad del linaje.<\/p><p><strong>lo que nos une:<\/strong><\/p>\t\t\t\t\t\t\t\t<\/div>\n\t\t\t\t<\/div>\n\t\t\t\t<div class=\"elementor-element elementor-element-7142dab elementor-icon-list--layout-traditional elementor-list-item-link-full_width elementor-widget elementor-widget-icon-list\" data-id=\"7142dab\" data-element_type=\"widget\" data-e-type=\"widget\" data-widget_type=\"icon-list.default\">\n\t\t\t\t<div class=\"elementor-widget-container\">\n\t\t\t\t\t\t\t<ul class=\"elementor-icon-list-items\">\n\t\t\t\t\t\t\t<li class=\"elementor-icon-list-item\">\n\t\t\t\t\t\t\t\t\t\t\t<span class=\"elementor-icon-list-icon\">\n\t\t\t\t\t\t\t<i aria-hidden=\"true\" class=\"fas fa-bookmark\"><\/i>\t\t\t\t\t\t<\/span>\n\t\t\t\t\t\t\t\t\t\t<span class=\"elementor-icon-list-text\">La referencia al Gran Arquitecto del Universo<\/span>\n\t\t\t\t\t\t\t\t\t<\/li>\n\t\t\t\t\t\t\t\t<li class=\"elementor-icon-list-item\">\n\t\t\t\t\t\t\t\t\t\t\t<span class=\"elementor-icon-list-icon\">\n\t\t\t\t\t\t\t<i aria-hidden=\"true\" class=\"fas fa-bookmark\"><\/i>\t\t\t\t\t\t<\/span>\n\t\t\t\t\t\t\t\t\t\t<span class=\"elementor-icon-list-text\">La presencia de las Tres Luces: El Libro Sagrado, la Escuadra y el Comp\u00e1s<\/span>\n\t\t\t\t\t\t\t\t\t<\/li>\n\t\t\t\t\t\t\t\t<li class=\"elementor-icon-list-item\">\n\t\t\t\t\t\t\t\t\t\t\t<span class=\"elementor-icon-list-icon\">\n\t\t\t\t\t\t\t<i aria-hidden=\"true\" class=\"fas fa-bookmark\"><\/i>\t\t\t\t\t\t<\/span>\n\t\t\t\t\t\t\t\t\t\t<span class=\"elementor-icon-list-text\">La soberan\u00eda de tres grados simb\u00f3licos<\/span>\n\t\t\t\t\t\t\t\t\t<\/li>\n\t\t\t\t\t\t\t\t<li class=\"elementor-icon-list-item\">\n\t\t\t\t\t\t\t\t\t\t\t<span class=\"elementor-icon-list-icon\">\n\t\t\t\t\t\t\t<i aria-hidden=\"true\" class=\"fas fa-bookmark\"><\/i>\t\t\t\t\t\t<\/span>\n\t\t\t\t\t\t\t\t\t\t<span class=\"elementor-icon-list-text\">La Soberan\u00eda del Sistema de Altos Grados de la A.A.S.R.<\/span>\n\t\t\t\t\t\t\t\t\t<\/li>\n\t\t\t\t\t\t\t\t<li class=\"elementor-icon-list-item\">\n\t\t\t\t\t\t\t\t\t\t\t<span class=\"elementor-icon-list-icon\">\n\t\t\t\t\t\t\t<i aria-hidden=\"true\" class=\"fas fa-bookmark\"><\/i>\t\t\t\t\t\t<\/span>\n\t\t\t\t\t\t\t\t\t\t<span class=\"elementor-icon-list-text\">Respeto de los hitos y costumbres de la Orden<\/span>\n\t\t\t\t\t\t\t\t\t<\/li>\n\t\t\t\t\t\t\t\t<li class=\"elementor-icon-list-item\">\n\t\t\t\t\t\t\t\t\t\t\t<span class=\"elementor-icon-list-icon\">\n\t\t\t\t\t\t\t<i aria-hidden=\"true\" class=\"fas fa-bookmark\"><\/i>\t\t\t\t\t\t<\/span>\n\t\t\t\t\t\t\t\t\t\t<span class=\"elementor-icon-list-text\">Respeto de las leyes de los respectivos pa\u00edses<\/span>\n\t\t\t\t\t\t\t\t\t<\/li>\n\t\t\t\t\t\t\t\t<li class=\"elementor-icon-list-item\">\n\t\t\t\t\t\t\t\t\t\t\t<span class=\"elementor-icon-list-icon\">\n\t\t\t\t\t\t\t<i aria-hidden=\"true\" class=\"fas fa-bookmark\"><\/i>\t\t\t\t\t\t<\/span>\n\t\t\t\t\t\t\t\t\t\t<span class=\"elementor-icon-list-text\">Prohibici\u00f3n de toda discusi\u00f3n pol\u00edtica o religiosa durante los trabajos en Logia.<\/span>\n\t\t\t\t\t\t\t\t\t<\/li>\n\t\t\t\t\t\t\t\t<li class=\"elementor-icon-list-item\">\n\t\t\t\t\t\t\t\t\t\t\t<span class=\"elementor-icon-list-icon\">\n\t\t\t\t\t\t\t<i aria-hidden=\"true\" class=\"fas fa-bookmark\"><\/i>\t\t\t\t\t\t<\/span>\n\t\t\t\t\t\t\t\t\t\t<span class=\"elementor-icon-list-text\">Respeto de la \u00e9tica y la tolerancia mas\u00f3nica<\/span>\n\t\t\t\t\t\t\t\t\t<\/li>\n\t\t\t\t\t\t\t\t<li class=\"elementor-icon-list-item\">\n\t\t\t\t\t\t\t\t\t\t\t<span class=\"elementor-icon-list-icon\">\n\t\t\t\t\t\t\t<i aria-hidden=\"true\" class=\"fas fa-bookmark\"><\/i>\t\t\t\t\t\t<\/span>\n\t\t\t\t\t\t\t\t\t\t<span class=\"elementor-icon-list-text\">Respeto de los rituales mas\u00f3nicos<\/span>\n\t\t\t\t\t\t\t\t\t<\/li>\n\t\t\t\t\t\t<\/ul>\n\t\t\t\t\t\t<\/div>\n\t\t\t\t<\/div>\n\t\t\t\t<div class=\"elementor-element elementor-element-670e153 elementor-widget elementor-widget-text-editor\" data-id=\"670e153\" data-element_type=\"widget\" data-e-type=\"widget\" data-widget_type=\"text-editor.default\">\n\t\t\t\t<div class=\"elementor-widget-container\">\n\t\t\t\t\t\t\t\t\t<p>M\u00e1s informaci\u00f3n sobre nuestra historia:<\/p>\t\t\t\t\t\t\t\t<\/div>\n\t\t\t\t<\/div>\n\t\t\t\t<div class=\"elementor-element elementor-element-655706b elementor-align-center elementor-widget elementor-widget-button\" data-id=\"655706b\" data-element_type=\"widget\" data-e-type=\"widget\" data-widget_type=\"button.default\">\n\t\t\t\t<div class=\"elementor-widget-container\">\n\t\t\t\t\t\t\t\t\t<div class=\"elementor-button-wrapper\">\n\t\t\t\t\t<a class=\"elementor-button elementor-button-link elementor-size-sm\" href=\"https:\/\/cglem.org\/es\/historia\/\">\n\t\t\t\t\t\t<span class=\"elementor-button-content-wrapper\">\n\t\t\t\t\t\t\t\t\t<span class=\"elementor-button-text\">Pulse aqu\u00ed<\/span>\n\t\t\t\t\t<\/span>\n\t\t\t\t\t<\/a>\n\t\t\t\t<\/div>\n\t\t\t\t\t\t\t\t<\/div>\n\t\t\t\t<\/div>\n\t\t\t\t\t<\/div>\n\t\t\t\t<\/div>\n\t\t\t\t<\/div>\n\t\t","protected":false},"excerpt":{"rendered":"<p>C\u2234G\u2234L\u2234E\u2234M\u2234 Nuestra visi\u00f3n Libertad, Igualdad, Fraternidad La Masoner\u00eda Universal y su herencia espiritual se enfrentan a nuevos retos en una \u00e9poca de profunda transformaci\u00f3n global. El cambio acelerado, la creciente individualizaci\u00f3n y la erosi\u00f3n de los valores compartidos conforman un mundo en el que la orientaci\u00f3n es cada vez m\u00e1s dif\u00edcil. Estos acontecimientos tambi\u00e9n est\u00e1n [&hellip;]<\/p>\n","protected":false},"author":1,"featured_media":5922,"parent":0,"menu_order":3,"comment_status":"closed","ping_status":"closed","template":"","meta":{"ngg_post_thumbnail":0,"footnotes":""},"class_list":["post-5921","page","type-page","status-publish","has-post-thumbnail","hentry"],"_links":{"self":[{"href":"https:\/\/cglem.org\/es\/wp-json\/wp\/v2\/pages\/5921","targetHints":{"allow":["GET"]}}],"collection":[{"href":"https:\/\/cglem.org\/es\/wp-json\/wp\/v2\/pages"}],"about":[{"href":"https:\/\/cglem.org\/es\/wp-json\/wp\/v2\/types\/page"}],"author":[{"embeddable":true,"href":"https:\/\/cglem.org\/es\/wp-json\/wp\/v2\/users\/1"}],"replies":[{"embeddable":true,"href":"https:\/\/cglem.org\/es\/wp-json\/wp\/v2\/comments?post=5921"}],"version-history":[{"count":0,"href":"https:\/\/cglem.org\/es\/wp-json\/wp\/v2\/pages\/5921\/revisions"}],"wp:featuredmedia":[{"embeddable":true,"href":"https:\/\/cglem.org\/es\/wp-json\/wp\/v2\/media\/5922"}],"wp:attachment":[{"href":"https:\/\/cglem.org\/es\/wp-json\/wp\/v2\/media?parent=5921"}],"curies":[{"name":"wp","href":"https:\/\/api.w.org\/{rel}","templated":true}]}}