{"id":6224,"date":"2023-05-29T16:35:05","date_gmt":"2023-05-29T14:35:05","guid":{"rendered":"https:\/\/cglem.org\/pie-de-imprenta\/"},"modified":"2026-03-22T07:44:55","modified_gmt":"2026-03-22T06:44:55","slug":"pie-de-imprenta","status":"publish","type":"page","link":"https:\/\/cglem.org\/es\/pie-de-imprenta\/","title":{"rendered":"Aviso legal"},"content":{"rendered":"\t\t<div data-elementor-type=\"wp-page\" data-elementor-id=\"6224\" class=\"elementor elementor-6224 elementor-2915\" data-elementor-post-type=\"page\">\n\t\t\t\t<div class=\"elementor-element elementor-element-ecbaf80 e-flex e-con-boxed e-con e-parent\" data-id=\"ecbaf80\" data-element_type=\"container\" data-e-type=\"container\">\n\t\t\t\t\t<div class=\"e-con-inner\">\n\t\t\t\t<div class=\"elementor-element elementor-element-e9e98a4 elementor-widget elementor-widget-text-editor\" data-id=\"e9e98a4\" data-element_type=\"widget\" data-e-type=\"widget\" data-widget_type=\"text-editor.default\">\n\t\t\t\t<div class=\"elementor-widget-container\">\n\t\t\t\t\t\t\t\t\t<h1>Aviso legal<\/h1>\t\t\t\t\t\t\t\t<\/div>\n\t\t\t\t<\/div>\n\t\t\t\t<div class=\"elementor-element elementor-element-da06962 elementor-widget elementor-widget-text-editor\" data-id=\"da06962\" data-element_type=\"widget\" data-e-type=\"widget\" data-widget_type=\"text-editor.default\">\n\t\t\t\t<div class=\"elementor-widget-container\">\n\t\t\t\t\t\t\t\t\t<p><strong>Confederaci\u00f3n de Grandes Logias de Europa y el Mediterr\u00e1neo (CGLEM)<\/strong><\/p><p>c\/o Gran Loggia Nazionale dei Liberi Muratori d&#8217;Italia<br>C\u00f3digo fiscal: 97165070588<\/p><p>Via Paolo Tosti n. 16\/E<br>00199 Roma<br>Italia <br><br><\/p><p>Correo electr\u00f3nico: info@cglem.org<br><br><\/p><p><strong>Forma jur\u00eddica:<\/strong><br>Asociaci\u00f3n sin \u00e1nimo de lucro (Italia)<br><br><\/p><p><strong>Representado por (representante legal):<\/strong><br>Antonio Cuomo (Presidente)<br><br><\/p><p><strong>Responsable del contenido:<\/strong><br>Antonio Cuomo<br>(misma direcci\u00f3n que arriba)<br><br><\/p><p><strong>Representaci\u00f3n oficial<\/strong><\/p><p>La Confederaci\u00f3n de Grandes Logias de Europa y el Mediterr\u00e1neo (CGLEM) es una asociaci\u00f3n internacional dedicada a fomentar la cooperaci\u00f3n, el reconocimiento mutuo y el di\u00e1logo entre las Grandes Logias de Europa y la regi\u00f3n mediterr\u00e1nea.<\/p><p>Con sede en Roma, Italia, el CGLEM sirve de plataforma para el intercambio, la coordinaci\u00f3n y el fortalecimiento de las relaciones fraternales entre las Obediencias Mas\u00f3nicas reconocidas.<br><br><\/p><p><strong>\u00c1mbito de este sitio web<\/strong><\/p><p>Este sitio web sirve de plataforma informativa oficial de la Confederaci\u00f3n de Grandes Logias de Europa y el Mediterr\u00e1neo.<\/p>\t\t\t\t\t\t\t\t<\/div>\n\t\t\t\t<\/div>\n\t\t\t\t\t<\/div>\n\t\t\t\t<\/div>\n\t\t\t\t<\/div>\n\t\t","protected":false},"excerpt":{"rendered":"<p>Aviso legal Confederaci\u00f3n de Grandes Logias de Europa y el Mediterr\u00e1neo (CGLEM) c\/o Gran Loggia Nazionale dei Liberi Muratori d&#8217;ItaliaC\u00f3digo fiscal: 97165070588 Via Paolo Tosti n. 16\/E00199 RomaItalia Correo electr\u00f3nico: info@cglem.org Forma jur\u00eddica:Asociaci\u00f3n sin \u00e1nimo de lucro (Italia) Representado por (representante legal):Antonio Cuomo (Presidente) Responsable del contenido:Antonio Cuomo(misma direcci\u00f3n que arriba) Representaci\u00f3n oficial La Confederaci\u00f3n [&hellip;]<\/p>\n","protected":false},"author":1,"featured_media":0,"parent":0,"menu_order":100,"comment_status":"closed","ping_status":"closed","template":"","meta":{"ngg_post_thumbnail":0,"footnotes":""},"class_list":["post-6224","page","type-page","status-publish","hentry"],"_links":{"self":[{"href":"https:\/\/cglem.org\/es\/wp-json\/wp\/v2\/pages\/6224","targetHints":{"allow":["GET"]}}],"collection":[{"href":"https:\/\/cglem.org\/es\/wp-json\/wp\/v2\/pages"}],"about":[{"href":"https:\/\/cglem.org\/es\/wp-json\/wp\/v2\/types\/page"}],"author":[{"embeddable":true,"href":"https:\/\/cglem.org\/es\/wp-json\/wp\/v2\/users\/1"}],"replies":[{"embeddable":true,"href":"https:\/\/cglem.org\/es\/wp-json\/wp\/v2\/comments?post=6224"}],"version-history":[{"count":2,"href":"https:\/\/cglem.org\/es\/wp-json\/wp\/v2\/pages\/6224\/revisions"}],"predecessor-version":[{"id":8623,"href":"https:\/\/cglem.org\/es\/wp-json\/wp\/v2\/pages\/6224\/revisions\/8623"}],"wp:attachment":[{"href":"https:\/\/cglem.org\/es\/wp-json\/wp\/v2\/media?parent=6224"}],"curies":[{"name":"wp","href":"https:\/\/api.w.org\/{rel}","templated":true}]}}