{"id":6244,"date":"2023-05-29T16:42:53","date_gmt":"2023-05-29T14:42:53","guid":{"rendered":"https:\/\/cglem.org\/privacy-policy\/"},"modified":"2026-03-22T08:03:40","modified_gmt":"2026-03-22T07:03:40","slug":"privacy-policy","status":"publish","type":"page","link":"https:\/\/cglem.org\/es\/privacy-policy\/","title":{"rendered":"Pol\u00edtica de privacidad"},"content":{"rendered":"\t\t<div data-elementor-type=\"wp-page\" data-elementor-id=\"6244\" class=\"elementor elementor-6244 elementor-2923\" data-elementor-post-type=\"page\">\n\t\t\t\t<div class=\"elementor-element elementor-element-99e5b87 e-flex e-con-boxed e-con e-parent\" data-id=\"99e5b87\" data-element_type=\"container\" data-e-type=\"container\">\n\t\t\t\t\t<div class=\"e-con-inner\">\n\t\t\t\t<div class=\"elementor-element elementor-element-7a96460 elementor-widget elementor-widget-text-editor\" data-id=\"7a96460\" data-element_type=\"widget\" data-e-type=\"widget\" data-widget_type=\"text-editor.default\">\n\t\t\t\t<div class=\"elementor-widget-container\">\n\t\t\t\t\t\t\t\t\t<h1>Pol\u00edtica de privacidad<\/h1>\t\t\t\t\t\t\t\t<\/div>\n\t\t\t\t<\/div>\n\t\t\t\t<div class=\"elementor-element elementor-element-3d5c46b elementor-widget elementor-widget-text-editor\" data-id=\"3d5c46b\" data-element_type=\"widget\" data-e-type=\"widget\" data-widget_type=\"text-editor.default\">\n\t\t\t\t<div class=\"elementor-widget-container\">\n\t\t\t\t\t\t\t\t\t<p><strong>1. 1. Informaci\u00f3n general<\/strong><\/p><p>La protecci\u00f3n de los datos personales es una preocupaci\u00f3n importante de la Confederaci\u00f3n de Grandes Logias de Europa y el Mediterr\u00e1neo (CGLEM).<\/p><p>Esta Pol\u00edtica de Privacidad explica c\u00f3mo se recogen y procesan los datos personales de acuerdo con el Reglamento General de Protecci\u00f3n de Datos (RGPD).<br><br><\/p><p><strong>2. Controlador<\/strong><\/p><p>El responsable del tratamiento de datos en este sitio web es:<\/p><p>Confederaci\u00f3n de Grandes Logias de Europa y el Mediterr\u00e1neo (CGLEM)<br>c\/o Gran Loggia Nazionale dei Liberi Muratori d&#8217;Italia<br>C\u00f3digo fiscal: 97165070588<\/p><p>Via Paolo Tosti n. 16\/E<br>00199 Roma<br>Italia <\/p><p>Correo electr\u00f3nico: info@cglem.org<br><br><\/p><p><strong>3. Alojamiento<\/strong><\/p><p>Este sitio web est\u00e1 alojado en:<\/p><p>Hostinger International Ltd.<\/p><p>El proveedor de alojamiento procesa datos personales (como direcciones IP) para garantizar el funcionamiento seguro y fiable del sitio web.<\/p><p>Se ha celebrado un Acuerdo de Procesamiento de Datos (APD) de conformidad con el Art. 28 DEL GDPR.<br><br><\/p><p><strong>4. Archivos de registro del servidor<\/strong><\/p><p>El proveedor de alojamiento recoge y almacena autom\u00e1ticamente informaci\u00f3n en archivos de registro del servidor, incluyendo:<\/p><p>Direcci\u00f3n IP<br>Tipo y versi\u00f3n del navegador<br>Sistema operativo<br>URL de referencia<br>Hora de la solicitud<\/p><p>Estos datos se procesan exclusivamente con fines de supervisi\u00f3n t\u00e9cnica y seguridad.<br><br><\/p><p><strong>5. Cookies y consentimiento<\/strong> <strong>Gesti\u00f3n<\/strong><\/p><p>Este sitio web utiliza cookies.<\/p><p>El consentimiento del usuario se gestiona a trav\u00e9s de Borlabs Cookie, garantizando que las cookies no esenciales s\u00f3lo se instalen tras el consentimiento expl\u00edcito del usuario.<\/p><p>Los usuarios pueden modificar o retirar su consentimiento en cualquier momento a trav\u00e9s de la configuraci\u00f3n de cookies.<br><br><\/p><p><strong>6. Google Analytics<\/strong><\/p><p>Este sitio web utiliza Google Analytics, un servicio anal\u00edtico de web prestado por Google Ireland Limited.<\/p><p>Google Analytics utiliza cookies para analizar c\u00f3mo interact\u00faan los usuarios con el sitio web.<\/p><p>El procesamiento se basa exclusivamente en el consentimiento del usuario (Art. 6(1)(a) GDPR). <\/p><p>La anonimizaci\u00f3n de IP est\u00e1 activada, lo que garantiza que las direcciones IP se acortan dentro de la Uni\u00f3n Europea antes de su transmisi\u00f3n.<\/p><p>Los usuarios pueden retirar su consentimiento en cualquier momento a trav\u00e9s de la configuraci\u00f3n de cookies.<br><br><\/p><p><strong>7. Formularios de contacto y registro<\/strong><br>Formulario de contacto (Elementor)<\/p><p>Cuando los usuarios se ponen en contacto con nosotros a trav\u00e9s del formulario de contacto, se pueden procesar los siguientes datos:<\/p><p>Nombre<br>Direcci\u00f3n de correo electr\u00f3nico<br>Mensaje<\/p><p>Estos datos se utilizan \u00fanicamente para procesar la consulta.<\/p><p>Formularios de inscripci\u00f3n (Formularios Formidables)<\/p><p>Los procesos de registro y comunicaci\u00f3n se gestionan mediante Formularios Formidables.<\/p><p>Dependiendo del formulario, pueden recogerse los siguientes datos:<\/p><p>Nombre<br>Direcci\u00f3n de correo electr\u00f3nico<br>Informaci\u00f3n adicional facilitada voluntariamente<\/p><p>El tratamiento de datos se limita al prop\u00f3sito de gestionar la solicitud correspondiente.<\/p><p>Base jur\u00eddica:<\/p><p>Art. 6(1)(b) GDPR (medidas precontractuales)<br>Art. 6(1)(a) GDPR (consentimiento)<br><br> 8<strong>.<\/strong> Comunicaci\u00f3n por correo electr\u00f3nico<strong>Comunicaci\u00f3n por correo electr\u00f3nico<\/strong><\/p><p>Si los usuarios se ponen en contacto con nosotros por correo electr\u00f3nico, los datos transmitidos se almacenar\u00e1n y procesar\u00e1n con el fin de gestionar la solicitud.<br><br><\/p><p><strong>9. Fuentes locales<\/strong><\/p><p>Todas las fuentes utilizadas en este sitio web est\u00e1n alojadas localmente.<br>No se establece ninguna conexi\u00f3n con proveedores de fuentes externos.<br><br><\/p><p><strong>10. Rendimiento y optimizaci\u00f3n del sitio web<\/strong><\/p><p>Este sitio web utiliza WP Rocket para optimizar la velocidad de carga y el rendimiento.<\/p><p>Estos procesos no implican el tratamiento de datos personales m\u00e1s all\u00e1 de lo t\u00e9cnicamente necesario.<br><br><\/p><p><strong>11. Herramientas SEO<\/strong><\/p><p>Utilizamos The SEO Framework para mejorar la visibilidad de nuestro sitio web en los motores de b\u00fasqueda.<\/p><p>No se procesa ning\u00fan dato personal m\u00e1s all\u00e1 de la funcionalidad est\u00e1ndar del sitio web.<br><br><\/p><p><strong>12. Uso del blog<\/strong><\/p><p>Este sitio web incluye una secci\u00f3n de blog.<\/p><p>No se requieren cuentas de usuario<br>No se proporciona ninguna funcionalidad de comentarios<br>No se recogen datos personales al acceder al contenido del blog<br><br><strong>13.<\/strong> Conservaci\u00f3n<strong>de<\/strong> datos<strong>13. Retenci\u00f3n de datos<\/strong><\/p><p>Los datos personales s\u00f3lo se conservan durante el tiempo necesario:<\/p><p>Consultas de contacto: hasta que la solicitud se haya procesado por completo<br>Obligaciones legales: seg\u00fan los periodos de conservaci\u00f3n legales aplicables<br><br><strong>14.<\/strong> Derechos del interesado<strong>Derechos del interesado<\/strong><\/p><p>Seg\u00fan el GDPR, los usuarios tienen los siguientes derechos:<\/p><p>Derecho de acceso (Art. 15 GDPR)<br>Derecho de rectificaci\u00f3n (Art. 16 GDPR)<br>Derecho de supresi\u00f3n (Art. 17 GDPR)<br>Derecho de limitaci\u00f3n del tratamiento (Art. 18 GDPR)<br>Derecho de portabilidad de datos (Art. 20 GDPR)<br>Derecho de oposici\u00f3n (Art. 21 GDPR)<\/p><p>Los usuarios tambi\u00e9n tienen derecho a presentar una reclamaci\u00f3n ante una autoridad supervisora.<br><br><\/p><p><strong>15. Retirada del consentimiento<\/strong><\/p><p>Cuando el tratamiento de datos se base en el consentimiento, los usuarios podr\u00e1n retirar su consentimiento en cualquier momento con efectos futuros.<br><br><\/p><p><strong>16. Medidas de seguridad<\/strong><\/p><p>Aplicamos medidas t\u00e9cnicas y organizativas adecuadas para proteger los datos personales contra el acceso no autorizado, la p\u00e9rdida o el uso indebido.<\/p>\t\t\t\t\t\t\t\t<\/div>\n\t\t\t\t<\/div>\n\t\t\t\t\t<\/div>\n\t\t\t\t<\/div>\n\t\t\t\t<\/div>\n\t\t","protected":false},"excerpt":{"rendered":"<p>Pol\u00edtica de privacidad 1. 1. Informaci\u00f3n general La protecci\u00f3n de los datos personales es una preocupaci\u00f3n importante de la Confederaci\u00f3n de Grandes Logias de Europa y el Mediterr\u00e1neo (CGLEM). Esta Pol\u00edtica de Privacidad explica c\u00f3mo se recogen y procesan los datos personales de acuerdo con el Reglamento General de Protecci\u00f3n de Datos (RGPD). 2. Controlador [&hellip;]<\/p>\n","protected":false},"author":1,"featured_media":0,"parent":0,"menu_order":101,"comment_status":"closed","ping_status":"closed","template":"","meta":{"ngg_post_thumbnail":0,"footnotes":""},"class_list":["post-6244","page","type-page","status-publish","hentry"],"_links":{"self":[{"href":"https:\/\/cglem.org\/es\/wp-json\/wp\/v2\/pages\/6244","targetHints":{"allow":["GET"]}}],"collection":[{"href":"https:\/\/cglem.org\/es\/wp-json\/wp\/v2\/pages"}],"about":[{"href":"https:\/\/cglem.org\/es\/wp-json\/wp\/v2\/types\/page"}],"author":[{"embeddable":true,"href":"https:\/\/cglem.org\/es\/wp-json\/wp\/v2\/users\/1"}],"replies":[{"embeddable":true,"href":"https:\/\/cglem.org\/es\/wp-json\/wp\/v2\/comments?post=6244"}],"version-history":[{"count":2,"href":"https:\/\/cglem.org\/es\/wp-json\/wp\/v2\/pages\/6244\/revisions"}],"predecessor-version":[{"id":8640,"href":"https:\/\/cglem.org\/es\/wp-json\/wp\/v2\/pages\/6244\/revisions\/8640"}],"wp:attachment":[{"href":"https:\/\/cglem.org\/es\/wp-json\/wp\/v2\/media?parent=6244"}],"curies":[{"name":"wp","href":"https:\/\/api.w.org\/{rel}","templated":true}]}}