{"id":3580,"date":"2023-05-22T17:29:44","date_gmt":"2023-05-22T15:29:44","guid":{"rendered":"https:\/\/seo-berater-salzburg.at\/cglem\/lhistoire-de-la-confederation\/"},"modified":"2023-11-16T17:16:56","modified_gmt":"2023-11-16T16:16:56","slug":"lhistoire-de-la-confederation","status":"publish","type":"page","link":"https:\/\/cglem.org\/fr\/lhistoire-de-la-confederation\/","title":{"rendered":"L\u2019histoire de la Conf\u00e9d\u00e9ration"},"content":{"rendered":"\t\t<div data-elementor-type=\"wp-page\" data-elementor-id=\"3580\" class=\"elementor elementor-3580 elementor-1324\" data-elementor-post-type=\"page\">\n\t\t\t\t<div class=\"elementor-element elementor-element-05b334a animated-slow e-flex e-con-boxed elementor-invisible e-con e-parent\" data-id=\"05b334a\" data-element_type=\"container\" data-e-type=\"container\" data-settings=\"{&quot;background_background&quot;:&quot;classic&quot;,&quot;shape_divider_bottom&quot;:&quot;triangle&quot;,&quot;shape_divider_bottom_negative&quot;:&quot;yes&quot;,&quot;animation&quot;:&quot;fadeIn&quot;,&quot;animation_delay&quot;:0}\">\n\t\t\t\t\t<div class=\"e-con-inner\">\n\t\t\t\t<div class=\"elementor-shape elementor-shape-bottom\" aria-hidden=\"true\" data-negative=\"true\">\n\t\t\t<svg xmlns=\"http:\/\/www.w3.org\/2000\/svg\" viewBox=\"0 0 1000 100\" preserveAspectRatio=\"none\">\n\t<path class=\"elementor-shape-fill\" d=\"M500.2,94.7L0,0v100h1000V0L500.2,94.7z\"\/>\n<\/svg>\t\t<\/div>\n\t\t\t\t<div class=\"elementor-element elementor-element-ce4e6fe elementor-widget elementor-widget-image\" data-id=\"ce4e6fe\" data-element_type=\"widget\" data-e-type=\"widget\" data-widget_type=\"image.default\">\n\t\t\t\t<div class=\"elementor-widget-container\">\n\t\t\t\t\t\t\t\t\t\t\t\t\t\t\t<img decoding=\"async\" width=\"100\" height=\"95\" src=\"https:\/\/cglem.org\/wp-content\/uploads\/2023\/05\/Winkelmass_Zirkel_weiss-klein.png\" class=\"attachment-large size-large wp-image-3319\" alt=\"\" \/>\t\t\t\t\t\t\t\t\t\t\t\t\t\t\t<\/div>\n\t\t\t\t<\/div>\n\t\t\t\t<div class=\"elementor-element elementor-element-47b1d8a elementor-widget elementor-widget-text-editor\" data-id=\"47b1d8a\" data-element_type=\"widget\" data-e-type=\"widget\" data-widget_type=\"text-editor.default\">\n\t\t\t\t<div class=\"elementor-widget-container\">\n\t\t\t\t\t\t\t\t\t<p>C\u2234G\u2234L\u2234E\u2234M\u2234<\/p>\n<h1>Notre histoire<\/h1>\n\t\t\t\t\t\t\t\t<\/div>\n\t\t\t\t<\/div>\n\t\t\t\t\t<\/div>\n\t\t\t\t<\/div>\n\t\t<div class=\"elementor-element elementor-element-9514f98 animated-slow e-flex e-con-boxed elementor-invisible e-con e-parent\" data-id=\"9514f98\" data-element_type=\"container\" data-e-type=\"container\" data-settings=\"{&quot;animation&quot;:&quot;fadeIn&quot;}\">\n\t\t\t\t\t<div class=\"e-con-inner\">\n\t\t\t\t<div class=\"elementor-element elementor-element-1804cc6 elementor-widget elementor-widget-text-editor\" data-id=\"1804cc6\" data-element_type=\"widget\" data-e-type=\"widget\" data-widget_type=\"text-editor.default\">\n\t\t\t\t<div class=\"elementor-widget-container\">\n\t\t\t\t\t\t\t\t\t<h2 style=\"text-align: center;\">Pr\u00e9server la franc-ma\u00e7onnerie dans ses origines<\/h2>\n<p>L&rsquo;histoire de la conf\u00e9d\u00e9ration des \u00ab\u00a0Grandes Loges Unies d&rsquo;Europe et de la M\u00e9diterran\u00e9e\u00a0\u00bb commence au d\u00e9but du nouveau mill\u00e9naire. L&rsquo;origine a \u00e9t\u00e9 justifi\u00e9e par la n\u00e9cessit\u00e9 d&rsquo;am\u00e9liorer l&rsquo;id\u00e9e ma\u00e7onnique de base et un retour aux points de rep\u00e8re, qui \u00e0 l&rsquo;\u00e9poque \u00e9taient expos\u00e9s \u00e0 une forte influence du c\u00f4t\u00e9 commercial dans de nombreuses ob\u00e9diences. De nombreux francs-ma\u00e7ons ne voulaient plus suivre ce type de travail en loge, qui \u00e9tait d\u00e9termin\u00e9 par la politique et l&rsquo;influence du pouvoir. Dans de nombreux endroits, il y a eu une sortie ou une r\u00e9orientation, il a sembl\u00e9 n\u00e9cessaire de construire un nouveau toit.<\/p>\n<p>La pr\u00e9servation de la forme originelle de la franc-ma\u00e7onnerie et son adaptation minutieuse aux exigences de notre \u00e9poque ont abouti \u00e0 la cr\u00e9ation de la \u00ab\u00a0Conf\u00e9d\u00e9ration des Grandes Loges de la M\u00e9diterran\u00e9e et de l&rsquo;Europe du Sud\u00a0\u00bb en 2003. Les statuts de la nouvelle conf\u00e9d\u00e9ration CGLMES ont finalement \u00e9t\u00e9 ratifi\u00e9s \u00e0 Lisbonne en 2006. Bient\u00f4t, de nouveaux pays ont \u00e9t\u00e9 int\u00e9gr\u00e9s et il est rapidement apparu que dans d&rsquo;autres parties de l&rsquo;Europe et de la M\u00e9diterran\u00e9e, il \u00e9tait \u00e9galement n\u00e9cessaire de redonner \u00e0 la franc-ma\u00e7onnerie son visage d&rsquo;origine, en proc\u00e9dant \u00e0 de br\u00e8ves adaptations qui permettent d&rsquo;\u00e9tablir un lien avec notre vie moderne.<\/p>\n<p>Environ cinq ans apr\u00e8s la cr\u00e9ation de la Conf\u00e9d\u00e9ration, il s&rsquo;est av\u00e9r\u00e9 n\u00e9cessaire d&rsquo;adapter l&rsquo;aspect ext\u00e9rieur aux exigences actuelles, ce qui a donn\u00e9 naissance au terme \u00ab\u00a0Conf\u00e9d\u00e9ration de l&rsquo;Europe et de la M\u00e9diterran\u00e9e\u00a0\u00bb, en abr\u00e9g\u00e9 CGLEM. <\/p>\n\t\t\t\t\t\t\t\t<\/div>\n\t\t\t\t<\/div>\n\t\t\t\t\t<\/div>\n\t\t\t\t<\/div>\n\t\t<div class=\"elementor-element elementor-element-c2499a3 animated-slow e-flex e-con-boxed elementor-invisible e-con e-parent\" data-id=\"c2499a3\" data-element_type=\"container\" data-e-type=\"container\" data-settings=\"{&quot;motion_fx_motion_fx_mouse&quot;:&quot;yes&quot;,&quot;animation_mobile&quot;:&quot;fadeIn&quot;,&quot;animation&quot;:&quot;fadeIn&quot;}\">\n\t\t\t\t\t<div class=\"e-con-inner\">\n\t\t\t\t<div class=\"elementor-element elementor-element-5458903 elementor-widget elementor-widget-text-editor\" data-id=\"5458903\" data-element_type=\"widget\" data-e-type=\"widget\" data-widget_type=\"text-editor.default\">\n\t\t\t\t<div class=\"elementor-widget-container\">\n\t\t\t\t\t\t\t\t\t<p>En savoir plus sur notre vision :<\/p>\n\t\t\t\t\t\t\t\t<\/div>\n\t\t\t\t<\/div>\n\t\t\t\t<div class=\"elementor-element elementor-element-3364839 elementor-align-center elementor-widget elementor-widget-button\" data-id=\"3364839\" data-element_type=\"widget\" data-e-type=\"widget\" data-widget_type=\"button.default\">\n\t\t\t\t<div class=\"elementor-widget-container\">\n\t\t\t\t\t\t\t\t\t<div class=\"elementor-button-wrapper\">\n\t\t\t\t\t<a class=\"elementor-button elementor-button-link elementor-size-sm\" href=\"https:\/\/cglem.org\/fr\/vision\/\">\n\t\t\t\t\t\t<span class=\"elementor-button-content-wrapper\">\n\t\t\t\t\t\t\t\t\t<span class=\"elementor-button-text\">Cliquez ici<\/span>\n\t\t\t\t\t<\/span>\n\t\t\t\t\t<\/a>\n\t\t\t\t<\/div>\n\t\t\t\t\t\t\t\t<\/div>\n\t\t\t\t<\/div>\n\t\t\t\t\t<\/div>\n\t\t\t\t<\/div>\n\t\t\t\t<\/div>\n\t\t","protected":false},"excerpt":{"rendered":"<p>C\u2234G\u2234L\u2234E\u2234M\u2234 Notre histoire Pr\u00e9server la franc-ma\u00e7onnerie dans ses origines L&rsquo;histoire de la conf\u00e9d\u00e9ration des \u00ab\u00a0Grandes Loges Unies d&rsquo;Europe et de la M\u00e9diterran\u00e9e\u00a0\u00bb commence au d\u00e9but du nouveau mill\u00e9naire. L&rsquo;origine a \u00e9t\u00e9 justifi\u00e9e par la n\u00e9cessit\u00e9 d&rsquo;am\u00e9liorer l&rsquo;id\u00e9e ma\u00e7onnique de base et un retour aux points de rep\u00e8re, qui \u00e0 l&rsquo;\u00e9poque \u00e9taient expos\u00e9s \u00e0 une forte [&hellip;]<\/p>\n","protected":false},"author":1,"featured_media":3343,"parent":0,"menu_order":2,"comment_status":"closed","ping_status":"closed","template":"","meta":{"ngg_post_thumbnail":0,"footnotes":""},"class_list":["post-3580","page","type-page","status-publish","has-post-thumbnail","hentry"],"_links":{"self":[{"href":"https:\/\/cglem.org\/fr\/wp-json\/wp\/v2\/pages\/3580","targetHints":{"allow":["GET"]}}],"collection":[{"href":"https:\/\/cglem.org\/fr\/wp-json\/wp\/v2\/pages"}],"about":[{"href":"https:\/\/cglem.org\/fr\/wp-json\/wp\/v2\/types\/page"}],"author":[{"embeddable":true,"href":"https:\/\/cglem.org\/fr\/wp-json\/wp\/v2\/users\/1"}],"replies":[{"embeddable":true,"href":"https:\/\/cglem.org\/fr\/wp-json\/wp\/v2\/comments?post=3580"}],"version-history":[{"count":0,"href":"https:\/\/cglem.org\/fr\/wp-json\/wp\/v2\/pages\/3580\/revisions"}],"wp:featuredmedia":[{"embeddable":true,"href":"https:\/\/cglem.org\/fr\/wp-json\/wp\/v2\/media\/3343"}],"wp:attachment":[{"href":"https:\/\/cglem.org\/fr\/wp-json\/wp\/v2\/media?parent=3580"}],"curies":[{"name":"wp","href":"https:\/\/api.w.org\/{rel}","templated":true}]}}