{"id":3589,"date":"2023-05-23T08:49:12","date_gmt":"2023-05-23T06:49:12","guid":{"rendered":"https:\/\/seo-berater-salzburg.at\/cglem\/vision\/"},"modified":"2026-01-19T07:39:09","modified_gmt":"2026-01-19T06:39:09","slug":"vision","status":"publish","type":"page","link":"https:\/\/cglem.org\/fr\/vision\/","title":{"rendered":"Vision"},"content":{"rendered":"\t\t<div data-elementor-type=\"wp-page\" data-elementor-id=\"3589\" class=\"elementor elementor-3589 elementor-1455\" data-elementor-post-type=\"page\">\n\t\t\t\t<div class=\"elementor-element elementor-element-a2a56e9 animated-slow e-flex e-con-boxed elementor-invisible e-con e-parent\" data-id=\"a2a56e9\" data-element_type=\"container\" data-e-type=\"container\" data-settings=\"{&quot;background_background&quot;:&quot;classic&quot;,&quot;shape_divider_bottom&quot;:&quot;triangle&quot;,&quot;shape_divider_bottom_negative&quot;:&quot;yes&quot;,&quot;animation&quot;:&quot;fadeIn&quot;,&quot;animation_delay&quot;:0}\">\n\t\t\t\t\t<div class=\"e-con-inner\">\n\t\t\t\t<div class=\"elementor-shape elementor-shape-bottom\" aria-hidden=\"true\" data-negative=\"true\">\n\t\t\t<svg xmlns=\"http:\/\/www.w3.org\/2000\/svg\" viewBox=\"0 0 1000 100\" preserveAspectRatio=\"none\">\n\t<path class=\"elementor-shape-fill\" d=\"M500.2,94.7L0,0v100h1000V0L500.2,94.7z\"\/>\n<\/svg>\t\t<\/div>\n\t\t\t\t<div class=\"elementor-element elementor-element-28f9f52 elementor-widget elementor-widget-image\" data-id=\"28f9f52\" data-element_type=\"widget\" data-e-type=\"widget\" data-widget_type=\"image.default\">\n\t\t\t\t<div class=\"elementor-widget-container\">\n\t\t\t\t\t\t\t\t\t\t\t\t\t\t\t<img decoding=\"async\" width=\"100\" height=\"95\" src=\"https:\/\/cglem.org\/wp-content\/uploads\/2023\/05\/Winkelmass_Zirkel_weiss-klein.png\" class=\"attachment-large size-large wp-image-3319\" alt=\"\" \/>\t\t\t\t\t\t\t\t\t\t\t\t\t\t\t<\/div>\n\t\t\t\t<\/div>\n\t\t\t\t<div class=\"elementor-element elementor-element-a4a8321 elementor-widget elementor-widget-text-editor\" data-id=\"a4a8321\" data-element_type=\"widget\" data-e-type=\"widget\" data-widget_type=\"text-editor.default\">\n\t\t\t\t<div class=\"elementor-widget-container\">\n\t\t\t\t\t\t\t\t\t<p>C\u2234G\u2234L\u2234E\u2234M\u2234<\/p><h1>Notre vision<\/h1>\t\t\t\t\t\t\t\t<\/div>\n\t\t\t\t<\/div>\n\t\t\t\t\t<\/div>\n\t\t\t\t<\/div>\n\t\t<div class=\"elementor-element elementor-element-9be45df animated-slow e-flex e-con-boxed elementor-invisible e-con e-parent\" data-id=\"9be45df\" data-element_type=\"container\" data-e-type=\"container\" data-settings=\"{&quot;animation&quot;:&quot;fadeIn&quot;}\">\n\t\t\t\t\t<div class=\"e-con-inner\">\n\t\t\t\t<div class=\"elementor-element elementor-element-776dc7e elementor-widget elementor-widget-heading\" data-id=\"776dc7e\" data-element_type=\"widget\" data-e-type=\"widget\" data-widget_type=\"heading.default\">\n\t\t\t\t<div class=\"elementor-widget-container\">\n\t\t\t\t\t<h2 class=\"elementor-heading-title elementor-size-default\">Libert\u00e9, \u00e9galit\u00e9, fraternit\u00e9<\/h2>\t\t\t\t<\/div>\n\t\t\t\t<\/div>\n\t\t\t\t<div class=\"elementor-element elementor-element-e09610b elementor-widget elementor-widget-text-editor\" data-id=\"e09610b\" data-element_type=\"widget\" data-e-type=\"widget\" data-widget_type=\"text-editor.default\">\n\t\t\t\t<div class=\"elementor-widget-container\">\n\t\t\t\t\t\t\t\t\t<p>La franc-ma\u00e7onnerie universelle et son h\u00e9ritage spirituel sont confront\u00e9s \u00e0 de nouveaux d\u00e9fis \u00e0 une \u00e9poque de profonde transformation mondiale. L&rsquo;acc\u00e9l\u00e9ration des changements, l&rsquo;individualisation croissante et l&rsquo;\u00e9rosion des valeurs communes fa\u00e7onnent un monde dans lequel il est de plus en plus difficile de s&rsquo;orienter. Ces \u00e9volutions conduisent \u00e9galement \u00e0 des interpr\u00e9tations et des voies diff\u00e9rentes au sein de la franc-ma\u00e7onnerie mondiale.  <\/p><p>Dans le m\u00eame temps, les tensions politiques, culturelles et religieuses se multiplient \u00e0 travers le monde. Les conflits, les mouvements migratoires et les crises humanitaires sont l&rsquo;expression d&rsquo;une instabilit\u00e9 mondiale qui ne se limite plus \u00e0 certaines r\u00e9gions. En outre, l&rsquo;id\u00e9e que les fronti\u00e8res \u00e9taient d\u00e9finitivement abolies a fait place \u00e0 une r\u00e9alit\u00e9 qui donne \u00e0 r\u00e9fl\u00e9chir : les questions territoriales et les revendications de pouvoir font \u00e0 nouveau partie du paysage politique mondial, y compris en Europe.  <\/p>\t\t\t\t\t\t\t\t<\/div>\n\t\t\t\t<\/div>\n\t\t\t\t<div class=\"elementor-element elementor-element-9b154f1 elementor-widget elementor-widget-heading\" data-id=\"9b154f1\" data-element_type=\"widget\" data-e-type=\"widget\" data-widget_type=\"heading.default\">\n\t\t\t\t<div class=\"elementor-widget-container\">\n\t\t\t\t\t<h3 class=\"elementor-heading-title elementor-size-default\">Un monde en transformation<\/h3>\t\t\t\t<\/div>\n\t\t\t\t<\/div>\n\t\t\t\t<div class=\"elementor-element elementor-element-ab7ecf1 elementor-widget elementor-widget-text-editor\" data-id=\"ab7ecf1\" data-element_type=\"widget\" data-e-type=\"widget\" data-widget_type=\"text-editor.default\">\n\t\t\t\t<div class=\"elementor-widget-container\">\n\t\t\t\t\t\t\t\t\t<p>En cette \u00e9poque complexe o\u00f9 les conditions changent constamment, la franc-ma\u00e7onnerie doit apprendre \u00e0 faire face \u00e0 ces d\u00e9fis, \u00e0 les g\u00e9rer et \u00e0 trouver des r\u00e9ponses fond\u00e9es.<\/p><p>Notre objectif doit donc \u00eatre de pr\u00e9server les \u00e9crits, les r\u00e8gles et les valeurs originales et pr\u00e9cieuses de la franc-ma\u00e7onnerie, ainsi que leur contexte spirituel &#8211; cr\u00e9\u00e9s il y a des si\u00e8cles par des intellectuels et dont le contenu est plus pertinent que jamais &#8211; et de les ancrer fermement dans le XXIe si\u00e8cle. Cela ne peut r\u00e9ussir que si chacun d&rsquo;entre nous \u00e9largit ses propres horizons et s&rsquo;engage dans un discours qui correspond aux dimensions de l&rsquo;ordre mondial d&rsquo;aujourd&rsquo;hui. <\/p>\t\t\t\t\t\t\t\t<\/div>\n\t\t\t\t<\/div>\n\t\t\t\t<div class=\"elementor-element elementor-element-3d1b07a elementor-widget elementor-widget-heading\" data-id=\"3d1b07a\" data-element_type=\"widget\" data-e-type=\"widget\" data-widget_type=\"heading.default\">\n\t\t\t\t<div class=\"elementor-widget-container\">\n\t\t\t\t\t<h3 class=\"elementor-heading-title elementor-size-default\">La responsabilit\u00e9 de la franc-ma\u00e7onnerie<\/h3>\t\t\t\t<\/div>\n\t\t\t\t<\/div>\n\t\t\t\t<div class=\"elementor-element elementor-element-457b558 elementor-widget elementor-widget-text-editor\" data-id=\"457b558\" data-element_type=\"widget\" data-e-type=\"widget\" data-widget_type=\"text-editor.default\">\n\t\t\t\t<div class=\"elementor-widget-container\">\n\t\t\t\t\t\t\t\t\t<p>La Conf\u00e9d\u00e9ration des Grandes Loges d&rsquo;Europe et de la M\u00e9diterran\u00e9e est n\u00e9e il y a un quart de si\u00e8cle de cet environnement pour relever les d\u00e9fis des d\u00e9cennies \u00e0 venir. Notre credo est d&rsquo;\u00eatre \u00e0 la hauteur de ces exigences et d&rsquo;y r\u00e9pondre par des concepts appropri\u00e9s et tourn\u00e9s vers l&rsquo;avenir. Nous cherchons \u00e0 relier et non \u00e0 s\u00e9parer ; c&rsquo;est pourquoi nous avons jet\u00e9 les bases de cet objectif dans une charte de reconnaissance mutuelle.  <\/p><p>En tant qu&rsquo;organisation, nous sommes dans un processus de croissance continue. Outre le d\u00e9veloppement r\u00e9gional au sein de nos Grandes Loges nationales, des n\u00e9gociations d&rsquo;\u00e9largissement sont en cours avec diff\u00e9rents pays &#8211; toujours guid\u00e9es par la recherche de la qualit\u00e9 plut\u00f4t que de la quantit\u00e9. Ce n&rsquo;est pas le nombre de membres qui nous importe, mais leur qualit\u00e9 ma\u00e7onnique et l&rsquo;esprit d&rsquo;harmonie fraternelle entre tous.  <\/p><p>L&rsquo;esprit qui anime notre Conf\u00e9d\u00e9ration est celui d&rsquo;une union entre \u00e9gaux, \u00e9gaux en droits et en devoirs, et orient\u00e9s ensemble vers la seule voie que l&rsquo;on puisse vraiment qualifier de ma\u00e7onnique : celle de l&rsquo;am\u00e9lioration individuelle et du progr\u00e8s collectif. Son but est de former des hommes meilleurs, capables d&rsquo;apporter au monde la Beaut\u00e9, la Solidit\u00e9 et la Sagesse. <\/p><p>Nous partageons le choix d&rsquo;\u00eatre franc-ma\u00e7on afin de nous am\u00e9liorer ensemble par notre travail rituel et individuellement par un effort int\u00e9rieur continu, devenant ainsi les serviteurs d&rsquo;une humanit\u00e9 meilleure et plus \u00e9lev\u00e9e.<\/p>\t\t\t\t\t\t\t\t<\/div>\n\t\t\t\t<\/div>\n\t\t\t\t<div class=\"elementor-element elementor-element-b5c964e elementor-widget elementor-widget-heading\" data-id=\"b5c964e\" data-element_type=\"widget\" data-e-type=\"widget\" data-widget_type=\"heading.default\">\n\t\t\t\t<div class=\"elementor-widget-container\">\n\t\t\t\t\t<h3 class=\"elementor-heading-title elementor-size-default\">Libert\u00e9, \u00e9galit\u00e9 et fraternit\u00e9 aujourd'hui<\/h3>\t\t\t\t<\/div>\n\t\t\t\t<\/div>\n\t\t\t\t<div class=\"elementor-element elementor-element-48dbd1d elementor-widget elementor-widget-text-editor\" data-id=\"48dbd1d\" data-element_type=\"widget\" data-e-type=\"widget\" data-widget_type=\"text-editor.default\">\n\t\t\t\t<div class=\"elementor-widget-container\">\n\t\t\t\t\t\t\t\t\t<p>Actuellement, la pr\u00e9sidence de la Conf\u00e9d\u00e9ration est assur\u00e9e par l&rsquo;Italie, qui m\u00e8ne \u00e9galement les n\u00e9gociations d&rsquo;\u00e9largissement en cours.<\/p><p>Les grands piliers de la franc-ma\u00e7onnerie &#8211; libert\u00e9, \u00e9galit\u00e9 et fraternit\u00e9 &#8211; ainsi que la tol\u00e9rance et l&rsquo;humanit\u00e9, ne sont pas pour nous des reliques d&rsquo;une \u00e9poque r\u00e9volue. Ils repr\u00e9sentent une revendication vivante selon laquelle, \u00e0 c\u00f4t\u00e9 du progr\u00e8s technique, le progr\u00e8s moral et \u00e9thique doit \u00e9galement \u00eatre cultiv\u00e9 et v\u00e9cu. <\/p><p>Notre travail est m\u00e9ditatif, bien s\u00fbr, mais aussi op\u00e9rationnel : l&rsquo;esprit et le c\u0153ur, la pens\u00e9e juste et l&rsquo;action juste. Car si on laisse parler la raison seule, l&rsquo;indiff\u00e9rence, l&rsquo;\u00e9go\u00efsme, la tromperie et le fanatisme peuvent agir. C&rsquo;est pourquoi nous retroussons nos manches et poursuivons notre travail, afin qu&rsquo;avec nos convictions &#8211; en tant qu&rsquo;hommes form\u00e9s \u00e0 la m\u00e9thode de la franc-ma\u00e7onnerie &#8211; avec ceux qui suivent d&rsquo;autres voies de perfection, nous travaillions \u00e0 un objectif commun : que si le XIXe si\u00e8cle a \u00e9t\u00e9 le si\u00e8cle de la libert\u00e9 et le XXe si\u00e8cle le si\u00e8cle de l&rsquo;\u00e9galit\u00e9, ce si\u00e8cle devienne le si\u00e8cle de la fraternit\u00e9.  <\/p><p>Nous ne serons plus des individus isol\u00e9s si nous travaillons ensemble pour que personne ne soit laiss\u00e9 pour compte, et si nous apprenons \u00e0 \u00eatre, tous ensemble et entre tous, des hommes librement \u00e9gaux, \u00e9galement fr\u00e8res, fraternellement libres.<\/p><p>Et le monde sera un peu meilleur si nous apprenons \u00e0 reconna\u00eetre en l&rsquo;autre un \u00eatre humain &#8211; fraternellement \u00e9gal, \u00e9galement libre, et aussi, s&rsquo;il le souhaite et si c&rsquo;est \u00e9crit, librement un Fr\u00e8re.<\/p><p>Non pas en parlant, mais en montrant par notre exemple quotidien qu&rsquo;un monde meilleur est possible.<\/p><p>C&rsquo;est notre fa\u00e7on de vivre la franc-ma\u00e7onnerie &#8211; ensemble et unis : \u00eatre meilleurs pour un monde meilleur.<\/p>\t\t\t\t\t\t\t\t<\/div>\n\t\t\t\t<\/div>\n\t\t\t\t\t<\/div>\n\t\t\t\t<\/div>\n\t\t<div class=\"elementor-element elementor-element-e84a398 e-flex e-con-boxed e-con e-parent\" data-id=\"e84a398\" data-element_type=\"container\" data-e-type=\"container\" id=\"landmarks\" data-settings=\"{&quot;background_background&quot;:&quot;classic&quot;}\">\n\t\t\t\t\t<div class=\"e-con-inner\">\n\t\t\t\t<div class=\"elementor-element elementor-element-c86e560 elementor-widget elementor-widget-text-editor\" data-id=\"c86e560\" data-element_type=\"widget\" data-e-type=\"widget\" data-widget_type=\"text-editor.default\">\n\t\t\t\t<div class=\"elementor-widget-container\">\n\t\t\t\t\t\t\t\t\t<h2 style=\"text-align: center;\">Nos rep\u00e8res<\/h2><p>Nos rep\u00e8res sont in\u00e9branlables et constituent une colonne vert\u00e9brale en ces temps agit\u00e9s et inflationnistes, o\u00f9 des confr\u00e9ries ma\u00e7onniques douteuses surgissent en grand nombre, o\u00f9 l&rsquo;affairisme et la superficialit\u00e9 sont au premier plan et o\u00f9 le s\u00e9rieux de la lign\u00e9e n&rsquo;est pas remis en question.<\/p><p><strong>ce qui nous unit :<\/strong><\/p>\t\t\t\t\t\t\t\t<\/div>\n\t\t\t\t<\/div>\n\t\t\t\t<div class=\"elementor-element elementor-element-7142dab elementor-icon-list--layout-traditional elementor-list-item-link-full_width elementor-widget elementor-widget-icon-list\" data-id=\"7142dab\" data-element_type=\"widget\" data-e-type=\"widget\" data-widget_type=\"icon-list.default\">\n\t\t\t\t<div class=\"elementor-widget-container\">\n\t\t\t\t\t\t\t<ul class=\"elementor-icon-list-items\">\n\t\t\t\t\t\t\t<li class=\"elementor-icon-list-item\">\n\t\t\t\t\t\t\t\t\t\t\t<span class=\"elementor-icon-list-icon\">\n\t\t\t\t\t\t\t<i aria-hidden=\"true\" class=\"fas fa-bookmark\"><\/i>\t\t\t\t\t\t<\/span>\n\t\t\t\t\t\t\t\t\t\t<span class=\"elementor-icon-list-text\">La r\u00e9f\u00e9rence au Grand Architecte de l'Univers<\/span>\n\t\t\t\t\t\t\t\t\t<\/li>\n\t\t\t\t\t\t\t\t<li class=\"elementor-icon-list-item\">\n\t\t\t\t\t\t\t\t\t\t\t<span class=\"elementor-icon-list-icon\">\n\t\t\t\t\t\t\t<i aria-hidden=\"true\" class=\"fas fa-bookmark\"><\/i>\t\t\t\t\t\t<\/span>\n\t\t\t\t\t\t\t\t\t\t<span class=\"elementor-icon-list-text\">La pr\u00e9sence des trois lumi\u00e8res : Le livre saint, l'\u00e9querre et le compas<\/span>\n\t\t\t\t\t\t\t\t\t<\/li>\n\t\t\t\t\t\t\t\t<li class=\"elementor-icon-list-item\">\n\t\t\t\t\t\t\t\t\t\t\t<span class=\"elementor-icon-list-icon\">\n\t\t\t\t\t\t\t<i aria-hidden=\"true\" class=\"fas fa-bookmark\"><\/i>\t\t\t\t\t\t<\/span>\n\t\t\t\t\t\t\t\t\t\t<span class=\"elementor-icon-list-text\">La souverainet\u00e9 de trois grades symboliques<\/span>\n\t\t\t\t\t\t\t\t\t<\/li>\n\t\t\t\t\t\t\t\t<li class=\"elementor-icon-list-item\">\n\t\t\t\t\t\t\t\t\t\t\t<span class=\"elementor-icon-list-icon\">\n\t\t\t\t\t\t\t<i aria-hidden=\"true\" class=\"fas fa-bookmark\"><\/i>\t\t\t\t\t\t<\/span>\n\t\t\t\t\t\t\t\t\t\t<span class=\"elementor-icon-list-text\">La souverainet\u00e9 du syst\u00e8me des hauts degr\u00e9s de l'A.A.S.R.<\/span>\n\t\t\t\t\t\t\t\t\t<\/li>\n\t\t\t\t\t\t\t\t<li class=\"elementor-icon-list-item\">\n\t\t\t\t\t\t\t\t\t\t\t<span class=\"elementor-icon-list-icon\">\n\t\t\t\t\t\t\t<i aria-hidden=\"true\" class=\"fas fa-bookmark\"><\/i>\t\t\t\t\t\t<\/span>\n\t\t\t\t\t\t\t\t\t\t<span class=\"elementor-icon-list-text\">Respect des rep\u00e8res et des coutumes de l'Ordre<\/span>\n\t\t\t\t\t\t\t\t\t<\/li>\n\t\t\t\t\t\t\t\t<li class=\"elementor-icon-list-item\">\n\t\t\t\t\t\t\t\t\t\t\t<span class=\"elementor-icon-list-icon\">\n\t\t\t\t\t\t\t<i aria-hidden=\"true\" class=\"fas fa-bookmark\"><\/i>\t\t\t\t\t\t<\/span>\n\t\t\t\t\t\t\t\t\t\t<span class=\"elementor-icon-list-text\">Respect des lois des pays respectifs<\/span>\n\t\t\t\t\t\t\t\t\t<\/li>\n\t\t\t\t\t\t\t\t<li class=\"elementor-icon-list-item\">\n\t\t\t\t\t\t\t\t\t\t\t<span class=\"elementor-icon-list-icon\">\n\t\t\t\t\t\t\t<i aria-hidden=\"true\" class=\"fas fa-bookmark\"><\/i>\t\t\t\t\t\t<\/span>\n\t\t\t\t\t\t\t\t\t\t<span class=\"elementor-icon-list-text\">Interdiction de toute discussion politique ou religieuse pendant les travaux de la Loge<\/span>\n\t\t\t\t\t\t\t\t\t<\/li>\n\t\t\t\t\t\t\t\t<li class=\"elementor-icon-list-item\">\n\t\t\t\t\t\t\t\t\t\t\t<span class=\"elementor-icon-list-icon\">\n\t\t\t\t\t\t\t<i aria-hidden=\"true\" class=\"fas fa-bookmark\"><\/i>\t\t\t\t\t\t<\/span>\n\t\t\t\t\t\t\t\t\t\t<span class=\"elementor-icon-list-text\">Respect de l'\u00e9thique et tol\u00e9rance ma\u00e7onnique<\/span>\n\t\t\t\t\t\t\t\t\t<\/li>\n\t\t\t\t\t\t\t\t<li class=\"elementor-icon-list-item\">\n\t\t\t\t\t\t\t\t\t\t\t<span class=\"elementor-icon-list-icon\">\n\t\t\t\t\t\t\t<i aria-hidden=\"true\" class=\"fas fa-bookmark\"><\/i>\t\t\t\t\t\t<\/span>\n\t\t\t\t\t\t\t\t\t\t<span class=\"elementor-icon-list-text\">Respect des rituels ma\u00e7onniques<\/span>\n\t\t\t\t\t\t\t\t\t<\/li>\n\t\t\t\t\t\t<\/ul>\n\t\t\t\t\t\t<\/div>\n\t\t\t\t<\/div>\n\t\t\t\t<div class=\"elementor-element elementor-element-670e153 elementor-widget elementor-widget-text-editor\" data-id=\"670e153\" data-element_type=\"widget\" data-e-type=\"widget\" data-widget_type=\"text-editor.default\">\n\t\t\t\t<div class=\"elementor-widget-container\">\n\t\t\t\t\t\t\t\t\t<p>En savoir plus sur notre histoire :<\/p>\t\t\t\t\t\t\t\t<\/div>\n\t\t\t\t<\/div>\n\t\t\t\t<div class=\"elementor-element elementor-element-655706b elementor-align-center elementor-widget elementor-widget-button\" data-id=\"655706b\" data-element_type=\"widget\" data-e-type=\"widget\" data-widget_type=\"button.default\">\n\t\t\t\t<div class=\"elementor-widget-container\">\n\t\t\t\t\t\t\t\t\t<div class=\"elementor-button-wrapper\">\n\t\t\t\t\t<a class=\"elementor-button elementor-button-link elementor-size-sm\" href=\"https:\/\/cglem.org\/fr\/lhistoire-de-la-confederation\/\">\n\t\t\t\t\t\t<span class=\"elementor-button-content-wrapper\">\n\t\t\t\t\t\t\t\t\t<span class=\"elementor-button-text\">Cliquez ici<\/span>\n\t\t\t\t\t<\/span>\n\t\t\t\t\t<\/a>\n\t\t\t\t<\/div>\n\t\t\t\t\t\t\t\t<\/div>\n\t\t\t\t<\/div>\n\t\t\t\t\t<\/div>\n\t\t\t\t<\/div>\n\t\t\t\t<\/div>\n\t\t","protected":false},"excerpt":{"rendered":"<p>C\u2234G\u2234L\u2234E\u2234M\u2234 Notre vision Libert\u00e9, \u00e9galit\u00e9, fraternit\u00e9 La franc-ma\u00e7onnerie universelle et son h\u00e9ritage spirituel sont confront\u00e9s \u00e0 de nouveaux d\u00e9fis \u00e0 une \u00e9poque de profonde transformation mondiale. L&rsquo;acc\u00e9l\u00e9ration des changements, l&rsquo;individualisation croissante et l&rsquo;\u00e9rosion des valeurs communes fa\u00e7onnent un monde dans lequel il est de plus en plus difficile de s&rsquo;orienter. Ces \u00e9volutions conduisent \u00e9galement \u00e0 [&hellip;]<\/p>\n","protected":false},"author":1,"featured_media":3337,"parent":0,"menu_order":3,"comment_status":"closed","ping_status":"closed","template":"","meta":{"ngg_post_thumbnail":0,"footnotes":""},"class_list":["post-3589","page","type-page","status-publish","has-post-thumbnail","hentry"],"_links":{"self":[{"href":"https:\/\/cglem.org\/fr\/wp-json\/wp\/v2\/pages\/3589","targetHints":{"allow":["GET"]}}],"collection":[{"href":"https:\/\/cglem.org\/fr\/wp-json\/wp\/v2\/pages"}],"about":[{"href":"https:\/\/cglem.org\/fr\/wp-json\/wp\/v2\/types\/page"}],"author":[{"embeddable":true,"href":"https:\/\/cglem.org\/fr\/wp-json\/wp\/v2\/users\/1"}],"replies":[{"embeddable":true,"href":"https:\/\/cglem.org\/fr\/wp-json\/wp\/v2\/comments?post=3589"}],"version-history":[{"count":0,"href":"https:\/\/cglem.org\/fr\/wp-json\/wp\/v2\/pages\/3589\/revisions"}],"wp:featuredmedia":[{"embeddable":true,"href":"https:\/\/cglem.org\/fr\/wp-json\/wp\/v2\/media\/3337"}],"wp:attachment":[{"href":"https:\/\/cglem.org\/fr\/wp-json\/wp\/v2\/media?parent=3589"}],"curies":[{"name":"wp","href":"https:\/\/api.w.org\/{rel}","templated":true}]}}