{"id":4982,"date":"2023-05-29T16:35:05","date_gmt":"2023-05-29T14:35:05","guid":{"rendered":"https:\/\/seo-berater-salzburg.at\/cglem\/impression\/"},"modified":"2026-03-22T07:45:47","modified_gmt":"2026-03-22T06:45:47","slug":"impression","status":"publish","type":"page","link":"https:\/\/cglem.org\/fr\/impression\/","title":{"rendered":"Mentions l\u00e9gales"},"content":{"rendered":"\t\t<div data-elementor-type=\"wp-page\" data-elementor-id=\"4982\" class=\"elementor elementor-4982 elementor-2915\" data-elementor-post-type=\"page\">\n\t\t\t\t<div class=\"elementor-element elementor-element-ecbaf80 e-flex e-con-boxed e-con e-parent\" data-id=\"ecbaf80\" data-element_type=\"container\" data-e-type=\"container\">\n\t\t\t\t\t<div class=\"e-con-inner\">\n\t\t\t\t<div class=\"elementor-element elementor-element-e9e98a4 elementor-widget elementor-widget-text-editor\" data-id=\"e9e98a4\" data-element_type=\"widget\" data-e-type=\"widget\" data-widget_type=\"text-editor.default\">\n\t\t\t\t<div class=\"elementor-widget-container\">\n\t\t\t\t\t\t\t\t\t<h1>Mentions l\u00e9gales<\/h1>\t\t\t\t\t\t\t\t<\/div>\n\t\t\t\t<\/div>\n\t\t\t\t<div class=\"elementor-element elementor-element-da06962 elementor-widget elementor-widget-text-editor\" data-id=\"da06962\" data-element_type=\"widget\" data-e-type=\"widget\" data-widget_type=\"text-editor.default\">\n\t\t\t\t<div class=\"elementor-widget-container\">\n\t\t\t\t\t\t\t\t\t<p><strong>Conf\u00e9d\u00e9ration des Grandes Loges d&rsquo;Europe et de la M\u00e9diterran\u00e9e (CGLEM)<\/strong><\/p><p>c\/o Gran Loggia Nazionale dei Liberi Muratori d&rsquo;Italia<br>Code fiscal : 97165070588<\/p><p>Via Paolo Tosti n. 16\/E<br>00199 Roma<br>Italie <br><br><\/p><p>Courriel : info@cglem.org<br><br><\/p><p><strong>Forme juridique :<\/strong><br>Association \u00e0 but non lucratif (Italie)<br><br><\/p><p><strong>Repr\u00e9sent\u00e9 par (repr\u00e9sentant l\u00e9gal) :<\/strong><br>Antonio Cuomo (Pr\u00e9sident)<br><br><\/p><p><strong>Responsable du contenu :<\/strong><br>Antonio Cuomo<br>(m\u00eame adresse que ci-dessus)<br><br><\/p><p><strong>Repr\u00e9sentation officielle<\/strong><\/p><p>La Conf\u00e9d\u00e9ration des Grandes Loges d&rsquo;Europe et de la M\u00e9diterran\u00e9e (CGLEM) est une association internationale dont l&rsquo;objectif est de favoriser la coop\u00e9ration, la reconnaissance mutuelle et le dialogue entre les Grandes Loges d&rsquo;Europe et de la r\u00e9gion m\u00e9diterran\u00e9enne.<\/p><p>La CGLEM, dont le si\u00e8ge est \u00e0 Rome, en Italie, sert de plateforme d&rsquo;\u00e9change, de coordination et de renforcement des relations fraternelles entre les ob\u00e9diences ma\u00e7onniques reconnues.<br><br><\/p><p><strong>Champ d&rsquo;application de ce site web<\/strong><\/p><p>Ce site web est la plate-forme d&rsquo;information officielle de la Conf\u00e9d\u00e9ration des Grandes Loges d&rsquo;Europe et de la M\u00e9diterran\u00e9e.<\/p>\t\t\t\t\t\t\t\t<\/div>\n\t\t\t\t<\/div>\n\t\t\t\t\t<\/div>\n\t\t\t\t<\/div>\n\t\t\t\t<\/div>\n\t\t","protected":false},"excerpt":{"rendered":"<p>Mentions l\u00e9gales Conf\u00e9d\u00e9ration des Grandes Loges d&rsquo;Europe et de la M\u00e9diterran\u00e9e (CGLEM) c\/o Gran Loggia Nazionale dei Liberi Muratori d&rsquo;ItaliaCode fiscal : 97165070588 Via Paolo Tosti n. 16\/E00199 RomaItalie Courriel : info@cglem.org Forme juridique :Association \u00e0 but non lucratif (Italie) Repr\u00e9sent\u00e9 par (repr\u00e9sentant l\u00e9gal) :Antonio Cuomo (Pr\u00e9sident) Responsable du contenu :Antonio Cuomo(m\u00eame adresse que ci-dessus) [&hellip;]<\/p>\n","protected":false},"author":1,"featured_media":0,"parent":0,"menu_order":100,"comment_status":"closed","ping_status":"closed","template":"","meta":{"ngg_post_thumbnail":0,"footnotes":""},"class_list":["post-4982","page","type-page","status-publish","hentry"],"_links":{"self":[{"href":"https:\/\/cglem.org\/fr\/wp-json\/wp\/v2\/pages\/4982","targetHints":{"allow":["GET"]}}],"collection":[{"href":"https:\/\/cglem.org\/fr\/wp-json\/wp\/v2\/pages"}],"about":[{"href":"https:\/\/cglem.org\/fr\/wp-json\/wp\/v2\/types\/page"}],"author":[{"embeddable":true,"href":"https:\/\/cglem.org\/fr\/wp-json\/wp\/v2\/users\/1"}],"replies":[{"embeddable":true,"href":"https:\/\/cglem.org\/fr\/wp-json\/wp\/v2\/comments?post=4982"}],"version-history":[{"count":4,"href":"https:\/\/cglem.org\/fr\/wp-json\/wp\/v2\/pages\/4982\/revisions"}],"predecessor-version":[{"id":8625,"href":"https:\/\/cglem.org\/fr\/wp-json\/wp\/v2\/pages\/4982\/revisions\/8625"}],"wp:attachment":[{"href":"https:\/\/cglem.org\/fr\/wp-json\/wp\/v2\/media?parent=4982"}],"curies":[{"name":"wp","href":"https:\/\/api.w.org\/{rel}","templated":true}]}}