{"id":4986,"date":"2023-05-29T16:42:53","date_gmt":"2023-05-29T14:42:53","guid":{"rendered":"https:\/\/seo-berater-salzburg.at\/cglem\/politique-de-confidentialite\/"},"modified":"2026-03-22T08:01:23","modified_gmt":"2026-03-22T07:01:23","slug":"politique-de-confidentialite","status":"publish","type":"page","link":"https:\/\/cglem.org\/fr\/politique-de-confidentialite\/","title":{"rendered":"Politique de confidentialit\u00e9"},"content":{"rendered":"\t\t<div data-elementor-type=\"wp-page\" data-elementor-id=\"4986\" class=\"elementor elementor-4986 elementor-2923\" data-elementor-post-type=\"page\">\n\t\t\t\t<div class=\"elementor-element elementor-element-99e5b87 e-flex e-con-boxed e-con e-parent\" data-id=\"99e5b87\" data-element_type=\"container\" data-e-type=\"container\">\n\t\t\t\t\t<div class=\"e-con-inner\">\n\t\t\t\t<div class=\"elementor-element elementor-element-7a96460 elementor-widget elementor-widget-text-editor\" data-id=\"7a96460\" data-element_type=\"widget\" data-e-type=\"widget\" data-widget_type=\"text-editor.default\">\n\t\t\t\t<div class=\"elementor-widget-container\">\n\t\t\t\t\t\t\t\t\t<h1>Politique de confidentialit\u00e9<\/h1>\t\t\t\t\t\t\t\t<\/div>\n\t\t\t\t<\/div>\n\t\t\t\t<div class=\"elementor-element elementor-element-3d5c46b elementor-widget elementor-widget-text-editor\" data-id=\"3d5c46b\" data-element_type=\"widget\" data-e-type=\"widget\" data-widget_type=\"text-editor.default\">\n\t\t\t\t<div class=\"elementor-widget-container\">\n\t\t\t\t\t\t\t\t\t<p><strong>1. Informations g\u00e9n\u00e9rales<\/strong><\/p><p>La protection des donn\u00e9es personnelles est une pr\u00e9occupation importante de la Conf\u00e9d\u00e9ration des Grandes Loges d&rsquo;Europe et de la M\u00e9diterran\u00e9e (CGLEM).<\/p><p>La pr\u00e9sente politique de confidentialit\u00e9 explique comment les donn\u00e9es personnelles sont collect\u00e9es et trait\u00e9es conform\u00e9ment au r\u00e8glement g\u00e9n\u00e9ral sur la protection des donn\u00e9es (RGPD).<br><br><\/p><p><strong>2. Contr\u00f4leur<\/strong><\/p><p>Le responsable du traitement des donn\u00e9es sur ce site web est :<\/p><p>Conf\u00e9d\u00e9ration des Grandes Loges d&rsquo;Europe et de la M\u00e9diterran\u00e9e (CGLEM)<br>c\/o Gran Loggia Nazionale dei Liberi Muratori d&rsquo;Italia<br>Code fiscal : 97165070588<\/p><p>Via Paolo Tosti n. 16\/E<br>00199 Rome<br>Italie <\/p><p>Courriel : info@cglem.org<br><br><\/p><p><strong>3. L&rsquo;h\u00e9bergement<\/strong><\/p><p>Ce site est h\u00e9berg\u00e9 par :<\/p><p>Hostinger International Ltd.<\/p><p>Le fournisseur d&rsquo;h\u00e9bergement traite les donn\u00e9es personnelles (telles que les adresses IP) afin d&rsquo;assurer le fonctionnement s\u00e9curis\u00e9 et fiable du site web.<\/p><p>Un accord sur le traitement des donn\u00e9es (DPA) a \u00e9t\u00e9 conclu conform\u00e9ment \u00e0 l&rsquo;art. 28 DU RGPD.<br><br><\/p><p><strong>4. Fichiers journaux du serveur<\/strong><\/p><p>Le fournisseur d&rsquo;h\u00e9bergement recueille et stocke automatiquement des informations dans les fichiers journaux du serveur, y compris :<\/p><p>Adresse IP<br>Type et version du navigateur<br>Syst\u00e8me d&rsquo;exploitation<br>URL de r\u00e9f\u00e9rence<br>Heure de la demande<\/p><p>Ces donn\u00e9es sont trait\u00e9es exclusivement \u00e0 des fins de contr\u00f4le technique et de s\u00e9curit\u00e9.<br><br><\/p><p><strong>5. Cookies et consentement<\/strong> <strong>Gestion<\/strong><\/p><p>Ce site web utilise des cookies.<\/p><p>Le consentement de l&rsquo;utilisateur est g\u00e9r\u00e9 par Borlabs Cookie, ce qui garantit que les cookies non essentiels ne sont install\u00e9s qu&rsquo;avec le consentement explicite de l&rsquo;utilisateur.<\/p><p>Les utilisateurs peuvent modifier ou retirer leur consentement \u00e0 tout moment via les param\u00e8tres des cookies.<br><br><\/p><p><strong>6. Google Analytics<\/strong><\/p><p>Ce site utilise Google Analytics, un service d&rsquo;analyse de site internet fourni par Google Ireland Limited.<\/p><p>Google Analytics utilise des cookies pour analyser l&rsquo;interaction des utilisateurs avec le site web.<\/p><p>Le traitement est exclusivement fond\u00e9 sur le consentement de l&rsquo;utilisateur (article 6, paragraphe 1, point a), du RGPD). <\/p><p>L&rsquo;anonymisation des adresses IP est activ\u00e9e, ce qui garantit que les adresses IP sont raccourcies au sein de l&rsquo;Union europ\u00e9enne avant d&rsquo;\u00eatre transmises.<\/p><p>Les utilisateurs peuvent retirer leur consentement \u00e0 tout moment via les param\u00e8tres des cookies.<br><br><\/p><p><strong>7. Formulaires de contact et d&rsquo;inscription<\/strong><br>Formulaire de contact (Elementor)<\/p><p>Lorsque les utilisateurs nous contactent via le formulaire de contact, les donn\u00e9es suivantes peuvent \u00eatre trait\u00e9es :<\/p><p>Nom<br>Adresse \u00e9lectronique<br>Message<\/p><p>Ces donn\u00e9es sont utilis\u00e9es uniquement pour traiter la demande.<\/p><p>Formulaires d&rsquo;inscription (Formidable Forms)<\/p><p>Les processus d&rsquo;inscription et de communication sont g\u00e9r\u00e9s \u00e0 l&rsquo;aide de Formidable Forms.<\/p><p>Selon le formulaire, les donn\u00e9es suivantes peuvent \u00eatre collect\u00e9es :<\/p><p>Nom<br>Adresse \u00e9lectronique<br>Autres informations fournies volontairement<\/p><p>Le traitement des donn\u00e9es est limit\u00e9 \u00e0 l&rsquo;objectif de traiter la demande en question.<\/p><p>Base juridique :<\/p><p>Art. 6(1)(b) GDPR (mesures pr\u00e9contractuelles)<br>Art. 6(1)(a) GDPR (consentement)<br><br> 8<strong>. Communication par courrier \u00e9lectronique<\/strong><\/p><p>Si les utilisateurs nous contactent par courrier \u00e9lectronique, les donn\u00e9es transmises seront stock\u00e9es et trait\u00e9es dans le but de traiter la demande.<br><br><\/p><p><strong>9. Polices locales<\/strong><\/p><p>Toutes les polices utilis\u00e9es sur ce site web sont h\u00e9berg\u00e9es localement.<br>Aucune connexion avec des fournisseurs de polices externes n&rsquo;est \u00e9tablie.<br><br><\/p><p><strong>10. Performance et optimisation du site web<\/strong><\/p><p>Ce site utilise WP Rocket pour optimiser la vitesse de chargement et les performances.<\/p><p>Ces processus n&rsquo;impliquent pas le traitement de donn\u00e9es \u00e0 caract\u00e8re personnel au-del\u00e0 de ce qui est techniquement n\u00e9cessaire.<br><br><\/p><p><strong>11. Outils de r\u00e9f\u00e9rencement<\/strong><\/p><p>Nous utilisons The SEO Framework pour am\u00e9liorer la visibilit\u00e9 de notre site web dans les moteurs de recherche.<\/p><p>Aucune donn\u00e9e personnelle n&rsquo;est trait\u00e9e au-del\u00e0 de la fonctionnalit\u00e9 standard du site web.<br><br><\/p><p><strong>12. Utilisation du blog<\/strong><\/p><p>Ce site web comprend une section blog.<\/p><p>Aucun compte d&rsquo;utilisateur n&rsquo;est requis<br>Aucune fonctionnalit\u00e9 de commentaire n&rsquo;est fournie<br>Aucune donn\u00e9e personnelle n&rsquo;est collect\u00e9e lors de l&rsquo;acc\u00e8s au contenu du blog<br><br><strong>13. Conservation des donn\u00e9es<\/strong><\/p><p>Les donn\u00e9es personnelles ne sont conserv\u00e9es que le temps n\u00e9cessaire :<\/p><p>Demandes de contact : jusqu&rsquo;\u00e0 ce que la demande ait \u00e9t\u00e9 enti\u00e8rement trait\u00e9e<br>Obligations l\u00e9gales : conform\u00e9ment aux p\u00e9riodes de conservation l\u00e9gales applicables<br><br><strong>14. Droits des personnes concern\u00e9es<\/strong><\/p><p>En vertu du GDPR, les utilisateurs ont les droits suivants :<\/p><p>Droit d&rsquo;acc\u00e8s (Art. 15 GDPR)<br>Droit de rectification (Art. 16 GDPR)<br>Droit d&rsquo;effacement (Art. 17 GDPR)<br>Droit \u00e0 la limitation du traitement (Art. 18 GDPR)<br>Droit \u00e0 la portabilit\u00e9 des donn\u00e9es (Art. 20 GDPR)<br>Droit d&rsquo;opposition (Art. 21 GDPR)<\/p><p>Les utilisateurs ont \u00e9galement le droit de d\u00e9poser une plainte aupr\u00e8s d&rsquo;une autorit\u00e9 de contr\u00f4le.<br><br><\/p><p><strong>15. Retrait du consentement<\/strong><\/p><p>Lorsque le traitement des donn\u00e9es est fond\u00e9 sur le consentement, les utilisateurs peuvent retirer leur consentement \u00e0 tout moment avec effet futur.<br><br><\/p><p><strong>16. Mesures de s\u00e9curit\u00e9<\/strong><\/p><p>Nous mettons en \u0153uvre des mesures techniques et organisationnelles appropri\u00e9es pour prot\u00e9ger les donn\u00e9es personnelles contre l&rsquo;acc\u00e8s non autoris\u00e9, la perte ou l&rsquo;utilisation abusive.<\/p>\t\t\t\t\t\t\t\t<\/div>\n\t\t\t\t<\/div>\n\t\t\t\t\t<\/div>\n\t\t\t\t<\/div>\n\t\t\t\t<\/div>\n\t\t","protected":false},"excerpt":{"rendered":"<p>Politique de confidentialit\u00e9 1. Informations g\u00e9n\u00e9rales La protection des donn\u00e9es personnelles est une pr\u00e9occupation importante de la Conf\u00e9d\u00e9ration des Grandes Loges d&rsquo;Europe et de la M\u00e9diterran\u00e9e (CGLEM). La pr\u00e9sente politique de confidentialit\u00e9 explique comment les donn\u00e9es personnelles sont collect\u00e9es et trait\u00e9es conform\u00e9ment au r\u00e8glement g\u00e9n\u00e9ral sur la protection des donn\u00e9es (RGPD). 2. Contr\u00f4leur Le responsable [&hellip;]<\/p>\n","protected":false},"author":1,"featured_media":0,"parent":0,"menu_order":101,"comment_status":"closed","ping_status":"closed","template":"","meta":{"ngg_post_thumbnail":0,"footnotes":""},"class_list":["post-4986","page","type-page","status-publish","hentry"],"_links":{"self":[{"href":"https:\/\/cglem.org\/fr\/wp-json\/wp\/v2\/pages\/4986","targetHints":{"allow":["GET"]}}],"collection":[{"href":"https:\/\/cglem.org\/fr\/wp-json\/wp\/v2\/pages"}],"about":[{"href":"https:\/\/cglem.org\/fr\/wp-json\/wp\/v2\/types\/page"}],"author":[{"embeddable":true,"href":"https:\/\/cglem.org\/fr\/wp-json\/wp\/v2\/users\/1"}],"replies":[{"embeddable":true,"href":"https:\/\/cglem.org\/fr\/wp-json\/wp\/v2\/comments?post=4986"}],"version-history":[{"count":4,"href":"https:\/\/cglem.org\/fr\/wp-json\/wp\/v2\/pages\/4986\/revisions"}],"predecessor-version":[{"id":8634,"href":"https:\/\/cglem.org\/fr\/wp-json\/wp\/v2\/pages\/4986\/revisions\/8634"}],"wp:attachment":[{"href":"https:\/\/cglem.org\/fr\/wp-json\/wp\/v2\/media?parent=4986"}],"curies":[{"name":"wp","href":"https:\/\/api.w.org\/{rel}","templated":true}]}}