{"id":3591,"date":"2023-05-23T08:49:12","date_gmt":"2023-05-23T06:49:12","guid":{"rendered":"https:\/\/seo-berater-salzburg.at\/cglem\/visione\/"},"modified":"2026-01-19T07:39:09","modified_gmt":"2026-01-19T06:39:09","slug":"visione","status":"publish","type":"page","link":"https:\/\/cglem.org\/it\/visione\/","title":{"rendered":"Visione"},"content":{"rendered":"\t\t<div data-elementor-type=\"wp-page\" data-elementor-id=\"3591\" class=\"elementor elementor-3591 elementor-1455\" data-elementor-post-type=\"page\">\n\t\t\t\t<div class=\"elementor-element elementor-element-a2a56e9 animated-slow e-flex e-con-boxed elementor-invisible e-con e-parent\" data-id=\"a2a56e9\" data-element_type=\"container\" data-e-type=\"container\" data-settings=\"{&quot;background_background&quot;:&quot;classic&quot;,&quot;shape_divider_bottom&quot;:&quot;triangle&quot;,&quot;shape_divider_bottom_negative&quot;:&quot;yes&quot;,&quot;animation&quot;:&quot;fadeIn&quot;,&quot;animation_delay&quot;:0}\">\n\t\t\t\t\t<div class=\"e-con-inner\">\n\t\t\t\t<div class=\"elementor-shape elementor-shape-bottom\" aria-hidden=\"true\" data-negative=\"true\">\n\t\t\t<svg xmlns=\"http:\/\/www.w3.org\/2000\/svg\" viewBox=\"0 0 1000 100\" preserveAspectRatio=\"none\">\n\t<path class=\"elementor-shape-fill\" d=\"M500.2,94.7L0,0v100h1000V0L500.2,94.7z\"\/>\n<\/svg>\t\t<\/div>\n\t\t\t\t<div class=\"elementor-element elementor-element-28f9f52 elementor-widget elementor-widget-image\" data-id=\"28f9f52\" data-element_type=\"widget\" data-e-type=\"widget\" data-widget_type=\"image.default\">\n\t\t\t\t<div class=\"elementor-widget-container\">\n\t\t\t\t\t\t\t\t\t\t\t\t\t\t\t<img decoding=\"async\" width=\"100\" height=\"95\" src=\"https:\/\/cglem.org\/wp-content\/uploads\/2023\/05\/Winkelmass_Zirkel_weiss-klein.png\" class=\"attachment-large size-large wp-image-3320\" alt=\"\" \/>\t\t\t\t\t\t\t\t\t\t\t\t\t\t\t<\/div>\n\t\t\t\t<\/div>\n\t\t\t\t<div class=\"elementor-element elementor-element-a4a8321 elementor-widget elementor-widget-text-editor\" data-id=\"a4a8321\" data-element_type=\"widget\" data-e-type=\"widget\" data-widget_type=\"text-editor.default\">\n\t\t\t\t<div class=\"elementor-widget-container\">\n\t\t\t\t\t\t\t\t\t<p>C\u2234G\u2234L\u2234E\u2234M\u2234<\/p><h1>La nostra visione<\/h1>\t\t\t\t\t\t\t\t<\/div>\n\t\t\t\t<\/div>\n\t\t\t\t\t<\/div>\n\t\t\t\t<\/div>\n\t\t<div class=\"elementor-element elementor-element-9be45df animated-slow e-flex e-con-boxed elementor-invisible e-con e-parent\" data-id=\"9be45df\" data-element_type=\"container\" data-e-type=\"container\" data-settings=\"{&quot;animation&quot;:&quot;fadeIn&quot;}\">\n\t\t\t\t\t<div class=\"e-con-inner\">\n\t\t\t\t<div class=\"elementor-element elementor-element-776dc7e elementor-widget elementor-widget-heading\" data-id=\"776dc7e\" data-element_type=\"widget\" data-e-type=\"widget\" data-widget_type=\"heading.default\">\n\t\t\t\t<div class=\"elementor-widget-container\">\n\t\t\t\t\t<h2 class=\"elementor-heading-title elementor-size-default\">Libert\u00e0, uguaglianza, fraternit\u00e0<\/h2>\t\t\t\t<\/div>\n\t\t\t\t<\/div>\n\t\t\t\t<div class=\"elementor-element elementor-element-e09610b elementor-widget elementor-widget-text-editor\" data-id=\"e09610b\" data-element_type=\"widget\" data-e-type=\"widget\" data-widget_type=\"text-editor.default\">\n\t\t\t\t<div class=\"elementor-widget-container\">\n\t\t\t\t\t\t\t\t\t<p>La Massoneria Universale e la sua eredit\u00e0 spirituale si trovano ad affrontare nuove sfide in un periodo di profonda trasformazione globale. L&#8217;accelerazione del cambiamento, la crescente individualizzazione e l&#8217;erosione dei valori condivisi danno forma a un mondo in cui orientarsi diventa sempre pi\u00f9 difficile. Questi sviluppi stanno portando a interpretazioni e percorsi diversi all&#8217;interno della Massoneria mondiale.  <\/p><p>Allo stesso tempo, le tensioni politiche, culturali e religiose stanno aumentando in tutto il mondo. I conflitti, i movimenti migratori e le crisi umanitarie sono espressione di un&#8217;instabilit\u00e0 globale che non \u00e8 pi\u00f9 limitata a singole regioni. Inoltre, l&#8217;ipotesi che i confini fossero stati definitivamente superati ha lasciato il posto a una realt\u00e0 preoccupante: le questioni territoriali e le rivendicazioni di potere sono tornate a far parte del panorama politico globale, anche in Europa.  <\/p>\t\t\t\t\t\t\t\t<\/div>\n\t\t\t\t<\/div>\n\t\t\t\t<div class=\"elementor-element elementor-element-9b154f1 elementor-widget elementor-widget-heading\" data-id=\"9b154f1\" data-element_type=\"widget\" data-e-type=\"widget\" data-widget_type=\"heading.default\">\n\t\t\t\t<div class=\"elementor-widget-container\">\n\t\t\t\t\t<h3 class=\"elementor-heading-title elementor-size-default\">Un mondo in trasformazione<\/h3>\t\t\t\t<\/div>\n\t\t\t\t<\/div>\n\t\t\t\t<div class=\"elementor-element elementor-element-ab7ecf1 elementor-widget elementor-widget-text-editor\" data-id=\"ab7ecf1\" data-element_type=\"widget\" data-e-type=\"widget\" data-widget_type=\"text-editor.default\">\n\t\t\t\t<div class=\"elementor-widget-container\">\n\t\t\t\t\t\t\t\t\t<p>In quest&#8217;epoca complessa, caratterizzata da condizioni in costante mutamento, la Massoneria deve imparare ad affrontare queste sfide, a gestirle e a trovare risposte fondate.<\/p><p>Il nostro obiettivo deve quindi essere quello di preservare gli scritti, le regole e i valori originali e preziosi della Massoneria, cos\u00ec come il loro contesto spirituale &#8211; creato secoli fa da intellettuali e pi\u00f9 che mai attuale nei contenuti &#8211; e di affermarli saldamente nel XXI secolo. Questo pu\u00f2 avvenire solo se ognuno di noi espande i propri orizzonti e si impegna in un discorso che corrisponde alle dimensioni dell&#8217;ordine mondiale odierno. <\/p>\t\t\t\t\t\t\t\t<\/div>\n\t\t\t\t<\/div>\n\t\t\t\t<div class=\"elementor-element elementor-element-3d1b07a elementor-widget elementor-widget-heading\" data-id=\"3d1b07a\" data-element_type=\"widget\" data-e-type=\"widget\" data-widget_type=\"heading.default\">\n\t\t\t\t<div class=\"elementor-widget-container\">\n\t\t\t\t\t<h3 class=\"elementor-heading-title elementor-size-default\">La responsabilit\u00e0 della Massoneria<\/h3>\t\t\t\t<\/div>\n\t\t\t\t<\/div>\n\t\t\t\t<div class=\"elementor-element elementor-element-457b558 elementor-widget elementor-widget-text-editor\" data-id=\"457b558\" data-element_type=\"widget\" data-e-type=\"widget\" data-widget_type=\"text-editor.default\">\n\t\t\t\t<div class=\"elementor-widget-container\">\n\t\t\t\t\t\t\t\t\t<p>La Confederazione delle Grandi Logge d&#8217;Europa e del Mediterraneo \u00e8 nata un quarto di secolo fa proprio da questo ambiente per affrontare le sfide dei prossimi decenni. Il nostro credo \u00e8 quello di essere all&#8217;altezza di queste esigenze e di rispondere con concetti adeguati e lungimiranti. Cerchiamo di collegare, non di separare; pertanto, abbiamo gettato le basi per questo scopo in una carta di riconoscimento reciproco.  <\/p><p>Come organizzazione, siamo in un continuo processo di crescita. Oltre allo sviluppo regionale all&#8217;interno delle nostre Gran Logge di Paese, sono in corso trattative per l&#8217;allargamento con diversi Paesi, sempre guidati dalla ricerca della qualit\u00e0 piuttosto che della quantit\u00e0. Per noi non \u00e8 importante il numero dei membri, ma la loro qualit\u00e0 massonica e lo spirito di armonia fraterna tra tutti.  <\/p><p>Lo spirito che anima la nostra Confederazione \u00e8 quello dell&#8217;unione tra pari, uguali nei diritti e nei doveri, e orientati congiuntamente verso l&#8217;unico percorso che pu\u00f2 essere veramente definito massonico: il percorso del miglioramento individuale e del progresso collettivo. Il suo scopo \u00e8 quello di forgiare uomini migliori che possano contribuire alla Bellezza, alla Solidit\u00e0 e alla Saggezza del mondo. <\/p><p>Condividiamo la scelta di essere Massoni per migliorarci insieme attraverso il nostro lavoro rituale e individualmente attraverso un continuo sforzo interiore, diventando cos\u00ec servitori di un&#8217;Umanit\u00e0 migliore e pi\u00f9 elevata.<\/p>\t\t\t\t\t\t\t\t<\/div>\n\t\t\t\t<\/div>\n\t\t\t\t<div class=\"elementor-element elementor-element-b5c964e elementor-widget elementor-widget-heading\" data-id=\"b5c964e\" data-element_type=\"widget\" data-e-type=\"widget\" data-widget_type=\"heading.default\">\n\t\t\t\t<div class=\"elementor-widget-container\">\n\t\t\t\t\t<h3 class=\"elementor-heading-title elementor-size-default\">Libert\u00e0, uguaglianza e fratellanza oggi<\/h3>\t\t\t\t<\/div>\n\t\t\t\t<\/div>\n\t\t\t\t<div class=\"elementor-element elementor-element-48dbd1d elementor-widget elementor-widget-text-editor\" data-id=\"48dbd1d\" data-element_type=\"widget\" data-e-type=\"widget\" data-widget_type=\"text-editor.default\">\n\t\t\t\t<div class=\"elementor-widget-container\">\n\t\t\t\t\t\t\t\t\t<p>Attualmente la presidenza della Confederazione \u00e8 detenuta dall&#8217;Italia, che \u00e8 anche alla guida dei negoziati di allargamento in corso.<\/p><p>I grandi pilastri della Massoneria &#8211; Libert\u00e0, Uguaglianza e Fraternit\u00e0 &#8211; insieme alla tolleranza e all&#8217;umanit\u00e0, non sono per noi reliquie di tempi passati. Rappresentano una rivendicazione viva del fatto che, accanto al progresso tecnico, anche il progresso morale ed etico deve essere coltivato e vissuto. <\/p><p>Il nostro lavoro \u00e8 meditativo, certo, ma anche operativo: mente e cuore, giusto pensiero e giusta azione. Perch\u00e9 se si lascia parlare solo la ragione, possono agire l&#8217;indifferenza, l&#8217;egoismo, l&#8217;inganno e il fanatismo. Per questo motivo, ci rimbocchiamo le maniche e continuiamo il nostro lavoro, affinch\u00e9 con le nostre convinzioni &#8211; in quanto uomini formati al metodo della Massoneria &#8211; insieme a coloro che seguono altre vie di perfezione, possiamo lavorare per un obiettivo comune: che se il XIX secolo \u00e8 stato il secolo della libert\u00e0 e il XX secolo il secolo dell&#8217;uguaglianza, questo secolo possa diventare il secolo della fraternit\u00e0.  <\/p><p>Non saremo pi\u00f9 individui isolati se lavoreremo insieme in modo da non lasciare indietro nessuno e se impareremo a essere, tutti insieme e tra tutti, uomini liberamente uguali, ugualmente fratelli, fraternamente liberi.<\/p><p>E il mondo sar\u00e0 un po&#8217; migliore se impareremo a riconoscere nell&#8217;altro un essere umano &#8211; fraternamente uguale, ugualmente libero e anche, se lo desidera e se \u00e8 scritto cos\u00ec, liberamente un Fratello.<\/p><p>Non parlando, ma dimostrando con il nostro esempio quotidiano che un mondo migliore \u00e8 possibile.<\/p><p>Questo \u00e8 il nostro modo di vivere la Massoneria &#8211; insieme e uniti: essere migliori per un mondo migliore.<\/p>\t\t\t\t\t\t\t\t<\/div>\n\t\t\t\t<\/div>\n\t\t\t\t\t<\/div>\n\t\t\t\t<\/div>\n\t\t<div class=\"elementor-element elementor-element-e84a398 e-flex e-con-boxed e-con e-parent\" data-id=\"e84a398\" data-element_type=\"container\" data-e-type=\"container\" id=\"landmarks\" data-settings=\"{&quot;background_background&quot;:&quot;classic&quot;}\">\n\t\t\t\t\t<div class=\"e-con-inner\">\n\t\t\t\t<div class=\"elementor-element elementor-element-c86e560 elementor-widget elementor-widget-text-editor\" data-id=\"c86e560\" data-element_type=\"widget\" data-e-type=\"widget\" data-widget_type=\"text-editor.default\">\n\t\t\t\t<div class=\"elementor-widget-container\">\n\t\t\t\t\t\t\t\t\t<h2 style=\"text-align: center;\">I nostri punti di riferimento<\/h2><p>I nostri punti di riferimento sono inamovibili e costituiscono una spina dorsale in questi tempi sregolati e inflazionistici, in cui sorgono fratellanze massoniche dubbie e variegate, in cui il profitto e la superficialit\u00e0 sono in primo piano e la seriet\u00e0 del lignaggio non \u00e8 messa in discussione.<\/p><p><strong>ci\u00f2 che ci unisce:<\/strong><\/p>\t\t\t\t\t\t\t\t<\/div>\n\t\t\t\t<\/div>\n\t\t\t\t<div class=\"elementor-element elementor-element-7142dab elementor-icon-list--layout-traditional elementor-list-item-link-full_width elementor-widget elementor-widget-icon-list\" data-id=\"7142dab\" data-element_type=\"widget\" data-e-type=\"widget\" data-widget_type=\"icon-list.default\">\n\t\t\t\t<div class=\"elementor-widget-container\">\n\t\t\t\t\t\t\t<ul class=\"elementor-icon-list-items\">\n\t\t\t\t\t\t\t<li class=\"elementor-icon-list-item\">\n\t\t\t\t\t\t\t\t\t\t\t<span class=\"elementor-icon-list-icon\">\n\t\t\t\t\t\t\t<i aria-hidden=\"true\" class=\"fas fa-bookmark\"><\/i>\t\t\t\t\t\t<\/span>\n\t\t\t\t\t\t\t\t\t\t<span class=\"elementor-icon-list-text\">Il riferimento al Grande Architetto dell'Universo<\/span>\n\t\t\t\t\t\t\t\t\t<\/li>\n\t\t\t\t\t\t\t\t<li class=\"elementor-icon-list-item\">\n\t\t\t\t\t\t\t\t\t\t\t<span class=\"elementor-icon-list-icon\">\n\t\t\t\t\t\t\t<i aria-hidden=\"true\" class=\"fas fa-bookmark\"><\/i>\t\t\t\t\t\t<\/span>\n\t\t\t\t\t\t\t\t\t\t<span class=\"elementor-icon-list-text\">La presenza delle tre luci: Il Libro Sacro, il Quadrato e il Compasso<\/span>\n\t\t\t\t\t\t\t\t\t<\/li>\n\t\t\t\t\t\t\t\t<li class=\"elementor-icon-list-item\">\n\t\t\t\t\t\t\t\t\t\t\t<span class=\"elementor-icon-list-icon\">\n\t\t\t\t\t\t\t<i aria-hidden=\"true\" class=\"fas fa-bookmark\"><\/i>\t\t\t\t\t\t<\/span>\n\t\t\t\t\t\t\t\t\t\t<span class=\"elementor-icon-list-text\">La sovranit\u00e0 di tre gradi simbolici<\/span>\n\t\t\t\t\t\t\t\t\t<\/li>\n\t\t\t\t\t\t\t\t<li class=\"elementor-icon-list-item\">\n\t\t\t\t\t\t\t\t\t\t\t<span class=\"elementor-icon-list-icon\">\n\t\t\t\t\t\t\t<i aria-hidden=\"true\" class=\"fas fa-bookmark\"><\/i>\t\t\t\t\t\t<\/span>\n\t\t\t\t\t\t\t\t\t\t<span class=\"elementor-icon-list-text\">La sovranit\u00e0 del sistema degli alti gradi dell'A.A.S.R.<\/span>\n\t\t\t\t\t\t\t\t\t<\/li>\n\t\t\t\t\t\t\t\t<li class=\"elementor-icon-list-item\">\n\t\t\t\t\t\t\t\t\t\t\t<span class=\"elementor-icon-list-icon\">\n\t\t\t\t\t\t\t<i aria-hidden=\"true\" class=\"fas fa-bookmark\"><\/i>\t\t\t\t\t\t<\/span>\n\t\t\t\t\t\t\t\t\t\t<span class=\"elementor-icon-list-text\">Rispetto dei punti di riferimento e delle usanze dell'Ordine<\/span>\n\t\t\t\t\t\t\t\t\t<\/li>\n\t\t\t\t\t\t\t\t<li class=\"elementor-icon-list-item\">\n\t\t\t\t\t\t\t\t\t\t\t<span class=\"elementor-icon-list-icon\">\n\t\t\t\t\t\t\t<i aria-hidden=\"true\" class=\"fas fa-bookmark\"><\/i>\t\t\t\t\t\t<\/span>\n\t\t\t\t\t\t\t\t\t\t<span class=\"elementor-icon-list-text\">Rispetto delle leggi dei rispettivi paesi<\/span>\n\t\t\t\t\t\t\t\t\t<\/li>\n\t\t\t\t\t\t\t\t<li class=\"elementor-icon-list-item\">\n\t\t\t\t\t\t\t\t\t\t\t<span class=\"elementor-icon-list-icon\">\n\t\t\t\t\t\t\t<i aria-hidden=\"true\" class=\"fas fa-bookmark\"><\/i>\t\t\t\t\t\t<\/span>\n\t\t\t\t\t\t\t\t\t\t<span class=\"elementor-icon-list-text\">Divieto di discussioni politiche o religiose durante i lavori in Loggia.<\/span>\n\t\t\t\t\t\t\t\t\t<\/li>\n\t\t\t\t\t\t\t\t<li class=\"elementor-icon-list-item\">\n\t\t\t\t\t\t\t\t\t\t\t<span class=\"elementor-icon-list-icon\">\n\t\t\t\t\t\t\t<i aria-hidden=\"true\" class=\"fas fa-bookmark\"><\/i>\t\t\t\t\t\t<\/span>\n\t\t\t\t\t\t\t\t\t\t<span class=\"elementor-icon-list-text\">Rispetto dell'etica e della tolleranza massonica<\/span>\n\t\t\t\t\t\t\t\t\t<\/li>\n\t\t\t\t\t\t\t\t<li class=\"elementor-icon-list-item\">\n\t\t\t\t\t\t\t\t\t\t\t<span class=\"elementor-icon-list-icon\">\n\t\t\t\t\t\t\t<i aria-hidden=\"true\" class=\"fas fa-bookmark\"><\/i>\t\t\t\t\t\t<\/span>\n\t\t\t\t\t\t\t\t\t\t<span class=\"elementor-icon-list-text\">Rispetto dei rituali massonici<\/span>\n\t\t\t\t\t\t\t\t\t<\/li>\n\t\t\t\t\t\t<\/ul>\n\t\t\t\t\t\t<\/div>\n\t\t\t\t<\/div>\n\t\t\t\t<div class=\"elementor-element elementor-element-670e153 elementor-widget elementor-widget-text-editor\" data-id=\"670e153\" data-element_type=\"widget\" data-e-type=\"widget\" data-widget_type=\"text-editor.default\">\n\t\t\t\t<div class=\"elementor-widget-container\">\n\t\t\t\t\t\t\t\t\t<p>Per saperne di pi\u00f9 sulla nostra storia:<\/p>\t\t\t\t\t\t\t\t<\/div>\n\t\t\t\t<\/div>\n\t\t\t\t<div class=\"elementor-element elementor-element-655706b elementor-align-center elementor-widget elementor-widget-button\" data-id=\"655706b\" data-element_type=\"widget\" data-e-type=\"widget\" data-widget_type=\"button.default\">\n\t\t\t\t<div class=\"elementor-widget-container\">\n\t\t\t\t\t\t\t\t\t<div class=\"elementor-button-wrapper\">\n\t\t\t\t\t<a class=\"elementor-button elementor-button-link elementor-size-sm\" href=\"https:\/\/cglem.org\/it\/la-storia\/\">\n\t\t\t\t\t\t<span class=\"elementor-button-content-wrapper\">\n\t\t\t\t\t\t\t\t\t<span class=\"elementor-button-text\">Clicca qui<\/span>\n\t\t\t\t\t<\/span>\n\t\t\t\t\t<\/a>\n\t\t\t\t<\/div>\n\t\t\t\t\t\t\t\t<\/div>\n\t\t\t\t<\/div>\n\t\t\t\t\t<\/div>\n\t\t\t\t<\/div>\n\t\t\t\t<\/div>\n\t\t","protected":false},"excerpt":{"rendered":"<p>C\u2234G\u2234L\u2234E\u2234M\u2234 La nostra visione Libert\u00e0, uguaglianza, fraternit\u00e0 La Massoneria Universale e la sua eredit\u00e0 spirituale si trovano ad affrontare nuove sfide in un periodo di profonda trasformazione globale. L&#8217;accelerazione del cambiamento, la crescente individualizzazione e l&#8217;erosione dei valori condivisi danno forma a un mondo in cui orientarsi diventa sempre pi\u00f9 difficile. Questi sviluppi stanno portando [&hellip;]<\/p>\n","protected":false},"author":1,"featured_media":3338,"parent":0,"menu_order":3,"comment_status":"closed","ping_status":"closed","template":"","meta":{"ngg_post_thumbnail":0,"footnotes":""},"class_list":["post-3591","page","type-page","status-publish","has-post-thumbnail","hentry"],"_links":{"self":[{"href":"https:\/\/cglem.org\/it\/wp-json\/wp\/v2\/pages\/3591","targetHints":{"allow":["GET"]}}],"collection":[{"href":"https:\/\/cglem.org\/it\/wp-json\/wp\/v2\/pages"}],"about":[{"href":"https:\/\/cglem.org\/it\/wp-json\/wp\/v2\/types\/page"}],"author":[{"embeddable":true,"href":"https:\/\/cglem.org\/it\/wp-json\/wp\/v2\/users\/1"}],"replies":[{"embeddable":true,"href":"https:\/\/cglem.org\/it\/wp-json\/wp\/v2\/comments?post=3591"}],"version-history":[{"count":0,"href":"https:\/\/cglem.org\/it\/wp-json\/wp\/v2\/pages\/3591\/revisions"}],"wp:featuredmedia":[{"embeddable":true,"href":"https:\/\/cglem.org\/it\/wp-json\/wp\/v2\/media\/3338"}],"wp:attachment":[{"href":"https:\/\/cglem.org\/it\/wp-json\/wp\/v2\/media?parent=3591"}],"curies":[{"name":"wp","href":"https:\/\/api.w.org\/{rel}","templated":true}]}}