{"id":4988,"date":"2023-05-29T16:42:53","date_gmt":"2023-05-29T14:42:53","guid":{"rendered":"https:\/\/seo-berater-salzburg.at\/cglem\/informativa-sulla-privacy\/"},"modified":"2026-03-22T08:01:57","modified_gmt":"2026-03-22T07:01:57","slug":"informativa-sulla-privacy","status":"publish","type":"page","link":"https:\/\/cglem.org\/it\/informativa-sulla-privacy\/","title":{"rendered":"Informativa sulla privacy"},"content":{"rendered":"\t\t<div data-elementor-type=\"wp-page\" data-elementor-id=\"4988\" class=\"elementor elementor-4988 elementor-2923\" data-elementor-post-type=\"page\">\n\t\t\t\t<div class=\"elementor-element elementor-element-99e5b87 e-flex e-con-boxed e-con e-parent\" data-id=\"99e5b87\" data-element_type=\"container\" data-e-type=\"container\">\n\t\t\t\t\t<div class=\"e-con-inner\">\n\t\t\t\t<div class=\"elementor-element elementor-element-7a96460 elementor-widget elementor-widget-text-editor\" data-id=\"7a96460\" data-element_type=\"widget\" data-e-type=\"widget\" data-widget_type=\"text-editor.default\">\n\t\t\t\t<div class=\"elementor-widget-container\">\n\t\t\t\t\t\t\t\t\t<h1>Informativa sulla privacy<\/h1>\t\t\t\t\t\t\t\t<\/div>\n\t\t\t\t<\/div>\n\t\t\t\t<div class=\"elementor-element elementor-element-3d5c46b elementor-widget elementor-widget-text-editor\" data-id=\"3d5c46b\" data-element_type=\"widget\" data-e-type=\"widget\" data-widget_type=\"text-editor.default\">\n\t\t\t\t<div class=\"elementor-widget-container\">\n\t\t\t\t\t\t\t\t\t<p><strong>1. Informazioni generali<\/strong><\/p><p>La protezione dei dati personali \u00e8 una preoccupazione importante della Confederazione delle Grandi Logge d&#8217;Europa e del Mediterraneo (CGLEM).<\/p><p>La presente Informativa sulla privacy illustra le modalit\u00e0 di raccolta e trattamento dei dati personali in conformit\u00e0 al Regolamento generale sulla protezione dei dati (GDPR).<br><br><\/p><p><strong>2. Controllore<\/strong><\/p><p>Il responsabile del trattamento dei dati su questo sito web \u00e8:<\/p><p>Confederation of Grand Lodges of Europe &amp; the Mediterranean (CGLEM)<br>c\/o Gran Loggia Nazionale dei Liberi Muratori d&#8217;Italia<br>Codice fiscale: 97165070588<\/p><p>Via Paolo Tosti n. 16\/E<br>00199 Roma<br>Italia <\/p><p>Email: info@cglem.org<br><br><\/p><p><strong>3. Hosting<\/strong><\/p><p>Questo sito web \u00e8 ospitato da:<\/p><p>Hostinger International Ltd.<\/p><p>Il provider di hosting elabora i dati personali (come gli indirizzi IP) per garantire il funzionamento sicuro e affidabile del sito web.<\/p><p>\u00c8 stato stipulato un accordo per il trattamento dei dati (DPA) ai sensi dell&#8217;Art. 28 GDPR.<br><br><\/p><p><strong>4. File di log del server<\/strong><\/p><p>Il provider di hosting raccoglie e memorizza automaticamente informazioni nei file di log del server, tra cui:<\/p><p>Indirizzo IP<br>Tipo e versione del browser<br>Sistema operativo<br>URL di riferimento<br>Ora della richiesta<\/p><p>Questi dati sono trattati esclusivamente per finalit\u00e0 di monitoraggio tecnico e di sicurezza.<br><br><\/p><p><strong>5. Cookie e consenso<\/strong> <strong>Gestione<\/strong><\/p><p>Questo sito web utilizza i cookie.<\/p><p>Il consenso dell&#8217;utente viene gestito tramite Borlabs Cookie, assicurando che i cookie non essenziali vengano impostati solo dopo l&#8217;esplicito consenso dell&#8217;utente.<\/p><p>Gli utenti possono modificare o revocare il loro consenso in qualsiasi momento tramite le impostazioni dei cookie.<br><br><\/p><p><strong>6. Google Analytics<\/strong><\/p><p>Questo sito web utilizza Google Analytics, un servizio di analisi web fornito da Google Ireland Limited.<\/p><p>Google Analytics utilizza i cookie per analizzare le modalit\u00e0 di interazione degli utenti con il sito web.<\/p><p>Il trattamento si basa esclusivamente sul consenso dell&#8217;utente (Art. 6(1)(a) GDPR). <\/p><p>L&#8217;anonimizzazione dell&#8217;IP \u00e8 attivata e garantisce che gli indirizzi IP siano abbreviati all&#8217;interno dell&#8217;Unione Europea prima della trasmissione.<\/p><p>Gli utenti possono revocare il loro consenso in qualsiasi momento attraverso le impostazioni dei cookie.<br><br><\/p><p><strong>7. Moduli di contatto e di registrazione<\/strong><br>Modulo di contatto (Elementor)<\/p><p>Quando gli utenti ci contattano tramite il modulo di contatto, possono essere trattati i seguenti dati:<\/p><p>Nome<br>Indirizzo e-mail<br>Messaggio<\/p><p>Questi dati vengono utilizzati esclusivamente per elaborare la richiesta.<\/p><p>Moduli di registrazione (Formidable Forms)<\/p><p>I processi di registrazione e comunicazione sono gestiti con Formidable Forms.<\/p><p>A seconda del modulo, possono essere raccolti i seguenti dati:<\/p><p>Nome<br>Indirizzo e-mail<br>Altre informazioni fornite volontariamente<\/p><p>Il trattamento dei dati \u00e8 limitato allo scopo di gestire la rispettiva richiesta.<\/p><p>Base legale:<\/p><p>Art. 6(1)(b) GDPR (misure precontrattuali)  Art. 6(1)(b) GDPR (misure precontrattuali)<br>Art. 6(1)(a) GDPR (consenso)  6(1)(a) GDPR (consenso)<br><br> 8<strong>. Comunicazione via e-mail<\/strong><\/p><p>Se gli utenti ci contattano via e-mail, i dati trasmessi saranno memorizzati ed elaborati allo scopo di gestire la richiesta.<br><br><\/p><p><strong>9. Caratteri locali<\/strong><\/p><p>Tutti i font utilizzati in questo sito web sono ospitati localmente.<br>Non viene stabilita alcuna connessione con fornitori di font esterni.<br><br><\/p><p><strong>10. Prestazioni e ottimizzazione del sito web<\/strong><\/p><p>Questo sito web utilizza WP Rocket per ottimizzare la velocit\u00e0 di caricamento e le prestazioni.<\/p><p>Questi processi non comportano il trattamento dei dati personali al di l\u00e0 di quanto tecnicamente necessario.<br><br><\/p><p><strong>11. Strumenti SEO<\/strong><\/p><p>Utilizziamo The SEO Framework per migliorare la visibilit\u00e0 del nostro sito web nei motori di ricerca.<\/p><p>Non vengono elaborati dati personali al di l\u00e0 delle funzionalit\u00e0 standard del sito web.<br><br><\/p><p><strong>12. Utilizzo del blog<\/strong><\/p><p>Questo sito web include una sezione blog.<\/p><p>Non \u00e8 richiesto alcun account utente<br>Non \u00e8 prevista la funzionalit\u00e0 di commento<br>Non vengono raccolti dati personali quando si accede ai contenuti del blog<br><br><strong>13. Conservazione dei dati<\/strong><\/p><p>I dati personali vengono conservati solo per il tempo necessario:<\/p><p>Richieste di contatto: fino a quando la richiesta non \u00e8 stata completamente elaborata<br>Obblighi legali: in base ai periodi di conservazione previsti dalla legge<br><br><strong>14. Diritti dell&#8217;interessato<\/strong><\/p><p>Ai sensi del GDPR, gli utenti hanno i seguenti diritti:<\/p><p>Diritto di accesso (Art. 15 GDPR)<br>Diritto di rettifica (Art. 16 GDPR)<br>Diritto alla cancellazione (Art. 17 GDPR)<br>Diritto alla limitazione del trattamento (Art. 18 GDPR)<br>Diritto alla portabilit\u00e0 dei dati (Art. 20 GDPR)<br>Diritto di opposizione (Art. 21 GDPR)<\/p><p>Gli utenti hanno inoltre il diritto di presentare un reclamo a un&#8217;autorit\u00e0 di vigilanza.<br><br><\/p><p><strong>15. Ritiro del consenso<\/strong><\/p><p>Nel caso in cui il trattamento dei dati sia basato sul consenso, gli utenti possono revocare il proprio consenso in qualsiasi momento con effetto futuro.<br><br><\/p><p><strong>16. Misure di sicurezza<\/strong><\/p><p>Implementiamo misure tecniche e organizzative adeguate per proteggere i dati personali da accessi non autorizzati, perdita o uso improprio.<\/p>\t\t\t\t\t\t\t\t<\/div>\n\t\t\t\t<\/div>\n\t\t\t\t\t<\/div>\n\t\t\t\t<\/div>\n\t\t\t\t<\/div>\n\t\t","protected":false},"excerpt":{"rendered":"<p>Informativa sulla privacy 1. Informazioni generali La protezione dei dati personali \u00e8 una preoccupazione importante della Confederazione delle Grandi Logge d&#8217;Europa e del Mediterraneo (CGLEM). La presente Informativa sulla privacy illustra le modalit\u00e0 di raccolta e trattamento dei dati personali in conformit\u00e0 al Regolamento generale sulla protezione dei dati (GDPR). 2. Controllore Il responsabile del [&hellip;]<\/p>\n","protected":false},"author":1,"featured_media":0,"parent":0,"menu_order":101,"comment_status":"closed","ping_status":"closed","template":"","meta":{"ngg_post_thumbnail":0,"footnotes":""},"class_list":["post-4988","page","type-page","status-publish","hentry"],"_links":{"self":[{"href":"https:\/\/cglem.org\/it\/wp-json\/wp\/v2\/pages\/4988","targetHints":{"allow":["GET"]}}],"collection":[{"href":"https:\/\/cglem.org\/it\/wp-json\/wp\/v2\/pages"}],"about":[{"href":"https:\/\/cglem.org\/it\/wp-json\/wp\/v2\/types\/page"}],"author":[{"embeddable":true,"href":"https:\/\/cglem.org\/it\/wp-json\/wp\/v2\/users\/1"}],"replies":[{"embeddable":true,"href":"https:\/\/cglem.org\/it\/wp-json\/wp\/v2\/comments?post=4988"}],"version-history":[{"count":2,"href":"https:\/\/cglem.org\/it\/wp-json\/wp\/v2\/pages\/4988\/revisions"}],"predecessor-version":[{"id":8636,"href":"https:\/\/cglem.org\/it\/wp-json\/wp\/v2\/pages\/4988\/revisions\/8636"}],"wp:attachment":[{"href":"https:\/\/cglem.org\/it\/wp-json\/wp\/v2\/media?parent=4988"}],"curies":[{"name":"wp","href":"https:\/\/api.w.org\/{rel}","templated":true}]}}