{"id":5653,"date":"2023-05-23T08:49:12","date_gmt":"2023-05-23T06:49:12","guid":{"rendered":"https:\/\/cglem.org\/visao\/"},"modified":"2026-01-19T07:39:09","modified_gmt":"2026-01-19T06:39:09","slug":"visao","status":"publish","type":"page","link":"https:\/\/cglem.org\/pt-pt\/visao\/","title":{"rendered":"Vis\u00e3o"},"content":{"rendered":"\t\t<div data-elementor-type=\"wp-page\" data-elementor-id=\"5653\" class=\"elementor elementor-5653 elementor-1455\" data-elementor-post-type=\"page\">\n\t\t\t\t<div class=\"elementor-element elementor-element-a2a56e9 animated-slow e-flex e-con-boxed elementor-invisible e-con e-parent\" data-id=\"a2a56e9\" data-element_type=\"container\" data-e-type=\"container\" data-settings=\"{&quot;background_background&quot;:&quot;classic&quot;,&quot;shape_divider_bottom&quot;:&quot;triangle&quot;,&quot;shape_divider_bottom_negative&quot;:&quot;yes&quot;,&quot;animation&quot;:&quot;fadeIn&quot;,&quot;animation_delay&quot;:0}\">\n\t\t\t\t\t<div class=\"e-con-inner\">\n\t\t\t\t<div class=\"elementor-shape elementor-shape-bottom\" aria-hidden=\"true\" data-negative=\"true\">\n\t\t\t<svg xmlns=\"http:\/\/www.w3.org\/2000\/svg\" viewBox=\"0 0 1000 100\" preserveAspectRatio=\"none\">\n\t<path class=\"elementor-shape-fill\" d=\"M500.2,94.7L0,0v100h1000V0L500.2,94.7z\"\/>\n<\/svg>\t\t<\/div>\n\t\t\t\t<div class=\"elementor-element elementor-element-28f9f52 elementor-widget elementor-widget-image\" data-id=\"28f9f52\" data-element_type=\"widget\" data-e-type=\"widget\" data-widget_type=\"image.default\">\n\t\t\t\t<div class=\"elementor-widget-container\">\n\t\t\t\t\t\t\t\t\t\t\t\t\t\t\t<img decoding=\"async\" width=\"100\" height=\"95\" src=\"https:\/\/cglem.org\/wp-content\/uploads\/2023\/05\/Winkelmass_Zirkel_weiss-klein.png\" class=\"attachment-large size-large wp-image-1252\" alt=\"\" \/>\t\t\t\t\t\t\t\t\t\t\t\t\t\t\t<\/div>\n\t\t\t\t<\/div>\n\t\t\t\t<div class=\"elementor-element elementor-element-a4a8321 elementor-widget elementor-widget-text-editor\" data-id=\"a4a8321\" data-element_type=\"widget\" data-e-type=\"widget\" data-widget_type=\"text-editor.default\">\n\t\t\t\t<div class=\"elementor-widget-container\">\n\t\t\t\t\t\t\t\t\t<p>C\u2234G\u2234L\u2234E\u2234M\u2234<\/p><h1>A nossa vis\u00e3o<\/h1>\t\t\t\t\t\t\t\t<\/div>\n\t\t\t\t<\/div>\n\t\t\t\t\t<\/div>\n\t\t\t\t<\/div>\n\t\t<div class=\"elementor-element elementor-element-9be45df animated-slow e-flex e-con-boxed elementor-invisible e-con e-parent\" data-id=\"9be45df\" data-element_type=\"container\" data-e-type=\"container\" data-settings=\"{&quot;animation&quot;:&quot;fadeIn&quot;}\">\n\t\t\t\t\t<div class=\"e-con-inner\">\n\t\t\t\t<div class=\"elementor-element elementor-element-776dc7e elementor-widget elementor-widget-heading\" data-id=\"776dc7e\" data-element_type=\"widget\" data-e-type=\"widget\" data-widget_type=\"heading.default\">\n\t\t\t\t<div class=\"elementor-widget-container\">\n\t\t\t\t\t<h2 class=\"elementor-heading-title elementor-size-default\">Liberdade, Igualdade, Fraternidade<\/h2>\t\t\t\t<\/div>\n\t\t\t\t<\/div>\n\t\t\t\t<div class=\"elementor-element elementor-element-e09610b elementor-widget elementor-widget-text-editor\" data-id=\"e09610b\" data-element_type=\"widget\" data-e-type=\"widget\" data-widget_type=\"text-editor.default\">\n\t\t\t\t<div class=\"elementor-widget-container\">\n\t\t\t\t\t\t\t\t\t<p>A Ma\u00e7onaria Universal e a sua heran\u00e7a espiritual est\u00e3o a enfrentar novos desafios numa \u00e9poca de profunda transforma\u00e7\u00e3o global. A mudan\u00e7a acelerada, a individualiza\u00e7\u00e3o crescente e a eros\u00e3o dos valores partilhados moldam um mundo em que a orienta\u00e7\u00e3o se est\u00e1 a tornar cada vez mais dif\u00edcil. Estes desenvolvimentos est\u00e3o tamb\u00e9m a conduzir a diferentes interpreta\u00e7\u00f5es e caminhos dentro da Ma\u00e7onaria mundial.  <\/p><p>Ao mesmo tempo, as tens\u00f5es pol\u00edticas, culturais e religiosas est\u00e3o a aumentar em todo o mundo. Os conflitos, os movimentos migrat\u00f3rios e as crises humanit\u00e1rias s\u00e3o express\u00f5es de uma instabilidade global que j\u00e1 n\u00e3o est\u00e1 confinada a regi\u00f5es individuais. Al\u00e9m disso, o pressuposto de que as fronteiras tinham sido definitivamente ultrapassadas deu lugar a uma realidade preocupante: as quest\u00f5es territoriais e as reivindica\u00e7\u00f5es de poder voltaram a fazer parte da paisagem pol\u00edtica mundial &#8211; incluindo na Europa.  <\/p>\t\t\t\t\t\t\t\t<\/div>\n\t\t\t\t<\/div>\n\t\t\t\t<div class=\"elementor-element elementor-element-9b154f1 elementor-widget elementor-widget-heading\" data-id=\"9b154f1\" data-element_type=\"widget\" data-e-type=\"widget\" data-widget_type=\"heading.default\">\n\t\t\t\t<div class=\"elementor-widget-container\">\n\t\t\t\t\t<h3 class=\"elementor-heading-title elementor-size-default\">Um mundo em transforma\u00e7\u00e3o<\/h3>\t\t\t\t<\/div>\n\t\t\t\t<\/div>\n\t\t\t\t<div class=\"elementor-element elementor-element-ab7ecf1 elementor-widget elementor-widget-text-editor\" data-id=\"ab7ecf1\" data-element_type=\"widget\" data-e-type=\"widget\" data-widget_type=\"text-editor.default\">\n\t\t\t\t<div class=\"elementor-widget-container\">\n\t\t\t\t\t\t\t\t\t<p>Nesta era complexa de condi\u00e7\u00f5es em constante mudan\u00e7a, a Ma\u00e7onaria tem de aprender a enfrentar estes desafios, a lidar com eles e a encontrar respostas bem fundamentadas.<\/p><p>Deve, portanto, ser nosso objetivo preservar os escritos originais e valiosos, as regras e os valores da Ma\u00e7onaria, bem como o seu contexto espiritual &#8211; criados h\u00e1 s\u00e9culos por intelectuais e mais relevantes em conte\u00fado do que nunca &#8211; e estabelec\u00ea-los firmemente no s\u00e9culo XXI. Isto s\u00f3 pode ser bem sucedido se cada um de n\u00f3s expandir os seus pr\u00f3prios horizontes e se envolver num discurso que corresponda \u00e0s dimens\u00f5es da ordem mundial atual. <\/p>\t\t\t\t\t\t\t\t<\/div>\n\t\t\t\t<\/div>\n\t\t\t\t<div class=\"elementor-element elementor-element-3d1b07a elementor-widget elementor-widget-heading\" data-id=\"3d1b07a\" data-element_type=\"widget\" data-e-type=\"widget\" data-widget_type=\"heading.default\">\n\t\t\t\t<div class=\"elementor-widget-container\">\n\t\t\t\t\t<h3 class=\"elementor-heading-title elementor-size-default\">A responsabilidade da Ma\u00e7onaria<\/h3>\t\t\t\t<\/div>\n\t\t\t\t<\/div>\n\t\t\t\t<div class=\"elementor-element elementor-element-457b558 elementor-widget elementor-widget-text-editor\" data-id=\"457b558\" data-element_type=\"widget\" data-e-type=\"widget\" data-widget_type=\"text-editor.default\">\n\t\t\t\t<div class=\"elementor-widget-container\">\n\t\t\t\t\t\t\t\t\t<p>A Confedera\u00e7\u00e3o das Grandes Lojas da Europa e do Mediterr\u00e2neo surgiu h\u00e1 um quarto de s\u00e9culo, precisamente neste ambiente, para fazer face aos desafios das pr\u00f3ximas d\u00e9cadas. O nosso credo \u00e9 estar \u00e0 altura destas exig\u00eancias e responder com conceitos adequados e virados para o futuro. Procuramos ligar, n\u00e3o separar; por isso, lan\u00e7\u00e1mos as bases para este objetivo numa carta de reconhecimento m\u00fatuo.  <\/p><p>Como organiza\u00e7\u00e3o, estamos num processo cont\u00ednuo de crescimento. Para al\u00e9m do desenvolvimento regional dentro das nossas Grandes Lojas Nacionais, est\u00e3o em curso negocia\u00e7\u00f5es de alargamento com v\u00e1rios pa\u00edses &#8211; sempre guiados pela procura da qualidade e n\u00e3o da quantidade. N\u00e3o \u00e9 o n\u00famero de membros que nos interessa, mas a sua qualidade ma\u00e7\u00f3nica e o esp\u00edrito de harmonia fraterna entre todos.  <\/p><p>O esp\u00edrito que anima a nossa Confedera\u00e7\u00e3o \u00e9 o da uni\u00e3o entre iguais, iguais em direitos e deveres, e orientados conjuntamente para o \u00fanico caminho que pode ser verdadeiramente chamado de ma\u00e7\u00f3nico: o caminho do aperfei\u00e7oamento individual e do progresso coletivo. O seu objetivo \u00e9 forjar homens melhores que possam contribuir com Beleza, Solidez e Sabedoria para o mundo. <\/p><p>Partilhamos a escolha de ser Ma\u00e7ons para nos melhorarmos juntos atrav\u00e9s do nosso trabalho ritual e individualmente atrav\u00e9s de um esfor\u00e7o interior cont\u00ednuo, tornando-nos assim servidores de uma Humanidade melhor e mais elevada.<\/p>\t\t\t\t\t\t\t\t<\/div>\n\t\t\t\t<\/div>\n\t\t\t\t<div class=\"elementor-element elementor-element-b5c964e elementor-widget elementor-widget-heading\" data-id=\"b5c964e\" data-element_type=\"widget\" data-e-type=\"widget\" data-widget_type=\"heading.default\">\n\t\t\t\t<div class=\"elementor-widget-container\">\n\t\t\t\t\t<h3 class=\"elementor-heading-title elementor-size-default\">Liberdade, igualdade e fraternidade hoje<\/h3>\t\t\t\t<\/div>\n\t\t\t\t<\/div>\n\t\t\t\t<div class=\"elementor-element elementor-element-48dbd1d elementor-widget elementor-widget-text-editor\" data-id=\"48dbd1d\" data-element_type=\"widget\" data-e-type=\"widget\" data-widget_type=\"text-editor.default\">\n\t\t\t\t<div class=\"elementor-widget-container\">\n\t\t\t\t\t\t\t\t\t<p>Atualmente, a Presid\u00eancia da Confedera\u00e7\u00e3o \u00e9 exercida pela It\u00e1lia, que tamb\u00e9m lidera as actuais negocia\u00e7\u00f5es de alargamento.<\/p><p>Os grandes pilares da Ma\u00e7onaria &#8211; Liberdade, Igualdade e Fraternidade &#8211; juntamente com a toler\u00e2ncia e a humanidade, n\u00e3o s\u00e3o para n\u00f3s rel\u00edquias de tempos passados. Representam uma afirma\u00e7\u00e3o viva de que, a par do progresso t\u00e9cnico, tamb\u00e9m o progresso moral e \u00e9tico deve ser cultivado e vivido. <\/p><p>O nosso trabalho \u00e9 meditativo, claro, mas tamb\u00e9m operativo: mente e cora\u00e7\u00e3o, pensamento correto e a\u00e7\u00e3o correta. Porque se deixares a raz\u00e3o falar sozinha, a indiferen\u00e7a, o ego\u00edsmo, o engano e o fanatismo podem atuar. Por isso, arrega\u00e7amos as mangas e continuamos o nosso trabalho, para que com as nossas convic\u00e7\u00f5es &#8211; como homens formados no m\u00e9todo da Ma\u00e7onaria &#8211; juntamente com aqueles que seguem outros caminhos de perfei\u00e7\u00e3o, possamos trabalhar para um objetivo comum: que se o s\u00e9culo XIX foi o S\u00e9culo da Liberdade e o s\u00e9culo XX o S\u00e9culo da Igualdade, este s\u00e9culo se torne o S\u00e9culo da Fraternidade.  <\/p><p>Deixaremos de ser indiv\u00edduos isolados se trabalharmos em conjunto para que ningu\u00e9m fique para tr\u00e1s, e se aprendermos a ser, todos juntos e entre todos, homens livremente iguais, igualmente irm\u00e3os, fraternalmente livres.<\/p><p>E o mundo ser\u00e1 um pouco melhor se aprendermos a reconhecer no outro um ser humano &#8211; fraternalmente igual, igualmente livre, e tamb\u00e9m, se assim o desejar e se assim estiver escrito, livremente um Irm\u00e3o.<\/p><p>N\u00e3o falando, mas mostrando atrav\u00e9s do nosso exemplo di\u00e1rio que \u00e9 poss\u00edvel um mundo melhor.<\/p><p>Esta \u00e9 a nossa forma de viver a Ma\u00e7onaria &#8211; juntos e unidos: sermos melhores para um mundo melhor.<\/p>\t\t\t\t\t\t\t\t<\/div>\n\t\t\t\t<\/div>\n\t\t\t\t\t<\/div>\n\t\t\t\t<\/div>\n\t\t<div class=\"elementor-element elementor-element-e84a398 e-flex e-con-boxed e-con e-parent\" data-id=\"e84a398\" data-element_type=\"container\" data-e-type=\"container\" id=\"landmarks\" data-settings=\"{&quot;background_background&quot;:&quot;classic&quot;}\">\n\t\t\t\t\t<div class=\"e-con-inner\">\n\t\t\t\t<div class=\"elementor-element elementor-element-c86e560 elementor-widget elementor-widget-text-editor\" data-id=\"c86e560\" data-element_type=\"widget\" data-e-type=\"widget\" data-widget_type=\"text-editor.default\">\n\t\t\t\t<div class=\"elementor-widget-container\">\n\t\t\t\t\t\t\t\t\t<h2 style=\"text-align: center;\">Os nossos marcos<\/h2><p>Os nossos marcos s\u00e3o inamov\u00edveis e constituem uma espinha dorsal nestes tempos desregrados e inflacion\u00e1rios, em que as confrarias ma\u00e7\u00f3nicas duvidosas surgem em grande variedade, o lucro e a superficialidade est\u00e3o em primeiro plano e a seriedade da linhagem n\u00e3o \u00e9 posta em causa.<\/p><p><strong>o que nos une:<\/strong><\/p>\t\t\t\t\t\t\t\t<\/div>\n\t\t\t\t<\/div>\n\t\t\t\t<div class=\"elementor-element elementor-element-7142dab elementor-icon-list--layout-traditional elementor-list-item-link-full_width elementor-widget elementor-widget-icon-list\" data-id=\"7142dab\" data-element_type=\"widget\" data-e-type=\"widget\" data-widget_type=\"icon-list.default\">\n\t\t\t\t<div class=\"elementor-widget-container\">\n\t\t\t\t\t\t\t<ul class=\"elementor-icon-list-items\">\n\t\t\t\t\t\t\t<li class=\"elementor-icon-list-item\">\n\t\t\t\t\t\t\t\t\t\t\t<span class=\"elementor-icon-list-icon\">\n\t\t\t\t\t\t\t<i aria-hidden=\"true\" class=\"fas fa-bookmark\"><\/i>\t\t\t\t\t\t<\/span>\n\t\t\t\t\t\t\t\t\t\t<span class=\"elementor-icon-list-text\">A refer\u00eancia ao Grande Arquiteto do Universo<\/span>\n\t\t\t\t\t\t\t\t\t<\/li>\n\t\t\t\t\t\t\t\t<li class=\"elementor-icon-list-item\">\n\t\t\t\t\t\t\t\t\t\t\t<span class=\"elementor-icon-list-icon\">\n\t\t\t\t\t\t\t<i aria-hidden=\"true\" class=\"fas fa-bookmark\"><\/i>\t\t\t\t\t\t<\/span>\n\t\t\t\t\t\t\t\t\t\t<span class=\"elementor-icon-list-text\">A presen\u00e7a das Tr\u00eas Luzes: O Livro Sagrado, o Esquadro e o Compasso<\/span>\n\t\t\t\t\t\t\t\t\t<\/li>\n\t\t\t\t\t\t\t\t<li class=\"elementor-icon-list-item\">\n\t\t\t\t\t\t\t\t\t\t\t<span class=\"elementor-icon-list-icon\">\n\t\t\t\t\t\t\t<i aria-hidden=\"true\" class=\"fas fa-bookmark\"><\/i>\t\t\t\t\t\t<\/span>\n\t\t\t\t\t\t\t\t\t\t<span class=\"elementor-icon-list-text\">A soberania de tr\u00eas graus simb\u00f3licos<\/span>\n\t\t\t\t\t\t\t\t\t<\/li>\n\t\t\t\t\t\t\t\t<li class=\"elementor-icon-list-item\">\n\t\t\t\t\t\t\t\t\t\t\t<span class=\"elementor-icon-list-icon\">\n\t\t\t\t\t\t\t<i aria-hidden=\"true\" class=\"fas fa-bookmark\"><\/i>\t\t\t\t\t\t<\/span>\n\t\t\t\t\t\t\t\t\t\t<span class=\"elementor-icon-list-text\">A Soberania do Sistema de Alto Grau da A.A.S.R.<\/span>\n\t\t\t\t\t\t\t\t\t<\/li>\n\t\t\t\t\t\t\t\t<li class=\"elementor-icon-list-item\">\n\t\t\t\t\t\t\t\t\t\t\t<span class=\"elementor-icon-list-icon\">\n\t\t\t\t\t\t\t<i aria-hidden=\"true\" class=\"fas fa-bookmark\"><\/i>\t\t\t\t\t\t<\/span>\n\t\t\t\t\t\t\t\t\t\t<span class=\"elementor-icon-list-text\">Respeito pelos marcos e costumes da Ordem<\/span>\n\t\t\t\t\t\t\t\t\t<\/li>\n\t\t\t\t\t\t\t\t<li class=\"elementor-icon-list-item\">\n\t\t\t\t\t\t\t\t\t\t\t<span class=\"elementor-icon-list-icon\">\n\t\t\t\t\t\t\t<i aria-hidden=\"true\" class=\"fas fa-bookmark\"><\/i>\t\t\t\t\t\t<\/span>\n\t\t\t\t\t\t\t\t\t\t<span class=\"elementor-icon-list-text\">Respeito pelas leis dos respectivos pa\u00edses<\/span>\n\t\t\t\t\t\t\t\t\t<\/li>\n\t\t\t\t\t\t\t\t<li class=\"elementor-icon-list-item\">\n\t\t\t\t\t\t\t\t\t\t\t<span class=\"elementor-icon-list-icon\">\n\t\t\t\t\t\t\t<i aria-hidden=\"true\" class=\"fas fa-bookmark\"><\/i>\t\t\t\t\t\t<\/span>\n\t\t\t\t\t\t\t\t\t\t<span class=\"elementor-icon-list-text\">Proibi\u00e7\u00e3o de qualquer discuss\u00e3o pol\u00edtica ou religiosa durante os trabalhos na Loja<\/span>\n\t\t\t\t\t\t\t\t\t<\/li>\n\t\t\t\t\t\t\t\t<li class=\"elementor-icon-list-item\">\n\t\t\t\t\t\t\t\t\t\t\t<span class=\"elementor-icon-list-icon\">\n\t\t\t\t\t\t\t<i aria-hidden=\"true\" class=\"fas fa-bookmark\"><\/i>\t\t\t\t\t\t<\/span>\n\t\t\t\t\t\t\t\t\t\t<span class=\"elementor-icon-list-text\">Respeito pela \u00e9tica e toler\u00e2ncia ma\u00e7\u00f3nica<\/span>\n\t\t\t\t\t\t\t\t\t<\/li>\n\t\t\t\t\t\t\t\t<li class=\"elementor-icon-list-item\">\n\t\t\t\t\t\t\t\t\t\t\t<span class=\"elementor-icon-list-icon\">\n\t\t\t\t\t\t\t<i aria-hidden=\"true\" class=\"fas fa-bookmark\"><\/i>\t\t\t\t\t\t<\/span>\n\t\t\t\t\t\t\t\t\t\t<span class=\"elementor-icon-list-text\">Respeito pelos rituais ma\u00e7\u00f3nicos<\/span>\n\t\t\t\t\t\t\t\t\t<\/li>\n\t\t\t\t\t\t<\/ul>\n\t\t\t\t\t\t<\/div>\n\t\t\t\t<\/div>\n\t\t\t\t<div class=\"elementor-element elementor-element-670e153 elementor-widget elementor-widget-text-editor\" data-id=\"670e153\" data-element_type=\"widget\" data-e-type=\"widget\" data-widget_type=\"text-editor.default\">\n\t\t\t\t<div class=\"elementor-widget-container\">\n\t\t\t\t\t\t\t\t\t<p>Saiba mais sobre a nossa hist\u00f3ria:<\/p>\t\t\t\t\t\t\t\t<\/div>\n\t\t\t\t<\/div>\n\t\t\t\t<div class=\"elementor-element elementor-element-655706b elementor-align-center elementor-widget elementor-widget-button\" data-id=\"655706b\" data-element_type=\"widget\" data-e-type=\"widget\" data-widget_type=\"button.default\">\n\t\t\t\t<div class=\"elementor-widget-container\">\n\t\t\t\t\t\t\t\t\t<div class=\"elementor-button-wrapper\">\n\t\t\t\t\t<a class=\"elementor-button elementor-button-link elementor-size-sm\" href=\"https:\/\/cglem.org\/pt-pt\/historia\/\">\n\t\t\t\t\t\t<span class=\"elementor-button-content-wrapper\">\n\t\t\t\t\t\t\t\t\t<span class=\"elementor-button-text\">Clique aqui<\/span>\n\t\t\t\t\t<\/span>\n\t\t\t\t\t<\/a>\n\t\t\t\t<\/div>\n\t\t\t\t\t\t\t\t<\/div>\n\t\t\t\t<\/div>\n\t\t\t\t\t<\/div>\n\t\t\t\t<\/div>\n\t\t\t\t<\/div>\n\t\t","protected":false},"excerpt":{"rendered":"<p>C\u2234G\u2234L\u2234E\u2234M\u2234 A nossa vis\u00e3o Liberdade, Igualdade, Fraternidade A Ma\u00e7onaria Universal e a sua heran\u00e7a espiritual est\u00e3o a enfrentar novos desafios numa \u00e9poca de profunda transforma\u00e7\u00e3o global. A mudan\u00e7a acelerada, a individualiza\u00e7\u00e3o crescente e a eros\u00e3o dos valores partilhados moldam um mundo em que a orienta\u00e7\u00e3o se est\u00e1 a tornar cada vez mais dif\u00edcil. Estes desenvolvimentos [&hellip;]<\/p>\n","protected":false},"author":1,"featured_media":5654,"parent":0,"menu_order":3,"comment_status":"closed","ping_status":"closed","template":"","meta":{"ngg_post_thumbnail":0,"footnotes":""},"class_list":["post-5653","page","type-page","status-publish","has-post-thumbnail","hentry"],"_links":{"self":[{"href":"https:\/\/cglem.org\/pt-pt\/wp-json\/wp\/v2\/pages\/5653","targetHints":{"allow":["GET"]}}],"collection":[{"href":"https:\/\/cglem.org\/pt-pt\/wp-json\/wp\/v2\/pages"}],"about":[{"href":"https:\/\/cglem.org\/pt-pt\/wp-json\/wp\/v2\/types\/page"}],"author":[{"embeddable":true,"href":"https:\/\/cglem.org\/pt-pt\/wp-json\/wp\/v2\/users\/1"}],"replies":[{"embeddable":true,"href":"https:\/\/cglem.org\/pt-pt\/wp-json\/wp\/v2\/comments?post=5653"}],"version-history":[{"count":0,"href":"https:\/\/cglem.org\/pt-pt\/wp-json\/wp\/v2\/pages\/5653\/revisions"}],"wp:featuredmedia":[{"embeddable":true,"href":"https:\/\/cglem.org\/pt-pt\/wp-json\/wp\/v2\/media\/5654"}],"wp:attachment":[{"href":"https:\/\/cglem.org\/pt-pt\/wp-json\/wp\/v2\/media?parent=5653"}],"curies":[{"name":"wp","href":"https:\/\/api.w.org\/{rel}","templated":true}]}}