{"id":6220,"date":"2023-05-29T16:35:05","date_gmt":"2023-05-29T14:35:05","guid":{"rendered":"https:\/\/cglem.org\/impressao\/"},"modified":"2026-03-22T07:43:57","modified_gmt":"2026-03-22T06:43:57","slug":"impressao","status":"publish","type":"page","link":"https:\/\/cglem.org\/pt-pt\/impressao\/","title":{"rendered":"Impress\u00e3o"},"content":{"rendered":"\t\t<div data-elementor-type=\"wp-page\" data-elementor-id=\"6220\" class=\"elementor elementor-6220 elementor-2915\" data-elementor-post-type=\"page\">\n\t\t\t\t<div class=\"elementor-element elementor-element-ecbaf80 e-flex e-con-boxed e-con e-parent\" data-id=\"ecbaf80\" data-element_type=\"container\" data-e-type=\"container\">\n\t\t\t\t\t<div class=\"e-con-inner\">\n\t\t\t\t<div class=\"elementor-element elementor-element-e9e98a4 elementor-widget elementor-widget-text-editor\" data-id=\"e9e98a4\" data-element_type=\"widget\" data-e-type=\"widget\" data-widget_type=\"text-editor.default\">\n\t\t\t\t<div class=\"elementor-widget-container\">\n\t\t\t\t\t\t\t\t\t<h1>Impress\u00e3o<\/h1>\t\t\t\t\t\t\t\t<\/div>\n\t\t\t\t<\/div>\n\t\t\t\t<div class=\"elementor-element elementor-element-da06962 elementor-widget elementor-widget-text-editor\" data-id=\"da06962\" data-element_type=\"widget\" data-e-type=\"widget\" data-widget_type=\"text-editor.default\">\n\t\t\t\t<div class=\"elementor-widget-container\">\n\t\t\t\t\t\t\t\t\t<p><strong>Confedera\u00e7\u00e3o das Grandes Lojas da Europa e do Mediterr\u00e2neo (CGLEM)<\/strong><\/p><p>c\/o Gran Loggia Nazionale dei Liberi Muratori d&#8217;Italia<br>C\u00f3digo fiscal: 97165070588<\/p><p>Via Paolo Tosti n. 16\/E<br>00199 Roma<br>It\u00e1lia <br><br><\/p><p>Correio eletr\u00f3nico: info@cglem.org<br><br><\/p><p><strong>Forma jur\u00eddica:<\/strong><br>Associa\u00e7\u00e3o sem fins lucrativos (It\u00e1lia)<br><br><\/p><p><strong>Representado por (representante legal):<\/strong><br>Antonio Cuomo (Presidente)<br><br><\/p><p><strong>Respons\u00e1vel pelo conte\u00fado:<\/strong><br>Antonio Cuomo<br>(mesmo endere\u00e7o que o anterior)<br><br><\/p><p><strong>Representa\u00e7\u00e3o oficial<\/strong><\/p><p>A Confedera\u00e7\u00e3o das Grandes Lojas da Europa e do Mediterr\u00e2neo (CGLEM) \u00e9 uma associa\u00e7\u00e3o internacional dedicada a promover a coopera\u00e7\u00e3o, o reconhecimento m\u00fatuo e o di\u00e1logo entre as Grandes Lojas da Europa e da regi\u00e3o do Mediterr\u00e2neo.<\/p><p>Com sede em Roma, It\u00e1lia, a CGLEM serve de plataforma para o interc\u00e2mbio, a coordena\u00e7\u00e3o e o refor\u00e7o das rela\u00e7\u00f5es fraternas entre as Obedi\u00eancias Ma\u00e7\u00f3nicas reconhecidas.<br><br><\/p><p><strong>\u00c2mbito de aplica\u00e7\u00e3o deste s\u00edtio Web<\/strong><\/p><p>Este s\u00edtio Web \u00e9 uma plataforma informativa oficial da Confedera\u00e7\u00e3o das Grandes Lojas da Europa e do Mediterr\u00e2neo.<\/p>\t\t\t\t\t\t\t\t<\/div>\n\t\t\t\t<\/div>\n\t\t\t\t\t<\/div>\n\t\t\t\t<\/div>\n\t\t\t\t<\/div>\n\t\t","protected":false},"excerpt":{"rendered":"<p>Impress\u00e3o Confedera\u00e7\u00e3o das Grandes Lojas da Europa e do Mediterr\u00e2neo (CGLEM) c\/o Gran Loggia Nazionale dei Liberi Muratori d&#8217;ItaliaC\u00f3digo fiscal: 97165070588 Via Paolo Tosti n. 16\/E00199 RomaIt\u00e1lia Correio eletr\u00f3nico: info@cglem.org Forma jur\u00eddica:Associa\u00e7\u00e3o sem fins lucrativos (It\u00e1lia) Representado por (representante legal):Antonio Cuomo (Presidente) Respons\u00e1vel pelo conte\u00fado:Antonio Cuomo(mesmo endere\u00e7o que o anterior) Representa\u00e7\u00e3o oficial A Confedera\u00e7\u00e3o das [&hellip;]<\/p>\n","protected":false},"author":1,"featured_media":0,"parent":0,"menu_order":100,"comment_status":"closed","ping_status":"closed","template":"","meta":{"ngg_post_thumbnail":0,"footnotes":""},"class_list":["post-6220","page","type-page","status-publish","hentry"],"_links":{"self":[{"href":"https:\/\/cglem.org\/pt-pt\/wp-json\/wp\/v2\/pages\/6220","targetHints":{"allow":["GET"]}}],"collection":[{"href":"https:\/\/cglem.org\/pt-pt\/wp-json\/wp\/v2\/pages"}],"about":[{"href":"https:\/\/cglem.org\/pt-pt\/wp-json\/wp\/v2\/types\/page"}],"author":[{"embeddable":true,"href":"https:\/\/cglem.org\/pt-pt\/wp-json\/wp\/v2\/users\/1"}],"replies":[{"embeddable":true,"href":"https:\/\/cglem.org\/pt-pt\/wp-json\/wp\/v2\/comments?post=6220"}],"version-history":[{"count":2,"href":"https:\/\/cglem.org\/pt-pt\/wp-json\/wp\/v2\/pages\/6220\/revisions"}],"predecessor-version":[{"id":8621,"href":"https:\/\/cglem.org\/pt-pt\/wp-json\/wp\/v2\/pages\/6220\/revisions\/8621"}],"wp:attachment":[{"href":"https:\/\/cglem.org\/pt-pt\/wp-json\/wp\/v2\/media?parent=6220"}],"curies":[{"name":"wp","href":"https:\/\/api.w.org\/{rel}","templated":true}]}}