{"id":6240,"date":"2023-05-29T16:42:53","date_gmt":"2023-05-29T14:42:53","guid":{"rendered":"https:\/\/cglem.org\/privacy-policy\/"},"modified":"2026-03-22T08:02:34","modified_gmt":"2026-03-22T07:02:34","slug":"privacy-policy","status":"publish","type":"page","link":"https:\/\/cglem.org\/pt-pt\/privacy-policy\/","title":{"rendered":"Pol\u00edtica de Privacidade"},"content":{"rendered":"\t\t<div data-elementor-type=\"wp-page\" data-elementor-id=\"6240\" class=\"elementor elementor-6240 elementor-2923\" data-elementor-post-type=\"page\">\n\t\t\t\t<div class=\"elementor-element elementor-element-99e5b87 e-flex e-con-boxed e-con e-parent\" data-id=\"99e5b87\" data-element_type=\"container\" data-e-type=\"container\">\n\t\t\t\t\t<div class=\"e-con-inner\">\n\t\t\t\t<div class=\"elementor-element elementor-element-7a96460 elementor-widget elementor-widget-text-editor\" data-id=\"7a96460\" data-element_type=\"widget\" data-e-type=\"widget\" data-widget_type=\"text-editor.default\">\n\t\t\t\t<div class=\"elementor-widget-container\">\n\t\t\t\t\t\t\t\t\t<h1>Pol\u00edtica de Privacidade<\/h1>\t\t\t\t\t\t\t\t<\/div>\n\t\t\t\t<\/div>\n\t\t\t\t<div class=\"elementor-element elementor-element-3d5c46b elementor-widget elementor-widget-text-editor\" data-id=\"3d5c46b\" data-element_type=\"widget\" data-e-type=\"widget\" data-widget_type=\"text-editor.default\">\n\t\t\t\t<div class=\"elementor-widget-container\">\n\t\t\t\t\t\t\t\t\t<p><strong>1. Informa\u00e7\u00f5es gerais<\/strong><\/p><p>A prote\u00e7\u00e3o dos dados pessoais \u00e9 uma preocupa\u00e7\u00e3o importante da Confedera\u00e7\u00e3o das Grandes Lojas da Europa e do Mediterr\u00e2neo (CGLEM).<\/p><p>A presente Pol\u00edtica de Privacidade explica como os dados pessoais s\u00e3o recolhidos e tratados em conformidade com o Regulamento Geral sobre a Prote\u00e7\u00e3o de Dados (RGPD).<br><br><\/p><p><strong>2. Controlador<\/strong><\/p><p>O controlador respons\u00e1vel pelo processamento de dados neste s\u00edtio Web \u00e9:<\/p><p>Confederation of Grand Lodges of Europe &amp; the Mediterranean (CGLEM)<br>c\/o Gran Loggia Nazionale dei Liberi Muratori d&#8217;Italia<br>C\u00f3digo fiscal: 97165070588<\/p><p>Via Paolo Tosti n. 16\/E<br>00199 Rome<br>It\u00e1lia <\/p><p>Correio eletr\u00f3nico: info@cglem.org<br><br><\/p><p><strong>3. Alojamento<\/strong><\/p><p>Este s\u00edtio Web \u00e9 alojado por:<\/p><p>Hostinger International Ltd.<\/p><p>O fornecedor de alojamento processa dados pessoais (como endere\u00e7os IP) para garantir o funcionamento seguro e fi\u00e1vel do s\u00edtio Web.<\/p><p>Foi celebrado um acordo de processamento de dados (DPA) em conformidade com o Art. 28 DO RGPD.<br><br><\/p><p><strong>4. Ficheiros de registo do servidor<\/strong><\/p><p>O fornecedor de alojamento recolhe e armazena automaticamente informa\u00e7\u00f5es nos ficheiros de registo do servidor, incluindo:<\/p><p>Endere\u00e7o IP<br>Tipo e vers\u00e3o do navegador<br>Sistema operativo<br>URL de refer\u00eancia<br>Hora do pedido<\/p><p>Estes dados s\u00e3o tratados exclusivamente para fins de controlo t\u00e9cnico e de seguran\u00e7a.<br><br><\/p><p><strong>5. Cookies e consentimento<\/strong> <strong>Gest\u00e3o<\/strong><\/p><p>Este s\u00edtio Web utiliza cookies.<\/p><p>O consentimento do utilizador \u00e9 gerido atrav\u00e9s do Borlabs Cookie, garantindo que os cookies n\u00e3o essenciais s\u00f3 s\u00e3o definidos ap\u00f3s consentimento expl\u00edcito do utilizador.<\/p><p>Os utilizadores podem modificar ou retirar o seu consentimento em qualquer altura atrav\u00e9s das defini\u00e7\u00f5es de cookies.<br><br><\/p><p><strong>6. Google Analytics<\/strong><\/p><p>Este s\u00edtio Web utiliza o Google Analytics, um servi\u00e7o de an\u00e1lise da Web fornecido pela Google Ireland Limited.<\/p><p>O Google Analytics utiliza cookies para analisar a forma como os utilizadores interagem com o s\u00edtio Web.<\/p><p>O processamento baseia-se exclusivamente no consentimento do utilizador (art. 6.\u00ba, n.\u00ba 1, al\u00ednea a) do RGPD). <\/p><p>A anonimiza\u00e7\u00e3o do IP est\u00e1 activada, garantindo que os endere\u00e7os IP s\u00e3o encurtados na Uni\u00e3o Europeia antes da transmiss\u00e3o.<\/p><p>Os utilizadores podem retirar o seu consentimento a qualquer momento atrav\u00e9s das defini\u00e7\u00f5es de cookies.<br><br><\/p><p><strong>7. Formul\u00e1rios de contacto e de registo<\/strong><br>Formul\u00e1rio de contacto (Elementor)<\/p><p>Quando os utilizadores nos contactam atrav\u00e9s do formul\u00e1rio de contacto, podem ser processados os seguintes dados:<\/p><p>Nome<br>Endere\u00e7o de correio eletr\u00f3nico<br>Mensagem<\/p><p>Estes dados s\u00e3o utilizados exclusivamente para processar o pedido de informa\u00e7\u00e3o.<\/p><p>Formul\u00e1rios de inscri\u00e7\u00e3o (Formidable Forms)<\/p><p>Os processos de registo e de comunica\u00e7\u00e3o s\u00e3o geridos atrav\u00e9s de Formidable Forms.<\/p><p>Consoante o formul\u00e1rio, podem ser recolhidos os seguintes dados:<\/p><p>Nome<br>Endere\u00e7o de correio eletr\u00f3nico<br>Informa\u00e7\u00f5es adicionais fornecidas voluntariamente<\/p><p>O tratamento dos dados limita-se \u00e0 finalidade de tratar o respetivo pedido.<\/p><p>Base jur\u00eddica:<\/p><p>Art. 6(1)(b) do RGPD (medidas pr\u00e9-contratuais)<br>Art. 6(1)(a) do RGPD (consentimento)<br><br> 8<strong>. Comunica\u00e7\u00e3o por correio eletr\u00f3nico<\/strong><\/p><p>Se os utilizadores nos contactarem por correio eletr\u00f3nico, os dados transmitidos ser\u00e3o armazenados e processados para efeitos de tratamento do pedido.<br><br><\/p><p><strong>9. Fontes locais<\/strong><\/p><p>Todos os tipos de letra utilizados neste s\u00edtio Web est\u00e3o alojados localmente.<br>N\u00e3o \u00e9 estabelecida qualquer liga\u00e7\u00e3o a fornecedores de tipos de letra externos.<br><br><\/p><p><strong>10. Desempenho e otimiza\u00e7\u00e3o do s\u00edtio Web<\/strong><\/p><p>Este s\u00edtio Web utiliza o WP Rocket para otimizar a velocidade de carregamento e o desempenho.<\/p><p>Estes processos n\u00e3o implicam o tratamento de dados pessoais para al\u00e9m do que \u00e9 tecnicamente necess\u00e1rio.<br><br><\/p><p><strong>11. Ferramentas de SEO<\/strong><\/p><p>Utilizamos o The SEO Framework para melhorar a visibilidade do nosso s\u00edtio Web nos motores de busca.<\/p><p>N\u00e3o s\u00e3o tratados dados pessoais para al\u00e9m da funcionalidade normal do s\u00edtio Web.<br><br><\/p><p><strong>12. Utiliza\u00e7\u00e3o do blogue<\/strong><\/p><p>Este s\u00edtio Web inclui uma sec\u00e7\u00e3o de blogue.<\/p><p>N\u00e3o s\u00e3o necess\u00e1rias contas de utilizador<br>N\u00e3o \u00e9 fornecida qualquer funcionalidade de coment\u00e1rio<br>N\u00e3o s\u00e3o recolhidos dados pessoais quando se acede ao conte\u00fado do blogue<br><br><strong>13. Reten\u00e7\u00e3o de dados<\/strong><\/p><p>Os dados pessoais s\u00e3o conservados apenas durante o tempo necess\u00e1rio:<\/p><p>Pedidos de contacto: at\u00e9 o pedido ser totalmente processado<br>Obriga\u00e7\u00f5es legais: de acordo com os per\u00edodos de reten\u00e7\u00e3o estatut\u00e1rios aplic\u00e1veis<br><br><strong>14. Direitos do titular dos dados<\/strong><\/p><p>Nos termos do RGPD, os utilizadores t\u00eam os seguintes direitos:<\/p><p>Direito de acesso (Art. 15.\u00ba do RGPD)<br>Direito de retifica\u00e7\u00e3o (Art. 16.\u00ba do RGPD)<br>Direito de apagamento (Art. 17.\u00ba do RGPD)<br>Direito \u00e0 limita\u00e7\u00e3o do tratamento (Art. 18.\u00ba do RGPD)<br>Direito \u00e0 portabilidade dos dados (Art. 20.\u00ba do RGPD)<br>Direito de oposi\u00e7\u00e3o (Art. 21.\u00ba do RGPD)<\/p><p>Os utilizadores t\u00eam tamb\u00e9m o direito de apresentar uma queixa a uma autoridade de controlo.<br><br><\/p><p><strong>15. Retirada do consentimento<\/strong><\/p><p>Quando o tratamento de dados se baseia no consentimento, os utilizadores podem retirar o seu consentimento a qualquer momento, com efeitos futuros.<br><br><\/p><p><strong>16. Medidas de seguran\u00e7a<\/strong><\/p><p>Implementamos medidas t\u00e9cnicas e organizacionais adequadas para proteger os dados pessoais contra acesso n\u00e3o autorizado, perda ou utiliza\u00e7\u00e3o indevida.<\/p>\t\t\t\t\t\t\t\t<\/div>\n\t\t\t\t<\/div>\n\t\t\t\t\t<\/div>\n\t\t\t\t<\/div>\n\t\t\t\t<\/div>\n\t\t","protected":false},"excerpt":{"rendered":"<p>Pol\u00edtica de Privacidade 1. Informa\u00e7\u00f5es gerais A prote\u00e7\u00e3o dos dados pessoais \u00e9 uma preocupa\u00e7\u00e3o importante da Confedera\u00e7\u00e3o das Grandes Lojas da Europa e do Mediterr\u00e2neo (CGLEM). A presente Pol\u00edtica de Privacidade explica como os dados pessoais s\u00e3o recolhidos e tratados em conformidade com o Regulamento Geral sobre a Prote\u00e7\u00e3o de Dados (RGPD). 2. Controlador O [&hellip;]<\/p>\n","protected":false},"author":1,"featured_media":0,"parent":0,"menu_order":101,"comment_status":"closed","ping_status":"closed","template":"","meta":{"ngg_post_thumbnail":0,"footnotes":""},"class_list":["post-6240","page","type-page","status-publish","hentry"],"_links":{"self":[{"href":"https:\/\/cglem.org\/pt-pt\/wp-json\/wp\/v2\/pages\/6240","targetHints":{"allow":["GET"]}}],"collection":[{"href":"https:\/\/cglem.org\/pt-pt\/wp-json\/wp\/v2\/pages"}],"about":[{"href":"https:\/\/cglem.org\/pt-pt\/wp-json\/wp\/v2\/types\/page"}],"author":[{"embeddable":true,"href":"https:\/\/cglem.org\/pt-pt\/wp-json\/wp\/v2\/users\/1"}],"replies":[{"embeddable":true,"href":"https:\/\/cglem.org\/pt-pt\/wp-json\/wp\/v2\/comments?post=6240"}],"version-history":[{"count":2,"href":"https:\/\/cglem.org\/pt-pt\/wp-json\/wp\/v2\/pages\/6240\/revisions"}],"predecessor-version":[{"id":8638,"href":"https:\/\/cglem.org\/pt-pt\/wp-json\/wp\/v2\/pages\/6240\/revisions\/8638"}],"wp:attachment":[{"href":"https:\/\/cglem.org\/pt-pt\/wp-json\/wp\/v2\/media?parent=6240"}],"curies":[{"name":"wp","href":"https:\/\/api.w.org\/{rel}","templated":true}]}}